{"id":1053,"date":"2025-10-24T19:19:01","date_gmt":"2025-10-24T17:19:01","guid":{"rendered":"https:\/\/www.een.sk\/?page_id=1053"},"modified":"2025-11-12T16:54:36","modified_gmt":"2025-11-12T15:54:36","slug":"publikacie","status":"publish","type":"page","link":"https:\/\/www.een.sk\/en\/publikacie","title":{"rendered":"Publik\u00e1cie"},"content":{"rendered":"<div data-elementor-type=\"wp-page\" data-elementor-id=\"1053\" class=\"elementor elementor-1053\" data-elementor-post-type=\"page\">\n\t\t\t\t<div class=\"elementor-element elementor-element-5ba4e706 e-flex e-con-boxed e-con e-parent\" data-id=\"5ba4e706\" data-element_type=\"container\">\n\t\t\t\t\t<div class=\"e-con-inner\">\n\t\t\t\t\t<\/div>\n\t\t\t\t<\/div>\n\t\t<div class=\"elementor-element elementor-element-28f75dd5 e-flex e-con-boxed e-con e-parent\" data-id=\"28f75dd5\" data-element_type=\"container\">\n\t\t\t\t\t<div class=\"e-con-inner\">\n\t\t\t\t<div class=\"elementor-element elementor-element-72e6517b elementor-grid-3 elementor-grid-tablet-2 elementor-grid-mobile-1 elementor-posts--thumbnail-top elementor-widget elementor-widget-posts\" data-id=\"72e6517b\" data-element_type=\"widget\" data-settings=\"{&quot;classic_columns&quot;:&quot;3&quot;,&quot;classic_columns_tablet&quot;:&quot;2&quot;,&quot;classic_columns_mobile&quot;:&quot;1&quot;,&quot;classic_row_gap&quot;:{&quot;unit&quot;:&quot;px&quot;,&quot;size&quot;:35,&quot;sizes&quot;:[]},&quot;classic_row_gap_laptop&quot;:{&quot;unit&quot;:&quot;px&quot;,&quot;size&quot;:&quot;&quot;,&quot;sizes&quot;:[]},&quot;classic_row_gap_tablet&quot;:{&quot;unit&quot;:&quot;px&quot;,&quot;size&quot;:&quot;&quot;,&quot;sizes&quot;:[]},&quot;classic_row_gap_mobile&quot;:{&quot;unit&quot;:&quot;px&quot;,&quot;size&quot;:&quot;&quot;,&quot;sizes&quot;:[]}}\" data-widget_type=\"posts.classic\">\n\t\t\t\t<div class=\"elementor-widget-container\">\n\t\t\t\t\t\t\t<div class=\"elementor-posts-container elementor-posts elementor-posts--skin-classic elementor-grid\" role=\"list\">\n\t\t\t\t<article class=\"elementor-post elementor-grid-item post-1050 post type-post status-publish format-standard has-post-thumbnail hentry category-publikacie\" role=\"listitem\">\n\t\t\t\t<a class=\"elementor-post__thumbnail__link\" href=\"https:\/\/www.een.sk\/en\/ako-ochranit-obchodne-tajomstvo-a-know-how\" tabindex=\"-1\" >\n\t\t\t<div class=\"elementor-post__thumbnail\"><img fetchpriority=\"high\" decoding=\"async\" width=\"300\" height=\"209\" src=\"https:\/\/www.een.sk\/wp-content\/uploads\/2025\/10\/idea-300x209.jpg\" class=\"attachment-medium size-medium wp-image-1524\" alt=\"\" srcset=\"https:\/\/www.een.sk\/wp-content\/uploads\/2025\/10\/idea-300x209.jpg 300w, https:\/\/www.een.sk\/wp-content\/uploads\/2025\/10\/idea-1024x712.jpg 1024w, https:\/\/www.een.sk\/wp-content\/uploads\/2025\/10\/idea-768x534.jpg 768w, https:\/\/www.een.sk\/wp-content\/uploads\/2025\/10\/idea-1536x1068.jpg 1536w, https:\/\/www.een.sk\/wp-content\/uploads\/2025\/10\/idea-2048x1423.jpg 2048w, https:\/\/www.een.sk\/wp-content\/uploads\/2025\/10\/idea-18x12.jpg 18w\" sizes=\"(max-width: 300px) 100vw, 300px\" \/><\/div>\n\t\t<\/a>\n\t\t\t\t<div class=\"elementor-post__text\">\n\t\t\t\t<h3 class=\"elementor-post__title\">\n\t\t\t<a href=\"https:\/\/www.een.sk\/en\/ako-ochranit-obchodne-tajomstvo-a-know-how\" >\n\t\t\t\tAko ochr\u00e1ni\u0165 obchodn\u00e9 tajomstvo a know-how\t\t\t<\/a>\n\t\t<\/h3>\n\t\t\t\t<div class=\"elementor-post__meta-data\">\n\t\t\t\t\t<span class=\"elementor-post-date\">\n\t\t\t24 October, 2025\t\t<\/span>\n\t\t\t\t<\/div>\n\t\t\t\t<div class=\"elementor-post__excerpt\">\n\t\t\t<p>Nechajte si konkuren\u010dn\u00fa v\u00fdhodu pre seba: Chr\u00e1\u0148te svoje obchodn\u00e9 tajomstvo Nie v\u0161etko cenn\u00e9 vo firme sa d\u00e1 patentova\u0165. Recept\u00fary, v\u00fdrobn\u00e9 procesy, zoznamy klientov \u010di intern\u00e9 strat\u00e9gie \u2013 to v\u0161etko m\u00f4\u017ee<\/p>\n\t\t<\/div>\n\t\t\n\t\t<a class=\"elementor-post__read-more\" href=\"https:\/\/www.een.sk\/en\/ako-ochranit-obchodne-tajomstvo-a-know-how\" aria-label=\"Read more about Ako ochr\u00e1ni\u0165 obchodn\u00e9 tajomstvo a know-how\" tabindex=\"-1\" >\n\t\t\t\u010c\u00edta\u0165 viac \u00bb\t\t<\/a>\n\n\t\t\t\t<\/div>\n\t\t\t\t<\/article>\n\t\t\t\t<article class=\"elementor-post elementor-grid-item post-1048 post type-post status-publish format-standard has-post-thumbnail hentry category-publikacie\" role=\"listitem\">\n\t\t\t\t<a class=\"elementor-post__thumbnail__link\" href=\"https:\/\/www.een.sk\/en\/dusevne-vlastnictvo-jeho-ochrana-a-preco-su-dolezite-pre-male-a-stredne-podniky\" tabindex=\"-1\" >\n\t\t\t<div class=\"elementor-post__thumbnail\"><img decoding=\"async\" width=\"300\" height=\"251\" src=\"https:\/\/www.een.sk\/wp-content\/uploads\/2025\/10\/dusevne_vlastnictvo_jeho_ochrana_a_preco_su_dolezite_pre_male_a_stredne_podniky-300x251.png\" class=\"attachment-medium size-medium wp-image-852\" alt=\"\" srcset=\"https:\/\/www.een.sk\/wp-content\/uploads\/2025\/10\/dusevne_vlastnictvo_jeho_ochrana_a_preco_su_dolezite_pre_male_a_stredne_podniky-300x251.png 300w, https:\/\/www.een.sk\/wp-content\/uploads\/2025\/10\/dusevne_vlastnictvo_jeho_ochrana_a_preco_su_dolezite_pre_male_a_stredne_podniky-768x644.png 768w, https:\/\/www.een.sk\/wp-content\/uploads\/2025\/10\/dusevne_vlastnictvo_jeho_ochrana_a_preco_su_dolezite_pre_male_a_stredne_podniky-14x12.png 14w, https:\/\/www.een.sk\/wp-content\/uploads\/2025\/10\/dusevne_vlastnictvo_jeho_ochrana_a_preco_su_dolezite_pre_male_a_stredne_podniky.png 940w\" sizes=\"(max-width: 300px) 100vw, 300px\" \/><\/div>\n\t\t<\/a>\n\t\t\t\t<div class=\"elementor-post__text\">\n\t\t\t\t<h3 class=\"elementor-post__title\">\n\t\t\t<a href=\"https:\/\/www.een.sk\/en\/dusevne-vlastnictvo-jeho-ochrana-a-preco-su-dolezite-pre-male-a-stredne-podniky\" >\n\t\t\t\tDu\u0161evn\u00e9 vlastn\u00edctvo, jeho ochrana a pre\u010do s\u00fa d\u00f4le\u017eit\u00e9 pre mal\u00e9 a stredn\u00e9 podniky\t\t\t<\/a>\n\t\t<\/h3>\n\t\t\t\t<div class=\"elementor-post__meta-data\">\n\t\t\t\t\t<span class=\"elementor-post-date\">\n\t\t\t24 October, 2025\t\t<\/span>\n\t\t\t\t<\/div>\n\t\t\t\t<div class=\"elementor-post__excerpt\">\n\t\t\t<p>Va\u0161a konkuren\u010dn\u00e1 v\u00fdhoda si zasl\u00fa\u017ei ochranu Inovat\u00edvne n\u00e1pady, v\u00fdrobn\u00e9 recept\u00fary, dizajny, zna\u010dky, know-how \u2013 v\u0161etko, \u010do va\u0161a firma vytv\u00e1ra, m\u00e1 hodnotu. No bez spr\u00e1vnej ochrany m\u00f4\u017eu tieto nehmotn\u00e9 akt\u00edva r\u00fdchlo<\/p>\n\t\t<\/div>\n\t\t\n\t\t<a class=\"elementor-post__read-more\" href=\"https:\/\/www.een.sk\/en\/dusevne-vlastnictvo-jeho-ochrana-a-preco-su-dolezite-pre-male-a-stredne-podniky\" aria-label=\"Read more about Du\u0161evn\u00e9 vlastn\u00edctvo, jeho ochrana a pre\u010do s\u00fa d\u00f4le\u017eit\u00e9 pre mal\u00e9 a stredn\u00e9 podniky\" tabindex=\"-1\" >\n\t\t\t\u010c\u00edta\u0165 viac \u00bb\t\t<\/a>\n\n\t\t\t\t<\/div>\n\t\t\t\t<\/article>\n\t\t\t\t<article class=\"elementor-post elementor-grid-item post-1043 post type-post status-publish format-standard has-post-thumbnail hentry category-publikacie\" role=\"listitem\">\n\t\t\t\t<a class=\"elementor-post__thumbnail__link\" href=\"https:\/\/www.een.sk\/en\/podpora-inovacii-so-sietou-enterprise-europe-network\" tabindex=\"-1\" >\n\t\t\t<div class=\"elementor-post__thumbnail\"><img decoding=\"async\" width=\"300\" height=\"251\" src=\"https:\/\/www.een.sk\/wp-content\/uploads\/2025\/10\/dusevne_vlastnictvo_jeho_ochrana_a_preco_su_dolezite_pre_male_a_stredne_podniky_-_kopia-300x251.png\" class=\"attachment-medium size-medium wp-image-853\" alt=\"\" srcset=\"https:\/\/www.een.sk\/wp-content\/uploads\/2025\/10\/dusevne_vlastnictvo_jeho_ochrana_a_preco_su_dolezite_pre_male_a_stredne_podniky_-_kopia-300x251.png 300w, https:\/\/www.een.sk\/wp-content\/uploads\/2025\/10\/dusevne_vlastnictvo_jeho_ochrana_a_preco_su_dolezite_pre_male_a_stredne_podniky_-_kopia-768x644.png 768w, https:\/\/www.een.sk\/wp-content\/uploads\/2025\/10\/dusevne_vlastnictvo_jeho_ochrana_a_preco_su_dolezite_pre_male_a_stredne_podniky_-_kopia-14x12.png 14w, https:\/\/www.een.sk\/wp-content\/uploads\/2025\/10\/dusevne_vlastnictvo_jeho_ochrana_a_preco_su_dolezite_pre_male_a_stredne_podniky_-_kopia.png 940w\" sizes=\"(max-width: 300px) 100vw, 300px\" \/><\/div>\n\t\t<\/a>\n\t\t\t\t<div class=\"elementor-post__text\">\n\t\t\t\t<h3 class=\"elementor-post__title\">\n\t\t\t<a href=\"https:\/\/www.een.sk\/en\/podpora-inovacii-so-sietou-enterprise-europe-network\" >\n\t\t\t\tPodpora inov\u00e1ci\u00ed so sie\u0165ou Enterprise Europe Network\t\t\t<\/a>\n\t\t<\/h3>\n\t\t\t\t<div class=\"elementor-post__meta-data\">\n\t\t\t\t\t<span class=\"elementor-post-date\">\n\t\t\t24 October, 2025\t\t<\/span>\n\t\t\t\t<\/div>\n\t\t\t\t<div class=\"elementor-post__excerpt\">\n\t\t\t<p>Enterprise Europe Network pom\u00e1ha firm\u00e1m inovova\u0165 a r\u00e1s\u0165 na medzin\u00e1rodn\u00fdch trhoch. Poskytuje poradenstvo v oblasti inov\u00e1ci\u00ed, ochrany du\u0161evn\u00e9ho vlastn\u00edctva a financovania v\u00fdskumu. Prep\u00e1ja podniky s technologick\u00fdmi a v\u00fdskumn\u00fdmi partnermi po<\/p>\n\t\t<\/div>\n\t\t\n\t\t<a class=\"elementor-post__read-more\" href=\"https:\/\/www.een.sk\/en\/podpora-inovacii-so-sietou-enterprise-europe-network\" aria-label=\"Read more about Podpora inov\u00e1ci\u00ed so sie\u0165ou Enterprise Europe Network\" tabindex=\"-1\" >\n\t\t\t\u010c\u00edta\u0165 viac \u00bb\t\t<\/a>\n\n\t\t\t\t<\/div>\n\t\t\t\t<\/article>\n\t\t\t\t<article class=\"elementor-post elementor-grid-item post-851 post type-post status-publish format-standard has-post-thumbnail hentry category-publikacie\" role=\"listitem\">\n\t\t\t\t<a class=\"elementor-post__thumbnail__link\" href=\"https:\/\/www.een.sk\/en\/chrante-svoje-inovacie\" tabindex=\"-1\" >\n\t\t\t<div class=\"elementor-post__thumbnail\"><img loading=\"lazy\" decoding=\"async\" width=\"300\" height=\"199\" src=\"https:\/\/www.een.sk\/wp-content\/uploads\/2025\/12\/Dizajn-bez-nazvu-300x199.png\" class=\"attachment-medium size-medium wp-image-1602\" alt=\"\" srcset=\"https:\/\/www.een.sk\/wp-content\/uploads\/2025\/12\/Dizajn-bez-nazvu-300x199.png 300w, https:\/\/www.een.sk\/wp-content\/uploads\/2025\/12\/Dizajn-bez-nazvu-768x508.png 768w, https:\/\/www.een.sk\/wp-content\/uploads\/2025\/12\/Dizajn-bez-nazvu-18x12.png 18w, https:\/\/www.een.sk\/wp-content\/uploads\/2025\/12\/Dizajn-bez-nazvu.png 775w\" sizes=\"(max-width: 300px) 100vw, 300px\" \/><\/div>\n\t\t<\/a>\n\t\t\t\t<div class=\"elementor-post__text\">\n\t\t\t\t<h3 class=\"elementor-post__title\">\n\t\t\t<a href=\"https:\/\/www.een.sk\/en\/chrante-svoje-inovacie\" >\n\t\t\t\tChr\u00e1\u0148te svoje inov\u00e1cie\t\t\t<\/a>\n\t\t<\/h3>\n\t\t\t\t<div class=\"elementor-post__meta-data\">\n\t\t\t\t\t<span class=\"elementor-post-date\">\n\t\t\t20 October, 2025\t\t<\/span>\n\t\t\t\t<\/div>\n\t\t\t\t<div class=\"elementor-post__excerpt\">\n\t\t\t<p>Inov\u00e1cie s\u00fa z\u00e1kladom \u00faspechu \u2013 ich ochrana je z\u00e1kladom pre\u017eitia. Spr\u00e1vne nastaven\u00e1 strat\u00e9gia du\u0161evn\u00e9ho vlastn\u00edctva chr\u00e1ni pred konkurenciou a prin\u00e1\u0161a nov\u00e9 zdroje pr\u00edjmov. Va\u0161a zna\u010dka, produkty a rie\u0161enia si zasl\u00fa\u017eia<\/p>\n\t\t<\/div>\n\t\t\n\t\t<a class=\"elementor-post__read-more\" href=\"https:\/\/www.een.sk\/en\/chrante-svoje-inovacie\" aria-label=\"Read more about Chr\u00e1\u0148te svoje inov\u00e1cie\" tabindex=\"-1\" >\n\t\t\t\u010c\u00edta\u0165 viac \u00bb\t\t<\/a>\n\n\t\t\t\t<\/div>\n\t\t\t\t<\/article>\n\t\t\t\t<\/div>\n\t\t\n\t\t\t\t\t\t<\/div>\n\t\t\t\t<\/div>\n\t\t\t\t\t<\/div>\n\t\t\t\t<\/div>\n\t\t\t\t<\/div>","protected":false},"excerpt":{"rendered":"","protected":false},"author":1,"featured_media":0,"parent":0,"menu_order":0,"comment_status":"closed","ping_status":"closed","template":"elementor_header_footer","meta":{"footnotes":""},"class_list":["post-1053","page","type-page","status-publish","hentry"],"yoast_head":"<!-- This site is optimized with the Yoast SEO plugin v26.0 - https:\/\/yoast.com\/wordpress\/plugins\/seo\/ -->\n<title>Publik\u00e1cie - Enterprise Europe Network<\/title>\n<meta name=\"robots\" content=\"index, follow, max-snippet:-1, max-image-preview:large, max-video-preview:-1\" \/>\n<link rel=\"canonical\" href=\"https:\/\/www.een.sk\/en\/publikacie\/\" \/>\n<meta property=\"og:locale\" content=\"en_GB\" \/>\n<meta property=\"og:type\" content=\"article\" \/>\n<meta property=\"og:title\" content=\"Publik\u00e1cie - Enterprise Europe Network\" \/>\n<meta property=\"og:url\" content=\"https:\/\/www.een.sk\/en\/publikacie\/\" \/>\n<meta property=\"og:site_name\" content=\"Enterprise Europe Network\" \/>\n<meta property=\"article:modified_time\" content=\"2025-11-12T15:54:36+00:00\" \/>\n<meta name=\"twitter:card\" content=\"summary_large_image\" \/>\n<meta name=\"twitter:label1\" content=\"Estimated reading time\" \/>\n\t<meta name=\"twitter:data1\" content=\"3 minutes\" \/>\n<script type=\"application\/ld+json\" class=\"yoast-schema-graph\">{\"@context\":\"https:\/\/schema.org\",\"@graph\":[{\"@type\":\"WebPage\",\"@id\":\"https:\/\/www.een.sk\/publikacie\",\"url\":\"https:\/\/www.een.sk\/publikacie\",\"name\":\"Publik\u00e1cie - Enterprise Europe Network\",\"isPartOf\":{\"@id\":\"https:\/\/www.een.sk\/#website\"},\"datePublished\":\"2025-10-24T17:19:01+00:00\",\"dateModified\":\"2025-11-12T15:54:36+00:00\",\"breadcrumb\":{\"@id\":\"https:\/\/www.een.sk\/publikacie#breadcrumb\"},\"inLanguage\":\"en-GB\",\"potentialAction\":[{\"@type\":\"ReadAction\",\"target\":[\"https:\/\/www.een.sk\/publikacie\"]}]},{\"@type\":\"BreadcrumbList\",\"@id\":\"https:\/\/www.een.sk\/publikacie#breadcrumb\",\"itemListElement\":[{\"@type\":\"ListItem\",\"position\":1,\"name\":\"Domovsk\u00e1 str\u00e1nka\",\"item\":\"https:\/\/www.een.sk\/\"},{\"@type\":\"ListItem\",\"position\":2,\"name\":\"Publik\u00e1cie\"}]},{\"@type\":\"WebSite\",\"@id\":\"https:\/\/www.een.sk\/#website\",\"url\":\"https:\/\/www.een.sk\/\",\"name\":\"Enterprise Europe Network\",\"description\":\"Pom\u00e1hame V\u00e1m inovova\u0165 a medzin\u00e1rodne r\u00e1s\u0165\",\"publisher\":{\"@id\":\"https:\/\/www.een.sk\/#organization\"},\"potentialAction\":[{\"@type\":\"SearchAction\",\"target\":{\"@type\":\"EntryPoint\",\"urlTemplate\":\"https:\/\/www.een.sk\/?s={search_term_string}\"},\"query-input\":{\"@type\":\"PropertyValueSpecification\",\"valueRequired\":true,\"valueName\":\"search_term_string\"}}],\"inLanguage\":\"en-GB\"},{\"@type\":\"Organization\",\"@id\":\"https:\/\/www.een.sk\/#organization\",\"name\":\"Enterprise Europe Network\",\"url\":\"https:\/\/www.een.sk\/\",\"logo\":{\"@type\":\"ImageObject\",\"inLanguage\":\"en-GB\",\"@id\":\"https:\/\/www.een.sk\/#\/schema\/logo\/image\/\",\"url\":\"https:\/\/www.een.sk\/wp-content\/uploads\/2025\/10\/EEN.png\",\"contentUrl\":\"https:\/\/www.een.sk\/wp-content\/uploads\/2025\/10\/EEN.png\",\"width\":851,\"height\":300,\"caption\":\"Enterprise Europe Network\"},\"image\":{\"@id\":\"https:\/\/www.een.sk\/#\/schema\/logo\/image\/\"}}]}<\/script>\n<!-- \/ Yoast SEO plugin. -->","yoast_head_json":{"title":"Publik\u00e1cie - Enterprise Europe Network","robots":{"index":"index","follow":"follow","max-snippet":"max-snippet:-1","max-image-preview":"max-image-preview:large","max-video-preview":"max-video-preview:-1"},"canonical":"https:\/\/www.een.sk\/en\/publikacie\/","og_locale":"en_GB","og_type":"article","og_title":"Publik\u00e1cie - Enterprise Europe Network","og_url":"https:\/\/www.een.sk\/en\/publikacie\/","og_site_name":"Enterprise Europe Network","article_modified_time":"2025-11-12T15:54:36+00:00","twitter_card":"summary_large_image","twitter_misc":{"Estimated reading time":"3 minutes"},"schema":{"@context":"https:\/\/schema.org","@graph":[{"@type":"WebPage","@id":"https:\/\/www.een.sk\/publikacie","url":"https:\/\/www.een.sk\/publikacie","name":"Publik\u00e1cie - Enterprise Europe Network","isPartOf":{"@id":"https:\/\/www.een.sk\/#website"},"datePublished":"2025-10-24T17:19:01+00:00","dateModified":"2025-11-12T15:54:36+00:00","breadcrumb":{"@id":"https:\/\/www.een.sk\/publikacie#breadcrumb"},"inLanguage":"en-GB","potentialAction":[{"@type":"ReadAction","target":["https:\/\/www.een.sk\/publikacie"]}]},{"@type":"BreadcrumbList","@id":"https:\/\/www.een.sk\/publikacie#breadcrumb","itemListElement":[{"@type":"ListItem","position":1,"name":"Domovsk\u00e1 str\u00e1nka","item":"https:\/\/www.een.sk\/"},{"@type":"ListItem","position":2,"name":"Publik\u00e1cie"}]},{"@type":"WebSite","@id":"https:\/\/www.een.sk\/#website","url":"https:\/\/www.een.sk\/","name":"Enterprise Europe Network","description":"Pom\u00e1hame V\u00e1m inovova\u0165 a medzin\u00e1rodne r\u00e1s\u0165","publisher":{"@id":"https:\/\/www.een.sk\/#organization"},"potentialAction":[{"@type":"SearchAction","target":{"@type":"EntryPoint","urlTemplate":"https:\/\/www.een.sk\/?s={search_term_string}"},"query-input":{"@type":"PropertyValueSpecification","valueRequired":true,"valueName":"search_term_string"}}],"inLanguage":"en-GB"},{"@type":"Organization","@id":"https:\/\/www.een.sk\/#organization","name":"Enterprise Europe Network","url":"https:\/\/www.een.sk\/","logo":{"@type":"ImageObject","inLanguage":"en-GB","@id":"https:\/\/www.een.sk\/#\/schema\/logo\/image\/","url":"https:\/\/www.een.sk\/wp-content\/uploads\/2025\/10\/EEN.png","contentUrl":"https:\/\/www.een.sk\/wp-content\/uploads\/2025\/10\/EEN.png","width":851,"height":300,"caption":"Enterprise Europe Network"},"image":{"@id":"https:\/\/www.een.sk\/#\/schema\/logo\/image\/"}}]}},"_links":{"self":[{"href":"https:\/\/www.een.sk\/en\/wp-json\/wp\/v2\/pages\/1053","targetHints":{"allow":["GET"]}}],"collection":[{"href":"https:\/\/www.een.sk\/en\/wp-json\/wp\/v2\/pages"}],"about":[{"href":"https:\/\/www.een.sk\/en\/wp-json\/wp\/v2\/types\/page"}],"author":[{"embeddable":true,"href":"https:\/\/www.een.sk\/en\/wp-json\/wp\/v2\/users\/1"}],"replies":[{"embeddable":true,"href":"https:\/\/www.een.sk\/en\/wp-json\/wp\/v2\/comments?post=1053"}],"version-history":[{"count":13,"href":"https:\/\/www.een.sk\/en\/wp-json\/wp\/v2\/pages\/1053\/revisions"}],"predecessor-version":[{"id":1442,"href":"https:\/\/www.een.sk\/en\/wp-json\/wp\/v2\/pages\/1053\/revisions\/1442"}],"wp:attachment":[{"href":"https:\/\/www.een.sk\/en\/wp-json\/wp\/v2\/media?parent=1053"}],"curies":[{"name":"wp","href":"https:\/\/api.w.org\/{rel}","templated":true}]}}