{"id":168,"date":"2025-10-01T19:44:57","date_gmt":"2025-10-01T17:44:57","guid":{"rendered":"https:\/\/www.een.sk\/?page_id=168"},"modified":"2026-02-08T17:06:00","modified_gmt":"2026-02-08T16:06:00","slug":"o-nas","status":"publish","type":"page","link":"https:\/\/www.een.sk\/en\/o-nas","title":{"rendered":"About us"},"content":{"rendered":"<div data-elementor-type=\"wp-page\" data-elementor-id=\"168\" class=\"elementor elementor-168\" data-elementor-post-type=\"page\">\n\t\t\t\t<div class=\"elementor-element elementor-element-cafd54e e-flex e-con-boxed e-con e-parent\" data-id=\"cafd54e\" data-element_type=\"container\">\n\t\t\t\t\t<div class=\"e-con-inner\">\n\t\t\t\t\t<\/div>\n\t\t\t\t<\/div>\n\t\t<div class=\"elementor-element elementor-element-9560168 e-grid e-con-boxed e-con e-parent\" data-id=\"9560168\" data-element_type=\"container\">\n\t\t\t\t\t<div class=\"e-con-inner\">\n\t\t<div class=\"elementor-element elementor-element-4173056 e-con-full e-flex e-con e-child\" data-id=\"4173056\" data-element_type=\"container\">\n\t\t\t\t<div class=\"elementor-element elementor-element-2768f27 elementor-widget elementor-widget-text-editor\" data-id=\"2768f27\" data-element_type=\"widget\" data-widget_type=\"text-editor.default\">\n\t\t\t\t\t\t\t\t\t<p>As partners of the EEN network, we combine our expertise in cross-border cooperation with in-depth knowledge of the local environment in order to support the penetration of innovations into new markets. In doing so, we help your business grow faster, create new business partnerships, and gain access to financing.<\/p><p>As part of the services of Enterprise Europe Network Slovakia, we primarily provide international business expertise in several areas:<\/p><ul><li>doing business abroad<\/li><li>finance<\/li><li>innovation<\/li><li>digitalisation<\/li><li>sustainability<\/li><\/ul><p><br \/>Whatever your business, we can advise you on how to make the best use of market opportunities to expand your presence abroad.<\/p><p>The representation of the Enterprise Europe Network Slovakia consists of the following partners:<\/p><ul><li><a href=\"http:\/\/bic.sk\/\" target=\"_blank\" rel=\"noopener\">BIC Bratislava<\/a><\/li><li><a href=\"https:\/\/www.sopk.sk\/\" target=\"_blank\" rel=\"noopener\">Slovak Chamber of Commerce and Industry<\/a><\/li><li><a href=\"https:\/\/www.cvtisr.sk\/\" target=\"_blank\" rel=\"noopener\">Slovak Centre of Scientific and Technical Information<\/a><\/li><li><a href=\"http:\/\/www.uvptechnicom.sk\/een\" target=\"_blank\" rel=\"noopener\">TUKE Technical University of Ko\u0161ice<\/a><\/li><li><a href=\"https:\/\/inovia.sk\/\" target=\"_blank\" rel=\"noopener\">INOVIA<\/a><\/li><li><a href=\"https:\/\/www.siea.sk\/\" target=\"_blank\" rel=\"noopener\">Slovak Innovation and Energy Agency (SIEA)<\/a><\/li><\/ul>\t\t\t\t\t\t\t\t<\/div>\n\t\t<div class=\"elementor-element elementor-element-ee33b59 e-con-full e-flex e-con e-child\" data-id=\"ee33b59\" data-element_type=\"container\">\n\t\t\t\t<div class=\"elementor-element elementor-element-f240ee7 elementor-widget elementor-widget-button\" data-id=\"f240ee7\" data-element_type=\"widget\" data-widget_type=\"button.default\">\n\t\t\t\t\t\t\t\t\t\t<a class=\"elementor-button elementor-button-link elementor-size-sm\" href=\"https:\/\/www.een.sk\/en\/kontakt\/\" target=\"_blank\">\n\t\t\t\t\t\t<span class=\"elementor-button-content-wrapper\">\n\t\t\t\t\t\t<span class=\"elementor-button-icon\">\n\t\t\t\t<svg aria-hidden=\"true\" class=\"e-font-icon-svg e-far-arrow-alt-circle-right\" viewbox=\"0 0 512 512\" xmlns=\"http:\/\/www.w3.org\/2000\/svg\"><path d=\"M504 256C504 119 393 8 256 8S8 119 8 256s111 248 248 248 248-111 248-248zm-448 0c0-110.5 89.5-200 200-200s200 89.5 200 200-89.5 200-200 200S56 366.5 56 256zm72 20v-40c0-6.6 5.4-12 12-12h116v-67c0-10.7 12.9-16 20.5-8.5l99 99c4.7 4.7 4.7 12.3 0 17l-99 99c-7.6 7.6-20.5 2.2-20.5-8.5v-67H140c-6.6 0-12-5.4-12-12z\"><\/path><\/svg>\t\t\t<\/span>\n\t\t\t\t\t\t\t\t\t<span class=\"elementor-button-text\">Contact us<\/span>\n\t\t\t\t\t<\/span>\n\t\t\t\t\t<\/a>\n\t\t\t\t\t\t\t\t<\/div>\n\t\t\t\t<\/div>\n\t\t\t\t<\/div>\n\t\t<div class=\"elementor-element elementor-element-90167f8 e-con-full e-flex e-con e-child\" data-id=\"90167f8\" data-element_type=\"container\">\n\t\t\t\t<div class=\"elementor-element elementor-element-6f410ad elementor-widget elementor-widget-image\" data-id=\"6f410ad\" data-element_type=\"widget\" data-widget_type=\"image.default\">\n\t\t\t\t\t\t\t\t\t\t\t\t\t\t\t\t<a href=\"https:\/\/www.een.sk\/wp-content\/uploads\/2026\/02\/EEn-team.jpg\" data-elementor-open-lightbox=\"yes\" data-elementor-lightbox-title=\"EEn team\" data-e-action-hash=\"#elementor-action%3Aaction%3Dlightbox%26settings%3DeyJpZCI6MTc2NCwidXJsIjoiaHR0cHM6XC9cL3d3dy5lZW4uc2tcL3dwLWNvbnRlbnRcL3VwbG9hZHNcLzIwMjZcLzAyXC9FRW4tdGVhbS5qcGcifQ%3D%3D\">\n\t\t\t\t\t\t\t<img fetchpriority=\"high\" decoding=\"async\" width=\"800\" height=\"640\" src=\"https:\/\/www.een.sk\/wp-content\/uploads\/2026\/02\/EEn-team.jpg\" class=\"attachment-large size-large wp-image-1764\" alt=\"\" \/>\t\t\t\t\t\t\t\t<\/a>\n\t\t\t\t\t\t\t\t\t\t\t\t\t\t\t<\/div>\n\t\t\t\t<\/div>\n\t\t\t\t\t<\/div>\n\t\t\t\t<\/div>\n\t\t<div class=\"elementor-element elementor-element-25109c0 e-flex e-con-boxed e-con e-parent\" data-id=\"25109c0\" data-element_type=\"container\">\n\t\t\t\t\t<div class=\"e-con-inner\">\n\t\t\t\t<div class=\"elementor-element elementor-element-4203983 elementor-widget elementor-widget-spacer\" data-id=\"4203983\" data-element_type=\"widget\" data-widget_type=\"spacer.default\">\n\t\t\t\t\t\t\t<div class=\"elementor-spacer\">\n\t\t\t<div class=\"elementor-spacer-inner\"><\/div>\n\t\t<\/div>\n\t\t\t\t\t\t<\/div>\n\t\t\t\t\t<\/div>\n\t\t\t\t<\/div>\n\t\t\t\t<\/div>","protected":false},"excerpt":{"rendered":"<p>Ako partneri siete EEN sp\u00e1jame odborn\u00e9 sk\u00fasenosti v oblasti cezhrani\u010dnej spolupr\u00e1ce so znalos\u0165ami z lok\u00e1lneho prostredia za \u00fa\u010delom podpory prieniku inov\u00e1ci\u00ed na nov\u00e9 trhy. Pom\u00e1hame tak v\u00e1\u0161mu podnikaniu r\u00fdchlej\u0161ie r\u00e1s\u0165, [&hellip;]<\/p>","protected":false},"author":1,"featured_media":0,"parent":0,"menu_order":0,"comment_status":"closed","ping_status":"closed","template":"elementor_header_footer","meta":{"jetpack_post_was_ever_published":false,"footnotes":""},"class_list":["post-168","page","type-page","status-publish","hentry"],"yoast_head":"<!-- This site is optimized with the Yoast SEO plugin v26.0 - https:\/\/yoast.com\/wordpress\/plugins\/seo\/ -->\n<title>O n\u00e1s - Enterprise Europe Network<\/title>\n<meta name=\"robots\" content=\"index, follow, max-snippet:-1, max-image-preview:large, max-video-preview:-1\" \/>\n<link rel=\"canonical\" href=\"https:\/\/www.een.sk\/en\/o-nas\/\" \/>\n<meta property=\"og:locale\" content=\"en_GB\" \/>\n<meta property=\"og:type\" content=\"article\" \/>\n<meta property=\"og:title\" content=\"O n\u00e1s - Enterprise Europe Network\" \/>\n<meta property=\"og:description\" content=\"Ako partneri siete EEN sp\u00e1jame odborn\u00e9 sk\u00fasenosti v oblasti cezhrani\u010dnej spolupr\u00e1ce so znalos\u0165ami z lok\u00e1lneho prostredia za \u00fa\u010delom podpory prieniku inov\u00e1ci\u00ed na nov\u00e9 trhy. Pom\u00e1hame tak v\u00e1\u0161mu podnikaniu r\u00fdchlej\u0161ie r\u00e1s\u0165, [&hellip;]\" \/>\n<meta property=\"og:url\" content=\"https:\/\/www.een.sk\/en\/o-nas\/\" \/>\n<meta property=\"og:site_name\" content=\"Enterprise Europe Network\" \/>\n<meta property=\"article:modified_time\" content=\"2026-02-08T16:06:00+00:00\" \/>\n<meta property=\"og:image\" content=\"https:\/\/www.een.sk\/wp-content\/uploads\/2026\/02\/EEn-team.jpg\" \/>\n\t<meta property=\"og:image:width\" content=\"1200\" \/>\n\t<meta property=\"og:image:height\" content=\"960\" \/>\n\t<meta property=\"og:image:type\" content=\"image\/jpeg\" \/>\n<meta name=\"twitter:card\" content=\"summary_large_image\" \/>\n<meta name=\"twitter:label1\" content=\"Estimated reading time\" \/>\n\t<meta name=\"twitter:data1\" content=\"1 minute\" \/>\n<script type=\"application\/ld+json\" class=\"yoast-schema-graph\">{\"@context\":\"https:\/\/schema.org\",\"@graph\":[{\"@type\":\"WebPage\",\"@id\":\"https:\/\/www.een.sk\/o-nas\",\"url\":\"https:\/\/www.een.sk\/o-nas\",\"name\":\"O n\u00e1s - Enterprise Europe Network\",\"isPartOf\":{\"@id\":\"https:\/\/www.een.sk\/#website\"},\"primaryImageOfPage\":{\"@id\":\"https:\/\/www.een.sk\/o-nas#primaryimage\"},\"image\":{\"@id\":\"https:\/\/www.een.sk\/o-nas#primaryimage\"},\"thumbnailUrl\":\"https:\/\/www.een.sk\/wp-content\/uploads\/2026\/02\/EEn-team.jpg\",\"datePublished\":\"2025-10-01T17:44:57+00:00\",\"dateModified\":\"2026-02-08T16:06:00+00:00\",\"breadcrumb\":{\"@id\":\"https:\/\/www.een.sk\/o-nas#breadcrumb\"},\"inLanguage\":\"en-GB\",\"potentialAction\":[{\"@type\":\"ReadAction\",\"target\":[\"https:\/\/www.een.sk\/o-nas\"]}]},{\"@type\":\"ImageObject\",\"inLanguage\":\"en-GB\",\"@id\":\"https:\/\/www.een.sk\/o-nas#primaryimage\",\"url\":\"https:\/\/www.een.sk\/wp-content\/uploads\/2026\/02\/EEn-team.jpg\",\"contentUrl\":\"https:\/\/www.een.sk\/wp-content\/uploads\/2026\/02\/EEn-team.jpg\"},{\"@type\":\"BreadcrumbList\",\"@id\":\"https:\/\/www.een.sk\/o-nas#breadcrumb\",\"itemListElement\":[{\"@type\":\"ListItem\",\"position\":1,\"name\":\"Domovsk\u00e1 str\u00e1nka\",\"item\":\"https:\/\/www.een.sk\/\"},{\"@type\":\"ListItem\",\"position\":2,\"name\":\"O n\u00e1s\"}]},{\"@type\":\"WebSite\",\"@id\":\"https:\/\/www.een.sk\/#website\",\"url\":\"https:\/\/www.een.sk\/\",\"name\":\"Enterprise Europe Network\",\"description\":\"Pom\u00e1hame V\u00e1m inovova\u0165 a medzin\u00e1rodne r\u00e1s\u0165\",\"publisher\":{\"@id\":\"https:\/\/www.een.sk\/#organization\"},\"potentialAction\":[{\"@type\":\"SearchAction\",\"target\":{\"@type\":\"EntryPoint\",\"urlTemplate\":\"https:\/\/www.een.sk\/?s={search_term_string}\"},\"query-input\":{\"@type\":\"PropertyValueSpecification\",\"valueRequired\":true,\"valueName\":\"search_term_string\"}}],\"inLanguage\":\"en-GB\"},{\"@type\":\"Organization\",\"@id\":\"https:\/\/www.een.sk\/#organization\",\"name\":\"Enterprise Europe Network\",\"url\":\"https:\/\/www.een.sk\/\",\"logo\":{\"@type\":\"ImageObject\",\"inLanguage\":\"en-GB\",\"@id\":\"https:\/\/www.een.sk\/#\/schema\/logo\/image\/\",\"url\":\"https:\/\/www.een.sk\/wp-content\/uploads\/2025\/10\/EEN.png\",\"contentUrl\":\"https:\/\/www.een.sk\/wp-content\/uploads\/2025\/10\/EEN.png\",\"width\":851,\"height\":300,\"caption\":\"Enterprise Europe Network\"},\"image\":{\"@id\":\"https:\/\/www.een.sk\/#\/schema\/logo\/image\/\"}}]}<\/script>\n<!-- \/ Yoast SEO plugin. -->","yoast_head_json":{"title":"O n\u00e1s - Enterprise Europe Network","robots":{"index":"index","follow":"follow","max-snippet":"max-snippet:-1","max-image-preview":"max-image-preview:large","max-video-preview":"max-video-preview:-1"},"canonical":"https:\/\/www.een.sk\/en\/o-nas\/","og_locale":"en_GB","og_type":"article","og_title":"O n\u00e1s - Enterprise Europe Network","og_description":"Ako partneri siete EEN sp\u00e1jame odborn\u00e9 sk\u00fasenosti v oblasti cezhrani\u010dnej spolupr\u00e1ce so znalos\u0165ami z lok\u00e1lneho prostredia za \u00fa\u010delom podpory prieniku inov\u00e1ci\u00ed na nov\u00e9 trhy. Pom\u00e1hame tak v\u00e1\u0161mu podnikaniu r\u00fdchlej\u0161ie r\u00e1s\u0165, [&hellip;]","og_url":"https:\/\/www.een.sk\/en\/o-nas\/","og_site_name":"Enterprise Europe Network","article_modified_time":"2026-02-08T16:06:00+00:00","og_image":[{"width":1200,"height":960,"url":"https:\/\/www.een.sk\/wp-content\/uploads\/2026\/02\/EEn-team.jpg","type":"image\/jpeg"}],"twitter_card":"summary_large_image","twitter_misc":{"Estimated reading time":"1 minute"},"schema":{"@context":"https:\/\/schema.org","@graph":[{"@type":"WebPage","@id":"https:\/\/www.een.sk\/o-nas","url":"https:\/\/www.een.sk\/o-nas","name":"O n\u00e1s - Enterprise Europe Network","isPartOf":{"@id":"https:\/\/www.een.sk\/#website"},"primaryImageOfPage":{"@id":"https:\/\/www.een.sk\/o-nas#primaryimage"},"image":{"@id":"https:\/\/www.een.sk\/o-nas#primaryimage"},"thumbnailUrl":"https:\/\/www.een.sk\/wp-content\/uploads\/2026\/02\/EEn-team.jpg","datePublished":"2025-10-01T17:44:57+00:00","dateModified":"2026-02-08T16:06:00+00:00","breadcrumb":{"@id":"https:\/\/www.een.sk\/o-nas#breadcrumb"},"inLanguage":"en-GB","potentialAction":[{"@type":"ReadAction","target":["https:\/\/www.een.sk\/o-nas"]}]},{"@type":"ImageObject","inLanguage":"en-GB","@id":"https:\/\/www.een.sk\/o-nas#primaryimage","url":"https:\/\/www.een.sk\/wp-content\/uploads\/2026\/02\/EEn-team.jpg","contentUrl":"https:\/\/www.een.sk\/wp-content\/uploads\/2026\/02\/EEn-team.jpg"},{"@type":"BreadcrumbList","@id":"https:\/\/www.een.sk\/o-nas#breadcrumb","itemListElement":[{"@type":"ListItem","position":1,"name":"Domovsk\u00e1 str\u00e1nka","item":"https:\/\/www.een.sk\/"},{"@type":"ListItem","position":2,"name":"O n\u00e1s"}]},{"@type":"WebSite","@id":"https:\/\/www.een.sk\/#website","url":"https:\/\/www.een.sk\/","name":"Enterprise Europe Network","description":"Pom\u00e1hame V\u00e1m inovova\u0165 a medzin\u00e1rodne r\u00e1s\u0165","publisher":{"@id":"https:\/\/www.een.sk\/#organization"},"potentialAction":[{"@type":"SearchAction","target":{"@type":"EntryPoint","urlTemplate":"https:\/\/www.een.sk\/?s={search_term_string}"},"query-input":{"@type":"PropertyValueSpecification","valueRequired":true,"valueName":"search_term_string"}}],"inLanguage":"en-GB"},{"@type":"Organization","@id":"https:\/\/www.een.sk\/#organization","name":"Enterprise Europe Network","url":"https:\/\/www.een.sk\/","logo":{"@type":"ImageObject","inLanguage":"en-GB","@id":"https:\/\/www.een.sk\/#\/schema\/logo\/image\/","url":"https:\/\/www.een.sk\/wp-content\/uploads\/2025\/10\/EEN.png","contentUrl":"https:\/\/www.een.sk\/wp-content\/uploads\/2025\/10\/EEN.png","width":851,"height":300,"caption":"Enterprise Europe Network"},"image":{"@id":"https:\/\/www.een.sk\/#\/schema\/logo\/image\/"}}]}},"jetpack_sharing_enabled":true,"_links":{"self":[{"href":"https:\/\/www.een.sk\/en\/wp-json\/wp\/v2\/pages\/168","targetHints":{"allow":["GET"]}}],"collection":[{"href":"https:\/\/www.een.sk\/en\/wp-json\/wp\/v2\/pages"}],"about":[{"href":"https:\/\/www.een.sk\/en\/wp-json\/wp\/v2\/types\/page"}],"author":[{"embeddable":true,"href":"https:\/\/www.een.sk\/en\/wp-json\/wp\/v2\/users\/1"}],"replies":[{"embeddable":true,"href":"https:\/\/www.een.sk\/en\/wp-json\/wp\/v2\/comments?post=168"}],"version-history":[{"count":43,"href":"https:\/\/www.een.sk\/en\/wp-json\/wp\/v2\/pages\/168\/revisions"}],"predecessor-version":[{"id":1770,"href":"https:\/\/www.een.sk\/en\/wp-json\/wp\/v2\/pages\/168\/revisions\/1770"}],"wp:attachment":[{"href":"https:\/\/www.een.sk\/en\/wp-json\/wp\/v2\/media?parent=168"}],"curies":[{"name":"wp","href":"https:\/\/api.w.org\/{rel}","templated":true}]}}