{"id":170,"date":"2025-10-01T19:45:48","date_gmt":"2025-10-01T17:45:48","guid":{"rendered":"https:\/\/www.een.sk\/?page_id=170"},"modified":"2025-11-12T16:36:34","modified_gmt":"2025-11-12T15:36:34","slug":"siet-een","status":"publish","type":"page","link":"https:\/\/www.een.sk\/en\/siet-een","title":{"rendered":"EEN network"},"content":{"rendered":"<div data-elementor-type=\"wp-page\" data-elementor-id=\"170\" class=\"elementor elementor-170\" data-elementor-post-type=\"page\">\n\t\t\t\t<div class=\"elementor-element elementor-element-c4d382c e-flex e-con-boxed e-con e-parent\" data-id=\"c4d382c\" data-element_type=\"container\">\n\t\t\t\t\t<div class=\"e-con-inner\">\n\t\t\t\t\t<\/div>\n\t\t\t\t<\/div>\n\t\t<div class=\"elementor-element elementor-element-66be138e e-grid e-con-boxed e-con e-parent\" data-id=\"66be138e\" data-element_type=\"container\">\n\t\t\t\t\t<div class=\"e-con-inner\">\n\t\t<div class=\"elementor-element elementor-element-1b0feabe e-con-full e-flex e-con e-child\" data-id=\"1b0feabe\" data-element_type=\"container\">\n\t\t\t\t<div class=\"elementor-element elementor-element-368e908 elementor-widget elementor-widget-text-editor\" data-id=\"368e908\" data-element_type=\"widget\" data-widget_type=\"text-editor.default\">\n\t\t\t\t\t\t\t\t\t<p>The Enterprise Europe Network (EEN) helps businesses innovate and grow on an international scale. It is the world\u2019s largest <strong>support network for small and medium-sized enterprises (SMEs) with international ambitions.<\/strong><\/p><p>The network operates worldwide and brings together experts from member organisations renowned for their excellence in business support.<\/p><p>The member organisations include:<\/p><ul><li>chambers of commerce and industry<\/li><li>regional development organisations<\/li><li>universities and research institutions<\/li><li>innovation agencies<br \/><br \/><\/li><\/ul><p>Regardless of the business sector, EEN consultants provide advice on the best market opportunities to help you expand abroad.<\/p><p><em>The project is co-financed through the EU Single Market Programme for the period from 1 July 2025 to 31 December 2028.<\/em><\/p>\t\t\t\t\t\t\t\t<\/div>\n\t\t\t\t<\/div>\n\t\t<div class=\"elementor-element elementor-element-512a13a9 e-con-full e-flex e-con e-child\" data-id=\"512a13a9\" data-element_type=\"container\">\n\t\t\t\t<div class=\"elementor-element elementor-element-f837d34 elementor-widget elementor-widget-video\" data-id=\"f837d34\" data-element_type=\"widget\" data-settings=\"{&quot;youtube_url&quot;:&quot;https:\\\/\\\/www.youtube.com\\\/watch?v=yd-hAaBxM0w&quot;,&quot;video_type&quot;:&quot;youtube&quot;,&quot;controls&quot;:&quot;yes&quot;}\" data-widget_type=\"video.default\">\n\t\t\t\t\t\t\t<div class=\"elementor-wrapper elementor-open-inline\">\n\t\t\t<div class=\"elementor-video\"><\/div>\t\t<\/div>\n\t\t\t\t\t\t<\/div>\n\t\t\t\t<\/div>\n\t\t\t\t\t<\/div>\n\t\t\t\t<\/div>\n\t\t<div class=\"elementor-element elementor-element-0bac8aa e-flex e-con-boxed e-con e-parent\" data-id=\"0bac8aa\" data-element_type=\"container\">\n\t\t\t\t\t<div class=\"e-con-inner\">\n\t\t\t\t<div class=\"elementor-element elementor-element-af0ffdd elementor-widget elementor-widget-spacer\" data-id=\"af0ffdd\" data-element_type=\"widget\" data-widget_type=\"spacer.default\">\n\t\t\t\t\t\t\t<div class=\"elementor-spacer\">\n\t\t\t<div class=\"elementor-spacer-inner\"><\/div>\n\t\t<\/div>\n\t\t\t\t\t\t<\/div>\n\t\t\t\t\t<\/div>\n\t\t\t\t<\/div>\n\t\t\t\t<\/div>","protected":false},"excerpt":{"rendered":"<p>Enterprise Europe Network (EEN) pom\u00e1ha podnikom inovova\u0165 a r\u00e1s\u0165 na medzin\u00e1rodnej \u00farovni. Je to najv\u00e4\u010d\u0161ia svetov\u00e1 sie\u0165 podpory pre mal\u00e9 a stredn\u00e9 podniky (MSP) s medzin\u00e1rodn\u00fdmi amb\u00edciami. Sie\u0165 p\u00f4sob\u00ed po [&hellip;]<\/p>","protected":false},"author":1,"featured_media":0,"parent":0,"menu_order":0,"comment_status":"closed","ping_status":"closed","template":"elementor_header_footer","meta":{"jetpack_post_was_ever_published":false,"footnotes":""},"class_list":["post-170","page","type-page","status-publish","hentry"],"yoast_head":"<!-- This site is optimized with the Yoast SEO plugin v26.0 - https:\/\/yoast.com\/wordpress\/plugins\/seo\/ -->\n<title>Sie\u0165 EEN - Enterprise Europe Network<\/title>\n<meta name=\"robots\" content=\"index, follow, max-snippet:-1, max-image-preview:large, max-video-preview:-1\" \/>\n<link rel=\"canonical\" href=\"https:\/\/www.een.sk\/en\/siet-een\/\" \/>\n<meta property=\"og:locale\" content=\"en_GB\" \/>\n<meta property=\"og:type\" content=\"article\" \/>\n<meta property=\"og:title\" content=\"Sie\u0165 EEN - Enterprise Europe Network\" \/>\n<meta property=\"og:description\" content=\"Enterprise Europe Network (EEN) pom\u00e1ha podnikom inovova\u0165 a r\u00e1s\u0165 na medzin\u00e1rodnej \u00farovni. Je to najv\u00e4\u010d\u0161ia svetov\u00e1 sie\u0165 podpory pre mal\u00e9 a stredn\u00e9 podniky (MSP) s medzin\u00e1rodn\u00fdmi amb\u00edciami. Sie\u0165 p\u00f4sob\u00ed po [&hellip;]\" \/>\n<meta property=\"og:url\" content=\"https:\/\/www.een.sk\/en\/siet-een\/\" \/>\n<meta property=\"og:site_name\" content=\"Enterprise Europe Network\" \/>\n<meta property=\"article:modified_time\" content=\"2025-11-12T15:36:34+00:00\" \/>\n<meta name=\"twitter:card\" content=\"summary_large_image\" \/>\n<meta name=\"twitter:label1\" content=\"Estimated reading time\" \/>\n\t<meta name=\"twitter:data1\" content=\"1 minute\" \/>\n<script type=\"application\/ld+json\" class=\"yoast-schema-graph\">{\"@context\":\"https:\/\/schema.org\",\"@graph\":[{\"@type\":\"WebPage\",\"@id\":\"https:\/\/www.een.sk\/siet-een\",\"url\":\"https:\/\/www.een.sk\/siet-een\",\"name\":\"Sie\u0165 EEN - Enterprise Europe Network\",\"isPartOf\":{\"@id\":\"https:\/\/www.een.sk\/#website\"},\"datePublished\":\"2025-10-01T17:45:48+00:00\",\"dateModified\":\"2025-11-12T15:36:34+00:00\",\"breadcrumb\":{\"@id\":\"https:\/\/www.een.sk\/siet-een#breadcrumb\"},\"inLanguage\":\"en-GB\",\"potentialAction\":[{\"@type\":\"ReadAction\",\"target\":[\"https:\/\/www.een.sk\/siet-een\"]}]},{\"@type\":\"BreadcrumbList\",\"@id\":\"https:\/\/www.een.sk\/siet-een#breadcrumb\",\"itemListElement\":[{\"@type\":\"ListItem\",\"position\":1,\"name\":\"Domovsk\u00e1 str\u00e1nka\",\"item\":\"https:\/\/www.een.sk\/\"},{\"@type\":\"ListItem\",\"position\":2,\"name\":\"Sie\u0165 EEN\"}]},{\"@type\":\"WebSite\",\"@id\":\"https:\/\/www.een.sk\/#website\",\"url\":\"https:\/\/www.een.sk\/\",\"name\":\"Enterprise Europe Network\",\"description\":\"Pom\u00e1hame V\u00e1m inovova\u0165 a medzin\u00e1rodne r\u00e1s\u0165\",\"publisher\":{\"@id\":\"https:\/\/www.een.sk\/#organization\"},\"potentialAction\":[{\"@type\":\"SearchAction\",\"target\":{\"@type\":\"EntryPoint\",\"urlTemplate\":\"https:\/\/www.een.sk\/?s={search_term_string}\"},\"query-input\":{\"@type\":\"PropertyValueSpecification\",\"valueRequired\":true,\"valueName\":\"search_term_string\"}}],\"inLanguage\":\"en-GB\"},{\"@type\":\"Organization\",\"@id\":\"https:\/\/www.een.sk\/#organization\",\"name\":\"Enterprise Europe Network\",\"url\":\"https:\/\/www.een.sk\/\",\"logo\":{\"@type\":\"ImageObject\",\"inLanguage\":\"en-GB\",\"@id\":\"https:\/\/www.een.sk\/#\/schema\/logo\/image\/\",\"url\":\"https:\/\/www.een.sk\/wp-content\/uploads\/2025\/10\/EEN.png\",\"contentUrl\":\"https:\/\/www.een.sk\/wp-content\/uploads\/2025\/10\/EEN.png\",\"width\":851,\"height\":300,\"caption\":\"Enterprise Europe Network\"},\"image\":{\"@id\":\"https:\/\/www.een.sk\/#\/schema\/logo\/image\/\"}}]}<\/script>\n<!-- \/ Yoast SEO plugin. -->","yoast_head_json":{"title":"Sie\u0165 EEN - Enterprise Europe Network","robots":{"index":"index","follow":"follow","max-snippet":"max-snippet:-1","max-image-preview":"max-image-preview:large","max-video-preview":"max-video-preview:-1"},"canonical":"https:\/\/www.een.sk\/en\/siet-een\/","og_locale":"en_GB","og_type":"article","og_title":"Sie\u0165 EEN - Enterprise Europe Network","og_description":"Enterprise Europe Network (EEN) pom\u00e1ha podnikom inovova\u0165 a r\u00e1s\u0165 na medzin\u00e1rodnej \u00farovni. Je to najv\u00e4\u010d\u0161ia svetov\u00e1 sie\u0165 podpory pre mal\u00e9 a stredn\u00e9 podniky (MSP) s medzin\u00e1rodn\u00fdmi amb\u00edciami. Sie\u0165 p\u00f4sob\u00ed po [&hellip;]","og_url":"https:\/\/www.een.sk\/en\/siet-een\/","og_site_name":"Enterprise Europe Network","article_modified_time":"2025-11-12T15:36:34+00:00","twitter_card":"summary_large_image","twitter_misc":{"Estimated reading time":"1 minute"},"schema":{"@context":"https:\/\/schema.org","@graph":[{"@type":"WebPage","@id":"https:\/\/www.een.sk\/siet-een","url":"https:\/\/www.een.sk\/siet-een","name":"Sie\u0165 EEN - Enterprise Europe Network","isPartOf":{"@id":"https:\/\/www.een.sk\/#website"},"datePublished":"2025-10-01T17:45:48+00:00","dateModified":"2025-11-12T15:36:34+00:00","breadcrumb":{"@id":"https:\/\/www.een.sk\/siet-een#breadcrumb"},"inLanguage":"en-GB","potentialAction":[{"@type":"ReadAction","target":["https:\/\/www.een.sk\/siet-een"]}]},{"@type":"BreadcrumbList","@id":"https:\/\/www.een.sk\/siet-een#breadcrumb","itemListElement":[{"@type":"ListItem","position":1,"name":"Domovsk\u00e1 str\u00e1nka","item":"https:\/\/www.een.sk\/"},{"@type":"ListItem","position":2,"name":"Sie\u0165 EEN"}]},{"@type":"WebSite","@id":"https:\/\/www.een.sk\/#website","url":"https:\/\/www.een.sk\/","name":"Enterprise Europe Network","description":"Pom\u00e1hame V\u00e1m inovova\u0165 a medzin\u00e1rodne r\u00e1s\u0165","publisher":{"@id":"https:\/\/www.een.sk\/#organization"},"potentialAction":[{"@type":"SearchAction","target":{"@type":"EntryPoint","urlTemplate":"https:\/\/www.een.sk\/?s={search_term_string}"},"query-input":{"@type":"PropertyValueSpecification","valueRequired":true,"valueName":"search_term_string"}}],"inLanguage":"en-GB"},{"@type":"Organization","@id":"https:\/\/www.een.sk\/#organization","name":"Enterprise Europe Network","url":"https:\/\/www.een.sk\/","logo":{"@type":"ImageObject","inLanguage":"en-GB","@id":"https:\/\/www.een.sk\/#\/schema\/logo\/image\/","url":"https:\/\/www.een.sk\/wp-content\/uploads\/2025\/10\/EEN.png","contentUrl":"https:\/\/www.een.sk\/wp-content\/uploads\/2025\/10\/EEN.png","width":851,"height":300,"caption":"Enterprise Europe Network"},"image":{"@id":"https:\/\/www.een.sk\/#\/schema\/logo\/image\/"}}]}},"jetpack_sharing_enabled":true,"_links":{"self":[{"href":"https:\/\/www.een.sk\/en\/wp-json\/wp\/v2\/pages\/170","targetHints":{"allow":["GET"]}}],"collection":[{"href":"https:\/\/www.een.sk\/en\/wp-json\/wp\/v2\/pages"}],"about":[{"href":"https:\/\/www.een.sk\/en\/wp-json\/wp\/v2\/types\/page"}],"author":[{"embeddable":true,"href":"https:\/\/www.een.sk\/en\/wp-json\/wp\/v2\/users\/1"}],"replies":[{"embeddable":true,"href":"https:\/\/www.een.sk\/en\/wp-json\/wp\/v2\/comments?post=170"}],"version-history":[{"count":25,"href":"https:\/\/www.een.sk\/en\/wp-json\/wp\/v2\/pages\/170\/revisions"}],"predecessor-version":[{"id":1415,"href":"https:\/\/www.een.sk\/en\/wp-json\/wp\/v2\/pages\/170\/revisions\/1415"}],"wp:attachment":[{"href":"https:\/\/www.een.sk\/en\/wp-json\/wp\/v2\/media?parent=170"}],"curies":[{"name":"wp","href":"https:\/\/api.w.org\/{rel}","templated":true}]}}