{"id":216,"date":"2025-10-12T00:51:26","date_gmt":"2025-10-11T22:51:26","guid":{"rendered":"https:\/\/www.een.sk\/?page_id=216"},"modified":"2025-11-12T16:30:46","modified_gmt":"2025-11-12T15:30:46","slug":"financovanie","status":"publish","type":"page","link":"https:\/\/www.een.sk\/en\/financovanie","title":{"rendered":"Finance"},"content":{"rendered":"<div data-elementor-type=\"wp-page\" data-elementor-id=\"216\" class=\"elementor elementor-216\" data-elementor-post-type=\"page\">\n\t\t\t\t<div class=\"elementor-element elementor-element-7cecd458 e-flex e-con-boxed e-con e-parent\" data-id=\"7cecd458\" data-element_type=\"container\">\n\t\t\t\t\t<div class=\"e-con-inner\">\n\t\t<div class=\"elementor-element elementor-element-39bd013d e-con-full e-flex e-con e-child\" data-id=\"39bd013d\" data-element_type=\"container\">\n\t\t\t\t<div class=\"elementor-element elementor-element-52c5d865 elementor-widget elementor-widget-text-editor\" data-id=\"52c5d865\" data-element_type=\"widget\" data-widget_type=\"text-editor.default\">\n\t\t\t\t\t\t\t\t\t<p>Z\u00edska\u0165 vhodn\u00e9 financovanie pre inovat\u00edvny projekt \u010di rast va\u0161ej firmy nie je jednoduch\u00e9. Pom\u00f4\u017eeme v\u00e1m zorientova\u0165 sa v mo\u017enostiach podpory z eur\u00f3pskych aj n\u00e1rodn\u00fdch zdrojov. Na\u0161\u00edm cie\u013eom je n\u00e1js\u0165 pre v\u00e1s najvhodnej\u0161\u00ed finan\u010dn\u00fd n\u00e1stroj pod\u013ea typu projektu, f\u00e1zy v\u00fdvoja a potrieb v\u00e1\u0161ho podnikania.<\/p>\t\t\t\t\t\t\t\t<\/div>\n\t\t\t\t<div class=\"elementor-element elementor-element-d753e53 elementor-widget elementor-widget-heading\" data-id=\"d753e53\" data-element_type=\"widget\" data-widget_type=\"heading.default\">\n\t\t\t\t\t<h2 class=\"elementor-heading-title elementor-size-default\">Grantov\u00e9 programy<\/h2>\t\t\t\t<\/div>\n\t\t\t\t<div class=\"elementor-element elementor-element-f094087 elementor-widget elementor-widget-text-editor\" data-id=\"f094087\" data-element_type=\"widget\" data-widget_type=\"text-editor.default\">\n\t\t\t\t\t\t\t\t\t<p>Pom\u00f4\u017eeme v\u00e1m identifikova\u0165 grantov\u00e9 sch\u00e9my, ktor\u00e9 s\u00fa vhodn\u00e9 pre rozvoj va\u0161ej firmy, v\u00fdskumu alebo inov\u00e1ci\u00ed:\u00a0<\/p><ul><li aria-level=\"1\"><strong>Horizont Eur\u00f3pa<\/strong> \u2013 hlavn\u00fd r\u00e1mcov\u00fd program E\u00da pre v\u00fdskum a inov\u00e1cie. Porad\u00edme v\u00e1m s v\u00fdberom vhodnej v\u00fdzvy, pr\u00edpravou projektov\u00e9ho n\u00e1vrhu aj zapojen\u00edm do medzin\u00e1rodn\u00fdch konzorci\u00ed.\u00a0<\/li><\/ul><ul><li aria-level=\"1\"><strong>\u0160truktur\u00e1lne fondy E\u00da<\/strong> \u2013 nasmerujeme v\u00e1s k aktu\u00e1lnym v\u00fdzvam z Programu Slovensko, ktor\u00fd podporuje invest\u00edcie, inov\u00e1cie a digitaliz\u00e1ciu podnikov.\u00a0<\/li><\/ul><ul><li aria-level=\"1\"><strong>\u010eal\u0161ie programy E\u00da<\/strong> \u2013 predstav\u00edme v\u00e1m sch\u00e9my ako Single Market Programme, Life, Interreg \u010di Digital Europe, ktor\u00e9 pon\u00fakaj\u00fa granty pre MSP.\u00a0<\/li><\/ul><ul><li aria-level=\"1\"><strong>N\u00e1rodn\u00e9 sch\u00e9my podpory<\/strong> \u2013 porad\u00edme v\u00e1m, ako vyu\u017ei\u0165 n\u00e1rodn\u00e9 programy a vouchery, ktor\u00e9 podporuj\u00fa rozvoj MSP, startupov a inovat\u00edvnych projektov.<\/li><\/ul>\t\t\t\t\t\t\t\t<\/div>\n\t\t\t\t<div class=\"elementor-element elementor-element-577481b elementor-widget elementor-widget-heading\" data-id=\"577481b\" data-element_type=\"widget\" data-widget_type=\"heading.default\">\n\t\t\t\t\t<h2 class=\"elementor-heading-title elementor-size-default\">\u00davery a invest\u00edcie<\/h2>\t\t\t\t<\/div>\n\t\t\t\t<div class=\"elementor-element elementor-element-e6ff519 elementor-widget elementor-widget-text-editor\" data-id=\"e6ff519\" data-element_type=\"widget\" data-widget_type=\"text-editor.default\">\n\t\t\t\t\t\t\t\t\t<p>Nie v\u0161etky projekty potrebuj\u00fa grant. Pre firmy v rastovej f\u00e1ze vieme pom\u00f4c\u0165 aj s pr\u00edpravou na \u00faverov\u00e9 alebo investi\u010dn\u00e9 financovanie.\u00a0<\/p><ul><li aria-level=\"1\">Zorientujeme v\u00e1s v ponuke zv\u00fdhodnen\u00fdch \u00faverov a z\u00e1ruk z n\u00e1strojov E\u00da, ako s\u00fa InvestEU alebo fondy spravovan\u00e9 Eur\u00f3pskym investi\u010dn\u00fdm fondom (EIF).\u00a0<\/li><\/ul><ul><li aria-level=\"1\">Pom\u00f4\u017eeme s pr\u00edpravou podnikate\u013esk\u00e9ho pl\u00e1nu a finan\u010dn\u00fdch projekci\u00ed, aby ste boli pripraven\u00ed rokova\u0165 s bankou \u010di investorom.\u00a0<\/li><\/ul><ul><li aria-level=\"1\">Spolu s vami priprav\u00edme a otestujeme pitch deck pre prezent\u00e1ciu pred investormi.\u00a0<\/li><\/ul><ul><li aria-level=\"1\">Prepoj\u00edme v\u00e1s na banky, investi\u010dn\u00e9 fondy a business angelov, ktor\u00ed vyu\u017e\u00edvaj\u00fa zdroje E\u00da na zv\u00fdhodnen\u00e9 financovanie mal\u00fdch a stredn\u00fdch podnikov.\u00a0<\/li><\/ul><p><br \/>Na\u0161\u00edm cie\u013eom je, aby sa dobr\u00e9 n\u00e1pady dostali k zdrojom, ktor\u00e9 im umo\u017enia r\u00e1s\u0165. Spolu n\u00e1jdeme spr\u00e1vny sp\u00f4sob, ako financova\u0165 v\u00e1\u0161 rozvoj \u2013 od prvej my\u0161lienky a\u017e po expanziu na nov\u00e9 trhy.\u00a0<\/p>\t\t\t\t\t\t\t\t<\/div>\n\t\t\t\t<\/div>\n\t\t<div class=\"elementor-element elementor-element-599c8241 e-con-full e-flex e-con e-child\" data-id=\"599c8241\" data-element_type=\"container\">\n\t\t<div class=\"elementor-element elementor-element-7a2d9ee e-con-full e-flex e-con e-child\" data-id=\"7a2d9ee\" data-element_type=\"container\">\n\t\t\t\t<div class=\"elementor-element elementor-element-7e3c4a7e elementor-widget elementor-widget-heading\" data-id=\"7e3c4a7e\" data-element_type=\"widget\" data-widget_type=\"heading.default\">\n\t\t\t\t\t<h2 class=\"elementor-heading-title elementor-size-default\">Vyberte si poradenstvo<\/h2>\t\t\t\t<\/div>\n\t\t\t\t<div class=\"elementor-element elementor-element-1512e874 elementor-widget elementor-widget-button\" data-id=\"1512e874\" data-element_type=\"widget\" data-widget_type=\"button.default\">\n\t\t\t\t\t\t\t\t\t\t<a class=\"elementor-button elementor-button-link elementor-size-sm\" href=\"https:\/\/www.een.sk\/en\/podnikanie-v-zahranici\/\">\n\t\t\t\t\t\t<span class=\"elementor-button-content-wrapper\">\n\t\t\t\t\t\t<span class=\"elementor-button-icon\">\n\t\t\t\t<svg aria-hidden=\"true\" class=\"e-font-icon-svg e-far-arrow-alt-circle-right\" viewbox=\"0 0 512 512\" xmlns=\"http:\/\/www.w3.org\/2000\/svg\"><path d=\"M504 256C504 119 393 8 256 8S8 119 8 256s111 248 248 248 248-111 248-248zm-448 0c0-110.5 89.5-200 200-200s200 89.5 200 200-89.5 200-200 200S56 366.5 56 256zm72 20v-40c0-6.6 5.4-12 12-12h116v-67c0-10.7 12.9-16 20.5-8.5l99 99c4.7 4.7 4.7 12.3 0 17l-99 99c-7.6 7.6-20.5 2.2-20.5-8.5v-67H140c-6.6 0-12-5.4-12-12z\"><\/path><\/svg>\t\t\t<\/span>\n\t\t\t\t\t\t\t\t\t<span class=\"elementor-button-text\">Doing Business Abroad<\/span>\n\t\t\t\t\t<\/span>\n\t\t\t\t\t<\/a>\n\t\t\t\t\t\t\t\t<\/div>\n\t\t\t\t<div class=\"elementor-element elementor-element-18b1a25 elementor-widget elementor-widget-button\" data-id=\"18b1a25\" data-element_type=\"widget\" data-widget_type=\"button.default\">\n\t\t\t\t\t\t\t\t\t\t<a class=\"elementor-button elementor-button-link elementor-size-sm\" href=\"https:\/\/www.een.sk\/en\/financovanie\/\">\n\t\t\t\t\t\t<span class=\"elementor-button-content-wrapper\">\n\t\t\t\t\t\t<span class=\"elementor-button-icon\">\n\t\t\t\t<svg aria-hidden=\"true\" class=\"e-font-icon-svg e-far-arrow-alt-circle-right\" viewbox=\"0 0 512 512\" xmlns=\"http:\/\/www.w3.org\/2000\/svg\"><path d=\"M504 256C504 119 393 8 256 8S8 119 8 256s111 248 248 248 248-111 248-248zm-448 0c0-110.5 89.5-200 200-200s200 89.5 200 200-89.5 200-200 200S56 366.5 56 256zm72 20v-40c0-6.6 5.4-12 12-12h116v-67c0-10.7 12.9-16 20.5-8.5l99 99c4.7 4.7 4.7 12.3 0 17l-99 99c-7.6 7.6-20.5 2.2-20.5-8.5v-67H140c-6.6 0-12-5.4-12-12z\"><\/path><\/svg>\t\t\t<\/span>\n\t\t\t\t\t\t\t\t\t<span class=\"elementor-button-text\">Finance<\/span>\n\t\t\t\t\t<\/span>\n\t\t\t\t\t<\/a>\n\t\t\t\t\t\t\t\t<\/div>\n\t\t\t\t<div class=\"elementor-element elementor-element-1e2fa73f elementor-widget elementor-widget-button\" data-id=\"1e2fa73f\" data-element_type=\"widget\" data-widget_type=\"button.default\">\n\t\t\t\t\t\t\t\t\t\t<a class=\"elementor-button elementor-button-link elementor-size-sm\" href=\"https:\/\/www.een.sk\/en\/inovacie\/\">\n\t\t\t\t\t\t<span class=\"elementor-button-content-wrapper\">\n\t\t\t\t\t\t<span class=\"elementor-button-icon\">\n\t\t\t\t<svg aria-hidden=\"true\" class=\"e-font-icon-svg e-far-arrow-alt-circle-right\" viewbox=\"0 0 512 512\" xmlns=\"http:\/\/www.w3.org\/2000\/svg\"><path d=\"M504 256C504 119 393 8 256 8S8 119 8 256s111 248 248 248 248-111 248-248zm-448 0c0-110.5 89.5-200 200-200s200 89.5 200 200-89.5 200-200 200S56 366.5 56 256zm72 20v-40c0-6.6 5.4-12 12-12h116v-67c0-10.7 12.9-16 20.5-8.5l99 99c4.7 4.7 4.7 12.3 0 17l-99 99c-7.6 7.6-20.5 2.2-20.5-8.5v-67H140c-6.6 0-12-5.4-12-12z\"><\/path><\/svg>\t\t\t<\/span>\n\t\t\t\t\t\t\t\t\t<span class=\"elementor-button-text\">Innovation<\/span>\n\t\t\t\t\t<\/span>\n\t\t\t\t\t<\/a>\n\t\t\t\t\t\t\t\t<\/div>\n\t\t\t\t<div class=\"elementor-element elementor-element-391aafd7 elementor-widget elementor-widget-button\" data-id=\"391aafd7\" data-element_type=\"widget\" data-widget_type=\"button.default\">\n\t\t\t\t\t\t\t\t\t\t<a class=\"elementor-button elementor-button-link elementor-size-sm\" href=\"https:\/\/www.een.sk\/en\/startupy-scaleupy\/\">\n\t\t\t\t\t\t<span class=\"elementor-button-content-wrapper\">\n\t\t\t\t\t\t<span class=\"elementor-button-icon\">\n\t\t\t\t<svg aria-hidden=\"true\" class=\"e-font-icon-svg e-far-arrow-alt-circle-right\" viewbox=\"0 0 512 512\" xmlns=\"http:\/\/www.w3.org\/2000\/svg\"><path d=\"M504 256C504 119 393 8 256 8S8 119 8 256s111 248 248 248 248-111 248-248zm-448 0c0-110.5 89.5-200 200-200s200 89.5 200 200-89.5 200-200 200S56 366.5 56 256zm72 20v-40c0-6.6 5.4-12 12-12h116v-67c0-10.7 12.9-16 20.5-8.5l99 99c4.7 4.7 4.7 12.3 0 17l-99 99c-7.6 7.6-20.5 2.2-20.5-8.5v-67H140c-6.6 0-12-5.4-12-12z\"><\/path><\/svg>\t\t\t<\/span>\n\t\t\t\t\t\t\t\t\t<span class=\"elementor-button-text\">Start-ups and Scale-ups<\/span>\n\t\t\t\t\t<\/span>\n\t\t\t\t\t<\/a>\n\t\t\t\t\t\t\t\t<\/div>\n\t\t\t\t<div class=\"elementor-element elementor-element-1435e7d8 elementor-widget elementor-widget-button\" data-id=\"1435e7d8\" data-element_type=\"widget\" data-widget_type=\"button.default\">\n\t\t\t\t\t\t\t\t\t\t<a class=\"elementor-button elementor-button-link elementor-size-sm\" href=\"https:\/\/www.een.sk\/en\/digitalizacia\/\">\n\t\t\t\t\t\t<span class=\"elementor-button-content-wrapper\">\n\t\t\t\t\t\t<span class=\"elementor-button-icon\">\n\t\t\t\t<svg aria-hidden=\"true\" class=\"e-font-icon-svg e-far-arrow-alt-circle-right\" viewbox=\"0 0 512 512\" xmlns=\"http:\/\/www.w3.org\/2000\/svg\"><path d=\"M504 256C504 119 393 8 256 8S8 119 8 256s111 248 248 248 248-111 248-248zm-448 0c0-110.5 89.5-200 200-200s200 89.5 200 200-89.5 200-200 200S56 366.5 56 256zm72 20v-40c0-6.6 5.4-12 12-12h116v-67c0-10.7 12.9-16 20.5-8.5l99 99c4.7 4.7 4.7 12.3 0 17l-99 99c-7.6 7.6-20.5 2.2-20.5-8.5v-67H140c-6.6 0-12-5.4-12-12z\"><\/path><\/svg>\t\t\t<\/span>\n\t\t\t\t\t\t\t\t\t<span class=\"elementor-button-text\">Digitalisation<\/span>\n\t\t\t\t\t<\/span>\n\t\t\t\t\t<\/a>\n\t\t\t\t\t\t\t\t<\/div>\n\t\t\t\t<div class=\"elementor-element elementor-element-2d936e23 elementor-widget elementor-widget-button\" data-id=\"2d936e23\" data-element_type=\"widget\" data-widget_type=\"button.default\">\n\t\t\t\t\t\t\t\t\t\t<a class=\"elementor-button elementor-button-link elementor-size-sm\" href=\"https:\/\/www.een.sk\/en\/udrzatelnost\/\">\n\t\t\t\t\t\t<span class=\"elementor-button-content-wrapper\">\n\t\t\t\t\t\t<span class=\"elementor-button-icon\">\n\t\t\t\t<svg aria-hidden=\"true\" class=\"e-font-icon-svg e-far-arrow-alt-circle-right\" viewbox=\"0 0 512 512\" xmlns=\"http:\/\/www.w3.org\/2000\/svg\"><path d=\"M504 256C504 119 393 8 256 8S8 119 8 256s111 248 248 248 248-111 248-248zm-448 0c0-110.5 89.5-200 200-200s200 89.5 200 200-89.5 200-200 200S56 366.5 56 256zm72 20v-40c0-6.6 5.4-12 12-12h116v-67c0-10.7 12.9-16 20.5-8.5l99 99c4.7 4.7 4.7 12.3 0 17l-99 99c-7.6 7.6-20.5 2.2-20.5-8.5v-67H140c-6.6 0-12-5.4-12-12z\"><\/path><\/svg>\t\t\t<\/span>\n\t\t\t\t\t\t\t\t\t<span class=\"elementor-button-text\">Sustainability<\/span>\n\t\t\t\t\t<\/span>\n\t\t\t\t\t<\/a>\n\t\t\t\t\t\t\t\t<\/div>\n\t\t\t\t<\/div>\n\t\t\t\t<div class=\"elementor-element elementor-element-fb3e2c2 elementor-widget elementor-widget-image\" data-id=\"fb3e2c2\" data-element_type=\"widget\" data-widget_type=\"image.default\">\n\t\t\t\t\t\t\t\t\t\t\t\t\t\t\t<img fetchpriority=\"high\" decoding=\"async\" width=\"500\" height=\"576\" src=\"https:\/\/www.een.sk\/wp-content\/uploads\/2025\/10\/Pattern-2.png\" class=\"attachment-large size-large wp-image-263\" alt=\"\" srcset=\"https:\/\/www.een.sk\/wp-content\/uploads\/2025\/10\/Pattern-2.png 500w, https:\/\/www.een.sk\/wp-content\/uploads\/2025\/10\/Pattern-2-260x300.png 260w, https:\/\/www.een.sk\/wp-content\/uploads\/2025\/10\/Pattern-2-10x12.png 10w\" sizes=\"(max-width: 500px) 100vw, 500px\" \/>\t\t\t\t\t\t\t\t\t\t\t\t\t\t\t<\/div>\n\t\t\t\t<\/div>\n\t\t\t\t\t<\/div>\n\t\t\t\t<\/div>\n\t\t\t\t<\/div>","protected":false},"excerpt":{"rendered":"<p>Z\u00edska\u0165 vhodn\u00e9 financovanie pre inovat\u00edvny projekt \u010di rast va\u0161ej firmy nie je jednoduch\u00e9. Pom\u00f4\u017eeme v\u00e1m zorientova\u0165 sa v mo\u017enostiach podpory z eur\u00f3pskych aj n\u00e1rodn\u00fdch zdrojov. Na\u0161\u00edm cie\u013eom je n\u00e1js\u0165 pre [&hellip;]<\/p>","protected":false},"author":1,"featured_media":0,"parent":0,"menu_order":0,"comment_status":"closed","ping_status":"closed","template":"elementor_header_footer","meta":{"jetpack_post_was_ever_published":false,"footnotes":""},"class_list":["post-216","page","type-page","status-publish","hentry"],"yoast_head":"<!-- This site is optimized with the Yoast SEO plugin v26.0 - https:\/\/yoast.com\/wordpress\/plugins\/seo\/ -->\n<title>Financovanie - Enterprise Europe Network<\/title>\n<meta name=\"robots\" content=\"index, follow, max-snippet:-1, max-image-preview:large, max-video-preview:-1\" \/>\n<link rel=\"canonical\" href=\"https:\/\/www.een.sk\/en\/financovanie\/\" \/>\n<meta property=\"og:locale\" content=\"en_GB\" \/>\n<meta property=\"og:type\" content=\"article\" \/>\n<meta property=\"og:title\" content=\"Financovanie - Enterprise Europe Network\" \/>\n<meta property=\"og:description\" content=\"Z\u00edska\u0165 vhodn\u00e9 financovanie pre inovat\u00edvny projekt \u010di rast va\u0161ej firmy nie je jednoduch\u00e9. Pom\u00f4\u017eeme v\u00e1m zorientova\u0165 sa v mo\u017enostiach podpory z eur\u00f3pskych aj n\u00e1rodn\u00fdch zdrojov. Na\u0161\u00edm cie\u013eom je n\u00e1js\u0165 pre [&hellip;]\" \/>\n<meta property=\"og:url\" content=\"https:\/\/www.een.sk\/en\/financovanie\/\" \/>\n<meta property=\"og:site_name\" content=\"Enterprise Europe Network\" \/>\n<meta property=\"article:modified_time\" content=\"2025-11-12T15:30:46+00:00\" \/>\n<meta property=\"og:image\" content=\"https:\/\/www.een.sk\/wp-content\/uploads\/2025\/10\/Pattern-2.png\" \/>\n\t<meta property=\"og:image:width\" content=\"500\" \/>\n\t<meta property=\"og:image:height\" content=\"576\" \/>\n\t<meta property=\"og:image:type\" content=\"image\/png\" \/>\n<meta name=\"twitter:card\" content=\"summary_large_image\" \/>\n<meta name=\"twitter:label1\" content=\"Estimated reading time\" \/>\n\t<meta name=\"twitter:data1\" content=\"2 minutes\" \/>\n<script type=\"application\/ld+json\" class=\"yoast-schema-graph\">{\"@context\":\"https:\/\/schema.org\",\"@graph\":[{\"@type\":\"WebPage\",\"@id\":\"https:\/\/www.een.sk\/financovanie\",\"url\":\"https:\/\/www.een.sk\/financovanie\",\"name\":\"Financovanie - Enterprise Europe Network\",\"isPartOf\":{\"@id\":\"https:\/\/www.een.sk\/#website\"},\"primaryImageOfPage\":{\"@id\":\"https:\/\/www.een.sk\/financovanie#primaryimage\"},\"image\":{\"@id\":\"https:\/\/www.een.sk\/financovanie#primaryimage\"},\"thumbnailUrl\":\"https:\/\/www.een.sk\/wp-content\/uploads\/2025\/10\/Pattern-2.png\",\"datePublished\":\"2025-10-11T22:51:26+00:00\",\"dateModified\":\"2025-11-12T15:30:46+00:00\",\"breadcrumb\":{\"@id\":\"https:\/\/www.een.sk\/financovanie#breadcrumb\"},\"inLanguage\":\"en-GB\",\"potentialAction\":[{\"@type\":\"ReadAction\",\"target\":[\"https:\/\/www.een.sk\/financovanie\"]}]},{\"@type\":\"ImageObject\",\"inLanguage\":\"en-GB\",\"@id\":\"https:\/\/www.een.sk\/financovanie#primaryimage\",\"url\":\"https:\/\/www.een.sk\/wp-content\/uploads\/2025\/10\/Pattern-2.png\",\"contentUrl\":\"https:\/\/www.een.sk\/wp-content\/uploads\/2025\/10\/Pattern-2.png\"},{\"@type\":\"BreadcrumbList\",\"@id\":\"https:\/\/www.een.sk\/financovanie#breadcrumb\",\"itemListElement\":[{\"@type\":\"ListItem\",\"position\":1,\"name\":\"Domovsk\u00e1 str\u00e1nka\",\"item\":\"https:\/\/www.een.sk\/\"},{\"@type\":\"ListItem\",\"position\":2,\"name\":\"Financovanie\"}]},{\"@type\":\"WebSite\",\"@id\":\"https:\/\/www.een.sk\/#website\",\"url\":\"https:\/\/www.een.sk\/\",\"name\":\"Enterprise Europe Network\",\"description\":\"Pom\u00e1hame V\u00e1m inovova\u0165 a medzin\u00e1rodne r\u00e1s\u0165\",\"publisher\":{\"@id\":\"https:\/\/www.een.sk\/#organization\"},\"potentialAction\":[{\"@type\":\"SearchAction\",\"target\":{\"@type\":\"EntryPoint\",\"urlTemplate\":\"https:\/\/www.een.sk\/?s={search_term_string}\"},\"query-input\":{\"@type\":\"PropertyValueSpecification\",\"valueRequired\":true,\"valueName\":\"search_term_string\"}}],\"inLanguage\":\"en-GB\"},{\"@type\":\"Organization\",\"@id\":\"https:\/\/www.een.sk\/#organization\",\"name\":\"Enterprise Europe Network\",\"url\":\"https:\/\/www.een.sk\/\",\"logo\":{\"@type\":\"ImageObject\",\"inLanguage\":\"en-GB\",\"@id\":\"https:\/\/www.een.sk\/#\/schema\/logo\/image\/\",\"url\":\"https:\/\/www.een.sk\/wp-content\/uploads\/2025\/10\/EEN.png\",\"contentUrl\":\"https:\/\/www.een.sk\/wp-content\/uploads\/2025\/10\/EEN.png\",\"width\":851,\"height\":300,\"caption\":\"Enterprise Europe Network\"},\"image\":{\"@id\":\"https:\/\/www.een.sk\/#\/schema\/logo\/image\/\"}}]}<\/script>\n<!-- \/ Yoast SEO plugin. -->","yoast_head_json":{"title":"Financovanie - Enterprise Europe Network","robots":{"index":"index","follow":"follow","max-snippet":"max-snippet:-1","max-image-preview":"max-image-preview:large","max-video-preview":"max-video-preview:-1"},"canonical":"https:\/\/www.een.sk\/en\/financovanie\/","og_locale":"en_GB","og_type":"article","og_title":"Financovanie - Enterprise Europe Network","og_description":"Z\u00edska\u0165 vhodn\u00e9 financovanie pre inovat\u00edvny projekt \u010di rast va\u0161ej firmy nie je jednoduch\u00e9. Pom\u00f4\u017eeme v\u00e1m zorientova\u0165 sa v mo\u017enostiach podpory z eur\u00f3pskych aj n\u00e1rodn\u00fdch zdrojov. Na\u0161\u00edm cie\u013eom je n\u00e1js\u0165 pre [&hellip;]","og_url":"https:\/\/www.een.sk\/en\/financovanie\/","og_site_name":"Enterprise Europe Network","article_modified_time":"2025-11-12T15:30:46+00:00","og_image":[{"width":500,"height":576,"url":"https:\/\/www.een.sk\/wp-content\/uploads\/2025\/10\/Pattern-2.png","type":"image\/png"}],"twitter_card":"summary_large_image","twitter_misc":{"Estimated reading time":"2 minutes"},"schema":{"@context":"https:\/\/schema.org","@graph":[{"@type":"WebPage","@id":"https:\/\/www.een.sk\/financovanie","url":"https:\/\/www.een.sk\/financovanie","name":"Financovanie - Enterprise Europe Network","isPartOf":{"@id":"https:\/\/www.een.sk\/#website"},"primaryImageOfPage":{"@id":"https:\/\/www.een.sk\/financovanie#primaryimage"},"image":{"@id":"https:\/\/www.een.sk\/financovanie#primaryimage"},"thumbnailUrl":"https:\/\/www.een.sk\/wp-content\/uploads\/2025\/10\/Pattern-2.png","datePublished":"2025-10-11T22:51:26+00:00","dateModified":"2025-11-12T15:30:46+00:00","breadcrumb":{"@id":"https:\/\/www.een.sk\/financovanie#breadcrumb"},"inLanguage":"en-GB","potentialAction":[{"@type":"ReadAction","target":["https:\/\/www.een.sk\/financovanie"]}]},{"@type":"ImageObject","inLanguage":"en-GB","@id":"https:\/\/www.een.sk\/financovanie#primaryimage","url":"https:\/\/www.een.sk\/wp-content\/uploads\/2025\/10\/Pattern-2.png","contentUrl":"https:\/\/www.een.sk\/wp-content\/uploads\/2025\/10\/Pattern-2.png"},{"@type":"BreadcrumbList","@id":"https:\/\/www.een.sk\/financovanie#breadcrumb","itemListElement":[{"@type":"ListItem","position":1,"name":"Domovsk\u00e1 str\u00e1nka","item":"https:\/\/www.een.sk\/"},{"@type":"ListItem","position":2,"name":"Financovanie"}]},{"@type":"WebSite","@id":"https:\/\/www.een.sk\/#website","url":"https:\/\/www.een.sk\/","name":"Enterprise Europe Network","description":"Pom\u00e1hame V\u00e1m inovova\u0165 a medzin\u00e1rodne r\u00e1s\u0165","publisher":{"@id":"https:\/\/www.een.sk\/#organization"},"potentialAction":[{"@type":"SearchAction","target":{"@type":"EntryPoint","urlTemplate":"https:\/\/www.een.sk\/?s={search_term_string}"},"query-input":{"@type":"PropertyValueSpecification","valueRequired":true,"valueName":"search_term_string"}}],"inLanguage":"en-GB"},{"@type":"Organization","@id":"https:\/\/www.een.sk\/#organization","name":"Enterprise Europe Network","url":"https:\/\/www.een.sk\/","logo":{"@type":"ImageObject","inLanguage":"en-GB","@id":"https:\/\/www.een.sk\/#\/schema\/logo\/image\/","url":"https:\/\/www.een.sk\/wp-content\/uploads\/2025\/10\/EEN.png","contentUrl":"https:\/\/www.een.sk\/wp-content\/uploads\/2025\/10\/EEN.png","width":851,"height":300,"caption":"Enterprise Europe Network"},"image":{"@id":"https:\/\/www.een.sk\/#\/schema\/logo\/image\/"}}]}},"jetpack_sharing_enabled":true,"_links":{"self":[{"href":"https:\/\/www.een.sk\/en\/wp-json\/wp\/v2\/pages\/216","targetHints":{"allow":["GET"]}}],"collection":[{"href":"https:\/\/www.een.sk\/en\/wp-json\/wp\/v2\/pages"}],"about":[{"href":"https:\/\/www.een.sk\/en\/wp-json\/wp\/v2\/types\/page"}],"author":[{"embeddable":true,"href":"https:\/\/www.een.sk\/en\/wp-json\/wp\/v2\/users\/1"}],"replies":[{"embeddable":true,"href":"https:\/\/www.een.sk\/en\/wp-json\/wp\/v2\/comments?post=216"}],"version-history":[{"count":31,"href":"https:\/\/www.een.sk\/en\/wp-json\/wp\/v2\/pages\/216\/revisions"}],"predecessor-version":[{"id":1406,"href":"https:\/\/www.een.sk\/en\/wp-json\/wp\/v2\/pages\/216\/revisions\/1406"}],"wp:attachment":[{"href":"https:\/\/www.een.sk\/en\/wp-json\/wp\/v2\/media?parent=216"}],"curies":[{"name":"wp","href":"https:\/\/api.w.org\/{rel}","templated":true}]}}