{"id":218,"date":"2025-10-12T00:52:14","date_gmt":"2025-10-11T22:52:14","guid":{"rendered":"https:\/\/www.een.sk\/?page_id=218"},"modified":"2025-11-12T16:29:48","modified_gmt":"2025-11-12T15:29:48","slug":"inovacie","status":"publish","type":"page","link":"https:\/\/www.een.sk\/en\/inovacie","title":{"rendered":"Innovation"},"content":{"rendered":"<div data-elementor-type=\"wp-page\" data-elementor-id=\"218\" class=\"elementor elementor-218\" data-elementor-post-type=\"page\">\n\t\t\t\t<div class=\"elementor-element elementor-element-464cfe4 e-flex e-con-boxed e-con e-parent\" data-id=\"464cfe4\" data-element_type=\"container\">\n\t\t\t\t\t<div class=\"e-con-inner\">\n\t\t<div class=\"elementor-element elementor-element-68ce6e27 e-con-full e-flex e-con e-child\" data-id=\"68ce6e27\" data-element_type=\"container\">\n\t\t\t\t<div class=\"elementor-element elementor-element-5ce956fb elementor-widget elementor-widget-text-editor\" data-id=\"5ce956fb\" data-element_type=\"widget\" data-widget_type=\"text-editor.default\">\n\t\t\t\t\t\t\t\t\t<p>Inov\u00e1cie s\u00fa k\u013e\u00fa\u010dom k rastu, konkurencieschopnosti a udr\u017eate\u013enosti podnikov. Pom\u00e1hame mal\u00fdm a stredn\u00fdm firm\u00e1m premeni\u0165 n\u00e1pady na produkty, slu\u017eby a technol\u00f3gie s re\u00e1lnou trhovou hodnotou. Na\u0161e slu\u017eby pokr\u00fdvaj\u00fa cel\u00fd inova\u010dn\u00fd cyklus \u2013 od prvotn\u00e9ho n\u00e1padu cez strat\u00e9giu a financovanie a\u017e po ochranu du\u0161evn\u00e9ho vlastn\u00edctva.<\/p>\t\t\t\t\t\t\t\t<\/div>\n\t\t\t\t<div class=\"elementor-element elementor-element-28c86a76 elementor-widget elementor-widget-heading\" data-id=\"28c86a76\" data-element_type=\"widget\" data-widget_type=\"heading.default\">\n\t\t\t\t\t<h2 class=\"elementor-heading-title elementor-size-default\">Rozvoj a riadenie inov\u00e1ci\u00ed <\/h2>\t\t\t\t<\/div>\n\t\t\t\t<div class=\"elementor-element elementor-element-da095a9 elementor-widget elementor-widget-text-editor\" data-id=\"da095a9\" data-element_type=\"widget\" data-widget_type=\"text-editor.default\">\n\t\t\t\t\t\t\t\t\t<p>Pom\u00f4\u017eeme v\u00e1m zorientova\u0165 sa v inova\u010dn\u00fdch mo\u017enostiach a efekt\u00edvne riadi\u0165 cel\u00fd inova\u010dn\u00fd proces.\u00a0<\/p><ul><li aria-level=\"1\">Poskytujeme inform\u00e1cie o inova\u010dn\u00fdch politik\u00e1ch, legislat\u00edve a programoch podpory, ktor\u00e9 m\u00f4\u017eu by\u0165 relevantn\u00e9 pre va\u0161e podnikanie.\u00a0<\/li><\/ul><ul><li aria-level=\"1\">Prep\u00e1jame v\u00e1s s region\u00e1lnymi partnermi a akt\u00e9rmi inova\u010dn\u00e9ho ekosyst\u00e9mu \u2013 univerzitami, v\u00fdskumn\u00fdmi centrami, technologick\u00fdmi parkmi a klastrami.\u00a0<\/li><\/ul><ul><li aria-level=\"1\">Zrealizujeme inova\u010dn\u00fd audit, ktor\u00fd pom\u00f4\u017ee zhodnoti\u0165 va\u0161e s\u00fa\u010dasn\u00e9 kapacity a identifikova\u0165 oblasti s najv\u00e4\u010d\u0161\u00edm potenci\u00e1lom rastu.\u00a0<\/li><\/ul><ul><li aria-level=\"1\">Pom\u00e1hame pri nastaven\u00ed inova\u010dnej strat\u00e9gie a riaden\u00ed inova\u010dn\u00fdch procesov tak, aby boli v s\u00falade s celkov\u00fdmi cie\u013emi a v\u00edziou va\u0161ej firmy.\u00a0<\/li><\/ul><p><br \/>Na\u0161\u00edm cie\u013eom je posilni\u0165 va\u0161u inova\u010dn\u00fa kapacitu a pom\u00f4c\u0165 v\u00e1m efekt\u00edvne premeni\u0165 nov\u00e9 n\u00e1pady na trhov\u00e9 rie\u0161enia.\u00a0<\/p>\t\t\t\t\t\t\t\t<\/div>\n\t\t\t\t<div class=\"elementor-element elementor-element-6ba7167 elementor-widget elementor-widget-heading\" data-id=\"6ba7167\" data-element_type=\"widget\" data-widget_type=\"heading.default\">\n\t\t\t\t\t<h2 class=\"elementor-heading-title elementor-size-default\">Financovanie inov\u00e1ci\u00ed<\/h2>\t\t\t\t<\/div>\n\t\t\t\t<div class=\"elementor-element elementor-element-d165b2a elementor-widget elementor-widget-text-editor\" data-id=\"d165b2a\" data-element_type=\"widget\" data-widget_type=\"text-editor.default\">\n\t\t\t\t\t\t\t\t\t<p>Inov\u00e1cie si vy\u017eaduj\u00fa spr\u00e1vne financovanie \u2013 a my v\u00e1m pom\u00f4\u017eeme n\u00e1js\u0165 tie najvhodnej\u0161ie zdroje. Poskytujeme poradenstvo pri pr\u00edstupe k programom financovania inov\u00e1ci\u00ed, vr\u00e1tane programu Horizont Eur\u00f3pa a jeho n\u00e1strojov:\u00a0<\/p><ul><li aria-level=\"1\">Kask\u00e1dov\u00e9 financovanie \u2013 pom\u00f4\u017eeme v\u00e1m n\u00e1js\u0165 otvoren\u00e9 v\u00fdzvy men\u0161\u00edch grantov (zvy\u010dajne 20-150 tis. \u20ac) financovan\u00fdch z eur\u00f3pskych projektov, ktor\u00e9 poskytuj\u00fa r\u00fdchlu a menej administrat\u00edvne n\u00e1ro\u010dn\u00fa podporu pre pilotn\u00e9 testovanie, digitaliz\u00e1ciu \u010di rozvoj nov\u00fdch produktov.\u00a0<\/li><\/ul><ul><li aria-level=\"1\">EIC Pre-Accelerator \u2013 nasmerujeme v\u00e1s k mo\u017enostiam \u00fa\u010dasti v novom programe EIC, ktor\u00fd podporuje startupy v\u202fskor\u0161\u00edch f\u00e1zach v\u00fdvoja produktov (medzi proof-of-concept a MVP) grantom a\u017e do 500 tis. \u20ac a\u202fpripravuje na podanie \u017eiadosti do EIC Accelerator, pr\u00edpadne financovanie investormi.\u00a0<\/li><\/ul><ul><li aria-level=\"1\">EIC Accelerator \u2013 pom\u00f4\u017eeme v\u00e1m zhodnoti\u0165 pripravenos\u0165 va\u0161ej inov\u00e1cie pre tento prest\u00ed\u017eny eur\u00f3psky program, ktor\u00fd kombinuje grant a kapit\u00e1lov\u00fa invest\u00edciu a\u017e do v\u00fd\u0161ky 12,5 mil. \u20ac. Podpor\u00edme v\u00e1s pri pr\u00edprave Step 1 aj Step 2 n\u00e1vrhu, vr\u00e1tane prezent\u00e1cie pred investi\u010dnou porotou.\u00a0<br \/><br \/><\/li><\/ul><p><strong>Pon\u00fakame v\u00e1m \u0161irok\u00e9 spektrum slu\u017eieb spojen\u00fdch s\u202ffinancovan\u00edm inov\u00e1ci\u00ed:\u00a0<\/strong><\/p><ul><li aria-level=\"1\">Na\u0161i experti pos\u00fadia, \u010di m\u00e1 va\u0161a firma potenci\u00e1l \u00faspe\u0161ne sa uch\u00e1dza\u0165 o podporu a pom\u00f4\u017eu v\u00e1m pripravi\u0165 konkuren\u010dn\u00fd projektov\u00fd n\u00e1vrh.\u00a0<\/li><\/ul><ul><li aria-level=\"1\">Porad\u00edme v\u00e1m, ako z\u00edska\u0165 grantov\u00e9 aj investi\u010dn\u00e9 financovanie pre v\u00fdvoj inov\u00e1ci\u00ed a vstup na nov\u00e9 trhy.\u00a0<\/li><\/ul><ul><li aria-level=\"1\">Pom\u00e1hame pripravi\u0165 prezent\u00e1cie pre investorov a partnerov (pitch decky) a prepoj\u00edme v\u00e1s s relevantn\u00fdmi finan\u010dn\u00fdmi in\u0161tit\u00faciami.\u00a0<\/li><\/ul><p><br \/>S na\u0161ou podporou zv\u00fd\u0161ite \u0161ance na \u00faspe\u0161n\u00e9 financovanie va\u0161ich inovat\u00edvnych aktiv\u00edt a zr\u00fdchlite pr\u00edstup k trhu.\u00a0<\/p>\t\t\t\t\t\t\t\t<\/div>\n\t\t\t\t<div class=\"elementor-element elementor-element-f750c39 elementor-widget elementor-widget-heading\" data-id=\"f750c39\" data-element_type=\"widget\" data-widget_type=\"heading.default\">\n\t\t\t\t\t<h2 class=\"elementor-heading-title elementor-size-default\">Pr\u00e1va du\u0161evn\u00e9ho vlastn\u00edctva<\/h2>\t\t\t\t<\/div>\n\t\t\t\t<div class=\"elementor-element elementor-element-5ae2ef5 elementor-widget elementor-widget-text-editor\" data-id=\"5ae2ef5\" data-element_type=\"widget\" data-widget_type=\"text-editor.default\">\n\t\t\t\t\t\t\t\t\t<p>Ochrana du\u0161evn\u00e9ho vlastn\u00edctva je neoddelite\u013enou s\u00fa\u010das\u0165ou inova\u010dn\u00e9ho procesu. Pom\u00e1hame v\u00e1m pochopi\u0165, ako chr\u00e1ni\u0165 v\u00fdsledky v\u00fdskumu, technol\u00f3gie \u010di zna\u010dku va\u0161ej firmy.\u00a0<\/p><ul><li aria-level=\"1\">Poskytujeme poradenstvo k pr\u00e1vam du\u0161evn\u00e9ho vlastn\u00edctva (IPR) \u2013 patenty, ochrann\u00e9 zn\u00e1mky, dizajny, autorsk\u00e9 pr\u00e1va.\u00a0<\/li><\/ul><ul><li aria-level=\"1\">Prostredn\u00edctvom IPR Ambas\u00e1dora v\u00e1m pom\u00e1hame nastavi\u0165 strat\u00e9giu ochrany know-how a zabezpe\u010di\u0165 si v\u00fdhody na trhu.\u00a0<\/li><\/ul><ul><li aria-level=\"1\">Prepoj\u00edme v\u00e1s s n\u00e1rodn\u00fdmi a eur\u00f3pskymi in\u0161tit\u00faciami a odborn\u00edkmi na priemyseln\u00e9 vlastn\u00edctvo.\u00a0<\/li><\/ul><ul><li aria-level=\"1\">Poskytneme aj odborn\u00e9 rady k marketingu technol\u00f3gi\u00ed a komercializ\u00e1cii inov\u00e1ci\u00ed.\u00a0<br \/><br \/><\/li><\/ul><p>Radi v\u00e1m poskytneme \u0161pecializovan\u00e9 re\u0161er\u0161n\u00e9 slu\u017eby. Re\u0161er\u0161ou na stav techniky vieme overi\u0165 novos\u0165 vyn\u00e1lezu, patentovou anal\u00fdzou poskytn\u00fa\u0165 inform\u00e1cie o trendoch v patentovan\u00ed a re\u0161er\u0161ou na pr\u00e1vny stav dokumentov zisti\u0165 platnos\u0165 patentov, \u00fa\u017eitkov\u00fdch vzorov a pod. Okrem toho vieme preveri\u0165 vizu\u00e1lnu str\u00e1nku produktu \u010di znenie a vzh\u013ead loga cez vypracovanie re\u0161er\u0161e na dizajn\/ochrann\u00fa zn\u00e1mku.<\/p>\t\t\t\t\t\t\t\t<\/div>\n\t\t\t\t<\/div>\n\t\t<div class=\"elementor-element elementor-element-635ca5d e-con-full e-flex e-con e-child\" data-id=\"635ca5d\" data-element_type=\"container\">\n\t\t<div class=\"elementor-element elementor-element-45e87236 e-con-full e-flex e-con e-child\" data-id=\"45e87236\" data-element_type=\"container\">\n\t\t\t\t<div class=\"elementor-element elementor-element-63d8c44c elementor-widget elementor-widget-heading\" data-id=\"63d8c44c\" data-element_type=\"widget\" data-widget_type=\"heading.default\">\n\t\t\t\t\t<h2 class=\"elementor-heading-title elementor-size-default\">Vyberte si poradenstvo<\/h2>\t\t\t\t<\/div>\n\t\t\t\t<div class=\"elementor-element elementor-element-2eb3444b elementor-widget elementor-widget-button\" data-id=\"2eb3444b\" data-element_type=\"widget\" data-widget_type=\"button.default\">\n\t\t\t\t\t\t\t\t\t\t<a class=\"elementor-button elementor-button-link elementor-size-sm\" href=\"https:\/\/www.een.sk\/en\/podnikanie-v-zahranici\/\">\n\t\t\t\t\t\t<span class=\"elementor-button-content-wrapper\">\n\t\t\t\t\t\t<span class=\"elementor-button-icon\">\n\t\t\t\t<svg aria-hidden=\"true\" class=\"e-font-icon-svg e-far-arrow-alt-circle-right\" viewbox=\"0 0 512 512\" xmlns=\"http:\/\/www.w3.org\/2000\/svg\"><path d=\"M504 256C504 119 393 8 256 8S8 119 8 256s111 248 248 248 248-111 248-248zm-448 0c0-110.5 89.5-200 200-200s200 89.5 200 200-89.5 200-200 200S56 366.5 56 256zm72 20v-40c0-6.6 5.4-12 12-12h116v-67c0-10.7 12.9-16 20.5-8.5l99 99c4.7 4.7 4.7 12.3 0 17l-99 99c-7.6 7.6-20.5 2.2-20.5-8.5v-67H140c-6.6 0-12-5.4-12-12z\"><\/path><\/svg>\t\t\t<\/span>\n\t\t\t\t\t\t\t\t\t<span class=\"elementor-button-text\">Doing Business Abroad<\/span>\n\t\t\t\t\t<\/span>\n\t\t\t\t\t<\/a>\n\t\t\t\t\t\t\t\t<\/div>\n\t\t\t\t<div class=\"elementor-element elementor-element-52568dce elementor-widget elementor-widget-button\" data-id=\"52568dce\" data-element_type=\"widget\" data-widget_type=\"button.default\">\n\t\t\t\t\t\t\t\t\t\t<a class=\"elementor-button elementor-button-link elementor-size-sm\" href=\"https:\/\/www.een.sk\/en\/financovanie\/\">\n\t\t\t\t\t\t<span class=\"elementor-button-content-wrapper\">\n\t\t\t\t\t\t<span class=\"elementor-button-icon\">\n\t\t\t\t<svg aria-hidden=\"true\" class=\"e-font-icon-svg e-far-arrow-alt-circle-right\" viewbox=\"0 0 512 512\" xmlns=\"http:\/\/www.w3.org\/2000\/svg\"><path d=\"M504 256C504 119 393 8 256 8S8 119 8 256s111 248 248 248 248-111 248-248zm-448 0c0-110.5 89.5-200 200-200s200 89.5 200 200-89.5 200-200 200S56 366.5 56 256zm72 20v-40c0-6.6 5.4-12 12-12h116v-67c0-10.7 12.9-16 20.5-8.5l99 99c4.7 4.7 4.7 12.3 0 17l-99 99c-7.6 7.6-20.5 2.2-20.5-8.5v-67H140c-6.6 0-12-5.4-12-12z\"><\/path><\/svg>\t\t\t<\/span>\n\t\t\t\t\t\t\t\t\t<span class=\"elementor-button-text\">Finance<\/span>\n\t\t\t\t\t<\/span>\n\t\t\t\t\t<\/a>\n\t\t\t\t\t\t\t\t<\/div>\n\t\t\t\t<div class=\"elementor-element elementor-element-6b90e6d1 elementor-widget elementor-widget-button\" data-id=\"6b90e6d1\" data-element_type=\"widget\" data-widget_type=\"button.default\">\n\t\t\t\t\t\t\t\t\t\t<a class=\"elementor-button elementor-button-link elementor-size-sm\" href=\"https:\/\/www.een.sk\/en\/inovacie\/\">\n\t\t\t\t\t\t<span class=\"elementor-button-content-wrapper\">\n\t\t\t\t\t\t<span class=\"elementor-button-icon\">\n\t\t\t\t<svg aria-hidden=\"true\" class=\"e-font-icon-svg e-far-arrow-alt-circle-right\" viewbox=\"0 0 512 512\" xmlns=\"http:\/\/www.w3.org\/2000\/svg\"><path d=\"M504 256C504 119 393 8 256 8S8 119 8 256s111 248 248 248 248-111 248-248zm-448 0c0-110.5 89.5-200 200-200s200 89.5 200 200-89.5 200-200 200S56 366.5 56 256zm72 20v-40c0-6.6 5.4-12 12-12h116v-67c0-10.7 12.9-16 20.5-8.5l99 99c4.7 4.7 4.7 12.3 0 17l-99 99c-7.6 7.6-20.5 2.2-20.5-8.5v-67H140c-6.6 0-12-5.4-12-12z\"><\/path><\/svg>\t\t\t<\/span>\n\t\t\t\t\t\t\t\t\t<span class=\"elementor-button-text\">Innovation<\/span>\n\t\t\t\t\t<\/span>\n\t\t\t\t\t<\/a>\n\t\t\t\t\t\t\t\t<\/div>\n\t\t\t\t<div class=\"elementor-element elementor-element-12d172cc elementor-widget elementor-widget-button\" data-id=\"12d172cc\" data-element_type=\"widget\" data-widget_type=\"button.default\">\n\t\t\t\t\t\t\t\t\t\t<a class=\"elementor-button elementor-button-link elementor-size-sm\" href=\"https:\/\/www.een.sk\/en\/startupy-scaleupy\/\">\n\t\t\t\t\t\t<span class=\"elementor-button-content-wrapper\">\n\t\t\t\t\t\t<span class=\"elementor-button-icon\">\n\t\t\t\t<svg aria-hidden=\"true\" class=\"e-font-icon-svg e-far-arrow-alt-circle-right\" viewbox=\"0 0 512 512\" xmlns=\"http:\/\/www.w3.org\/2000\/svg\"><path d=\"M504 256C504 119 393 8 256 8S8 119 8 256s111 248 248 248 248-111 248-248zm-448 0c0-110.5 89.5-200 200-200s200 89.5 200 200-89.5 200-200 200S56 366.5 56 256zm72 20v-40c0-6.6 5.4-12 12-12h116v-67c0-10.7 12.9-16 20.5-8.5l99 99c4.7 4.7 4.7 12.3 0 17l-99 99c-7.6 7.6-20.5 2.2-20.5-8.5v-67H140c-6.6 0-12-5.4-12-12z\"><\/path><\/svg>\t\t\t<\/span>\n\t\t\t\t\t\t\t\t\t<span class=\"elementor-button-text\">Start-ups and Scale-ups<\/span>\n\t\t\t\t\t<\/span>\n\t\t\t\t\t<\/a>\n\t\t\t\t\t\t\t\t<\/div>\n\t\t\t\t<div class=\"elementor-element elementor-element-71e7600e elementor-widget elementor-widget-button\" data-id=\"71e7600e\" data-element_type=\"widget\" data-widget_type=\"button.default\">\n\t\t\t\t\t\t\t\t\t\t<a class=\"elementor-button elementor-button-link elementor-size-sm\" href=\"https:\/\/www.een.sk\/en\/digitalizacia\/\">\n\t\t\t\t\t\t<span class=\"elementor-button-content-wrapper\">\n\t\t\t\t\t\t<span class=\"elementor-button-icon\">\n\t\t\t\t<svg aria-hidden=\"true\" class=\"e-font-icon-svg e-far-arrow-alt-circle-right\" viewbox=\"0 0 512 512\" xmlns=\"http:\/\/www.w3.org\/2000\/svg\"><path d=\"M504 256C504 119 393 8 256 8S8 119 8 256s111 248 248 248 248-111 248-248zm-448 0c0-110.5 89.5-200 200-200s200 89.5 200 200-89.5 200-200 200S56 366.5 56 256zm72 20v-40c0-6.6 5.4-12 12-12h116v-67c0-10.7 12.9-16 20.5-8.5l99 99c4.7 4.7 4.7 12.3 0 17l-99 99c-7.6 7.6-20.5 2.2-20.5-8.5v-67H140c-6.6 0-12-5.4-12-12z\"><\/path><\/svg>\t\t\t<\/span>\n\t\t\t\t\t\t\t\t\t<span class=\"elementor-button-text\">Digitalisation<\/span>\n\t\t\t\t\t<\/span>\n\t\t\t\t\t<\/a>\n\t\t\t\t\t\t\t\t<\/div>\n\t\t\t\t<div class=\"elementor-element elementor-element-552e00e6 elementor-widget elementor-widget-button\" data-id=\"552e00e6\" data-element_type=\"widget\" data-widget_type=\"button.default\">\n\t\t\t\t\t\t\t\t\t\t<a class=\"elementor-button elementor-button-link elementor-size-sm\" href=\"https:\/\/www.een.sk\/en\/udrzatelnost\/\">\n\t\t\t\t\t\t<span class=\"elementor-button-content-wrapper\">\n\t\t\t\t\t\t<span class=\"elementor-button-icon\">\n\t\t\t\t<svg aria-hidden=\"true\" class=\"e-font-icon-svg e-far-arrow-alt-circle-right\" viewbox=\"0 0 512 512\" xmlns=\"http:\/\/www.w3.org\/2000\/svg\"><path d=\"M504 256C504 119 393 8 256 8S8 119 8 256s111 248 248 248 248-111 248-248zm-448 0c0-110.5 89.5-200 200-200s200 89.5 200 200-89.5 200-200 200S56 366.5 56 256zm72 20v-40c0-6.6 5.4-12 12-12h116v-67c0-10.7 12.9-16 20.5-8.5l99 99c4.7 4.7 4.7 12.3 0 17l-99 99c-7.6 7.6-20.5 2.2-20.5-8.5v-67H140c-6.6 0-12-5.4-12-12z\"><\/path><\/svg>\t\t\t<\/span>\n\t\t\t\t\t\t\t\t\t<span class=\"elementor-button-text\">Sustainability<\/span>\n\t\t\t\t\t<\/span>\n\t\t\t\t\t<\/a>\n\t\t\t\t\t\t\t\t<\/div>\n\t\t\t\t<\/div>\n\t\t\t\t<div class=\"elementor-element elementor-element-f62c94d elementor-widget elementor-widget-image\" data-id=\"f62c94d\" data-element_type=\"widget\" data-widget_type=\"image.default\">\n\t\t\t\t\t\t\t\t\t\t\t\t\t\t\t<img fetchpriority=\"high\" decoding=\"async\" width=\"500\" height=\"499\" src=\"https:\/\/www.een.sk\/wp-content\/uploads\/2025\/10\/Pattern-7.png\" class=\"attachment-large size-large wp-image-268\" alt=\"\" srcset=\"https:\/\/www.een.sk\/wp-content\/uploads\/2025\/10\/Pattern-7.png 500w, https:\/\/www.een.sk\/wp-content\/uploads\/2025\/10\/Pattern-7-300x300.png 300w, https:\/\/www.een.sk\/wp-content\/uploads\/2025\/10\/Pattern-7-150x150.png 150w, https:\/\/www.een.sk\/wp-content\/uploads\/2025\/10\/Pattern-7-12x12.png 12w\" sizes=\"(max-width: 500px) 100vw, 500px\" \/>\t\t\t\t\t\t\t\t\t\t\t\t\t\t\t<\/div>\n\t\t\t\t<\/div>\n\t\t\t\t\t<\/div>\n\t\t\t\t<\/div>\n\t\t\t\t<\/div>","protected":false},"excerpt":{"rendered":"<p>Inov\u00e1cie s\u00fa k\u013e\u00fa\u010dom k rastu, konkurencieschopnosti a udr\u017eate\u013enosti podnikov. Pom\u00e1hame mal\u00fdm a stredn\u00fdm firm\u00e1m premeni\u0165 n\u00e1pady na produkty, slu\u017eby a technol\u00f3gie s re\u00e1lnou trhovou hodnotou. Na\u0161e slu\u017eby pokr\u00fdvaj\u00fa cel\u00fd inova\u010dn\u00fd [&hellip;]<\/p>","protected":false},"author":1,"featured_media":0,"parent":0,"menu_order":0,"comment_status":"closed","ping_status":"closed","template":"elementor_header_footer","meta":{"jetpack_post_was_ever_published":false,"footnotes":""},"class_list":["post-218","page","type-page","status-publish","hentry"],"yoast_head":"<!-- This site is optimized with the Yoast SEO plugin v26.0 - https:\/\/yoast.com\/wordpress\/plugins\/seo\/ -->\n<title>Inov\u00e1cie - Enterprise Europe Network<\/title>\n<meta name=\"robots\" content=\"index, follow, max-snippet:-1, max-image-preview:large, max-video-preview:-1\" \/>\n<link rel=\"canonical\" href=\"https:\/\/www.een.sk\/en\/inovacie\/\" \/>\n<meta property=\"og:locale\" content=\"en_GB\" \/>\n<meta property=\"og:type\" content=\"article\" \/>\n<meta property=\"og:title\" content=\"Inov\u00e1cie - Enterprise Europe Network\" \/>\n<meta property=\"og:description\" content=\"Inov\u00e1cie s\u00fa k\u013e\u00fa\u010dom k rastu, konkurencieschopnosti a udr\u017eate\u013enosti podnikov. Pom\u00e1hame mal\u00fdm a stredn\u00fdm firm\u00e1m premeni\u0165 n\u00e1pady na produkty, slu\u017eby a technol\u00f3gie s re\u00e1lnou trhovou hodnotou. Na\u0161e slu\u017eby pokr\u00fdvaj\u00fa cel\u00fd inova\u010dn\u00fd [&hellip;]\" \/>\n<meta property=\"og:url\" content=\"https:\/\/www.een.sk\/en\/inovacie\/\" \/>\n<meta property=\"og:site_name\" content=\"Enterprise Europe Network\" \/>\n<meta property=\"article:modified_time\" content=\"2025-11-12T15:29:48+00:00\" \/>\n<meta property=\"og:image\" content=\"https:\/\/www.een.sk\/wp-content\/uploads\/2025\/10\/Pattern-7.png\" \/>\n\t<meta property=\"og:image:width\" content=\"500\" \/>\n\t<meta property=\"og:image:height\" content=\"499\" \/>\n\t<meta property=\"og:image:type\" content=\"image\/png\" \/>\n<meta name=\"twitter:card\" content=\"summary_large_image\" \/>\n<meta name=\"twitter:label1\" content=\"Estimated reading time\" \/>\n\t<meta name=\"twitter:data1\" content=\"3 minutes\" \/>\n<script type=\"application\/ld+json\" class=\"yoast-schema-graph\">{\"@context\":\"https:\/\/schema.org\",\"@graph\":[{\"@type\":\"WebPage\",\"@id\":\"https:\/\/www.een.sk\/inovacie\",\"url\":\"https:\/\/www.een.sk\/inovacie\",\"name\":\"Inov\u00e1cie - Enterprise Europe Network\",\"isPartOf\":{\"@id\":\"https:\/\/www.een.sk\/#website\"},\"primaryImageOfPage\":{\"@id\":\"https:\/\/www.een.sk\/inovacie#primaryimage\"},\"image\":{\"@id\":\"https:\/\/www.een.sk\/inovacie#primaryimage\"},\"thumbnailUrl\":\"https:\/\/www.een.sk\/wp-content\/uploads\/2025\/10\/Pattern-7.png\",\"datePublished\":\"2025-10-11T22:52:14+00:00\",\"dateModified\":\"2025-11-12T15:29:48+00:00\",\"breadcrumb\":{\"@id\":\"https:\/\/www.een.sk\/inovacie#breadcrumb\"},\"inLanguage\":\"en-GB\",\"potentialAction\":[{\"@type\":\"ReadAction\",\"target\":[\"https:\/\/www.een.sk\/inovacie\"]}]},{\"@type\":\"ImageObject\",\"inLanguage\":\"en-GB\",\"@id\":\"https:\/\/www.een.sk\/inovacie#primaryimage\",\"url\":\"https:\/\/www.een.sk\/wp-content\/uploads\/2025\/10\/Pattern-7.png\",\"contentUrl\":\"https:\/\/www.een.sk\/wp-content\/uploads\/2025\/10\/Pattern-7.png\"},{\"@type\":\"BreadcrumbList\",\"@id\":\"https:\/\/www.een.sk\/inovacie#breadcrumb\",\"itemListElement\":[{\"@type\":\"ListItem\",\"position\":1,\"name\":\"Domovsk\u00e1 str\u00e1nka\",\"item\":\"https:\/\/www.een.sk\/\"},{\"@type\":\"ListItem\",\"position\":2,\"name\":\"Inov\u00e1cie\"}]},{\"@type\":\"WebSite\",\"@id\":\"https:\/\/www.een.sk\/#website\",\"url\":\"https:\/\/www.een.sk\/\",\"name\":\"Enterprise Europe Network\",\"description\":\"Pom\u00e1hame V\u00e1m inovova\u0165 a medzin\u00e1rodne r\u00e1s\u0165\",\"publisher\":{\"@id\":\"https:\/\/www.een.sk\/#organization\"},\"potentialAction\":[{\"@type\":\"SearchAction\",\"target\":{\"@type\":\"EntryPoint\",\"urlTemplate\":\"https:\/\/www.een.sk\/?s={search_term_string}\"},\"query-input\":{\"@type\":\"PropertyValueSpecification\",\"valueRequired\":true,\"valueName\":\"search_term_string\"}}],\"inLanguage\":\"en-GB\"},{\"@type\":\"Organization\",\"@id\":\"https:\/\/www.een.sk\/#organization\",\"name\":\"Enterprise Europe Network\",\"url\":\"https:\/\/www.een.sk\/\",\"logo\":{\"@type\":\"ImageObject\",\"inLanguage\":\"en-GB\",\"@id\":\"https:\/\/www.een.sk\/#\/schema\/logo\/image\/\",\"url\":\"https:\/\/www.een.sk\/wp-content\/uploads\/2025\/10\/EEN.png\",\"contentUrl\":\"https:\/\/www.een.sk\/wp-content\/uploads\/2025\/10\/EEN.png\",\"width\":851,\"height\":300,\"caption\":\"Enterprise Europe Network\"},\"image\":{\"@id\":\"https:\/\/www.een.sk\/#\/schema\/logo\/image\/\"}}]}<\/script>\n<!-- \/ Yoast SEO plugin. -->","yoast_head_json":{"title":"Inov\u00e1cie - Enterprise Europe Network","robots":{"index":"index","follow":"follow","max-snippet":"max-snippet:-1","max-image-preview":"max-image-preview:large","max-video-preview":"max-video-preview:-1"},"canonical":"https:\/\/www.een.sk\/en\/inovacie\/","og_locale":"en_GB","og_type":"article","og_title":"Inov\u00e1cie - Enterprise Europe Network","og_description":"Inov\u00e1cie s\u00fa k\u013e\u00fa\u010dom k rastu, konkurencieschopnosti a udr\u017eate\u013enosti podnikov. Pom\u00e1hame mal\u00fdm a stredn\u00fdm firm\u00e1m premeni\u0165 n\u00e1pady na produkty, slu\u017eby a technol\u00f3gie s re\u00e1lnou trhovou hodnotou. Na\u0161e slu\u017eby pokr\u00fdvaj\u00fa cel\u00fd inova\u010dn\u00fd [&hellip;]","og_url":"https:\/\/www.een.sk\/en\/inovacie\/","og_site_name":"Enterprise Europe Network","article_modified_time":"2025-11-12T15:29:48+00:00","og_image":[{"width":500,"height":499,"url":"https:\/\/www.een.sk\/wp-content\/uploads\/2025\/10\/Pattern-7.png","type":"image\/png"}],"twitter_card":"summary_large_image","twitter_misc":{"Estimated reading time":"3 minutes"},"schema":{"@context":"https:\/\/schema.org","@graph":[{"@type":"WebPage","@id":"https:\/\/www.een.sk\/inovacie","url":"https:\/\/www.een.sk\/inovacie","name":"Inov\u00e1cie - Enterprise Europe Network","isPartOf":{"@id":"https:\/\/www.een.sk\/#website"},"primaryImageOfPage":{"@id":"https:\/\/www.een.sk\/inovacie#primaryimage"},"image":{"@id":"https:\/\/www.een.sk\/inovacie#primaryimage"},"thumbnailUrl":"https:\/\/www.een.sk\/wp-content\/uploads\/2025\/10\/Pattern-7.png","datePublished":"2025-10-11T22:52:14+00:00","dateModified":"2025-11-12T15:29:48+00:00","breadcrumb":{"@id":"https:\/\/www.een.sk\/inovacie#breadcrumb"},"inLanguage":"en-GB","potentialAction":[{"@type":"ReadAction","target":["https:\/\/www.een.sk\/inovacie"]}]},{"@type":"ImageObject","inLanguage":"en-GB","@id":"https:\/\/www.een.sk\/inovacie#primaryimage","url":"https:\/\/www.een.sk\/wp-content\/uploads\/2025\/10\/Pattern-7.png","contentUrl":"https:\/\/www.een.sk\/wp-content\/uploads\/2025\/10\/Pattern-7.png"},{"@type":"BreadcrumbList","@id":"https:\/\/www.een.sk\/inovacie#breadcrumb","itemListElement":[{"@type":"ListItem","position":1,"name":"Domovsk\u00e1 str\u00e1nka","item":"https:\/\/www.een.sk\/"},{"@type":"ListItem","position":2,"name":"Inov\u00e1cie"}]},{"@type":"WebSite","@id":"https:\/\/www.een.sk\/#website","url":"https:\/\/www.een.sk\/","name":"Enterprise Europe Network","description":"Pom\u00e1hame V\u00e1m inovova\u0165 a medzin\u00e1rodne r\u00e1s\u0165","publisher":{"@id":"https:\/\/www.een.sk\/#organization"},"potentialAction":[{"@type":"SearchAction","target":{"@type":"EntryPoint","urlTemplate":"https:\/\/www.een.sk\/?s={search_term_string}"},"query-input":{"@type":"PropertyValueSpecification","valueRequired":true,"valueName":"search_term_string"}}],"inLanguage":"en-GB"},{"@type":"Organization","@id":"https:\/\/www.een.sk\/#organization","name":"Enterprise Europe Network","url":"https:\/\/www.een.sk\/","logo":{"@type":"ImageObject","inLanguage":"en-GB","@id":"https:\/\/www.een.sk\/#\/schema\/logo\/image\/","url":"https:\/\/www.een.sk\/wp-content\/uploads\/2025\/10\/EEN.png","contentUrl":"https:\/\/www.een.sk\/wp-content\/uploads\/2025\/10\/EEN.png","width":851,"height":300,"caption":"Enterprise Europe Network"},"image":{"@id":"https:\/\/www.een.sk\/#\/schema\/logo\/image\/"}}]}},"jetpack_sharing_enabled":true,"_links":{"self":[{"href":"https:\/\/www.een.sk\/en\/wp-json\/wp\/v2\/pages\/218","targetHints":{"allow":["GET"]}}],"collection":[{"href":"https:\/\/www.een.sk\/en\/wp-json\/wp\/v2\/pages"}],"about":[{"href":"https:\/\/www.een.sk\/en\/wp-json\/wp\/v2\/types\/page"}],"author":[{"embeddable":true,"href":"https:\/\/www.een.sk\/en\/wp-json\/wp\/v2\/users\/1"}],"replies":[{"embeddable":true,"href":"https:\/\/www.een.sk\/en\/wp-json\/wp\/v2\/comments?post=218"}],"version-history":[{"count":25,"href":"https:\/\/www.een.sk\/en\/wp-json\/wp\/v2\/pages\/218\/revisions"}],"predecessor-version":[{"id":1403,"href":"https:\/\/www.een.sk\/en\/wp-json\/wp\/v2\/pages\/218\/revisions\/1403"}],"wp:attachment":[{"href":"https:\/\/www.een.sk\/en\/wp-json\/wp\/v2\/media?parent=218"}],"curies":[{"name":"wp","href":"https:\/\/api.w.org\/{rel}","templated":true}]}}