{"id":220,"date":"2025-10-12T00:52:55","date_gmt":"2025-10-11T22:52:55","guid":{"rendered":"https:\/\/www.een.sk\/?page_id=220"},"modified":"2025-11-12T16:29:01","modified_gmt":"2025-11-12T15:29:01","slug":"startupy-scaleupy","status":"publish","type":"page","link":"https:\/\/www.een.sk\/en\/startupy-scaleupy","title":{"rendered":"Start-ups and Scale-ups"},"content":{"rendered":"<div data-elementor-type=\"wp-page\" data-elementor-id=\"220\" class=\"elementor elementor-220\" data-elementor-post-type=\"page\">\n\t\t\t\t<div class=\"elementor-element elementor-element-1c60212b e-flex e-con-boxed e-con e-parent\" data-id=\"1c60212b\" data-element_type=\"container\">\n\t\t\t\t\t<div class=\"e-con-inner\">\n\t\t<div class=\"elementor-element elementor-element-4398e9e4 e-con-full e-flex e-con e-child\" data-id=\"4398e9e4\" data-element_type=\"container\">\n\t\t\t\t<div class=\"elementor-element elementor-element-e6d8223 elementor-widget elementor-widget-text-editor\" data-id=\"e6d8223\" data-element_type=\"widget\" data-widget_type=\"text-editor.default\">\n\t\t\t\t\t\t\t\t\t<p>Podporujeme za\u010d\u00ednaj\u00face aj r\u00fdchlo rast\u00face firmy na ich ceste od n\u00e1padu a\u017e po expanziu na medzin\u00e1rodn\u00e9 trhy. Pom\u00e1hame premeni\u0165 inovat\u00edvne my\u0161lienky na \u00faspe\u0161n\u00e9 podnikanie, spoji\u0165 sa s partnermi a z\u00edska\u0165 potrebn\u00e9 financovanie. Na\u0161e slu\u017eby s\u00fa ur\u010den\u00e9 startupom, scaleupomaj zakladate\u013eom, ktor\u00ed h\u013eadaj\u00fa cestu, ako rozv\u00edja\u0165 svoj produkt, t\u00edm a trhov\u00fd potenci\u00e1l.<\/p>\t\t\t\t\t\t\t\t<\/div>\n\t\t\t\t<div class=\"elementor-element elementor-element-d262320 elementor-widget elementor-widget-heading\" data-id=\"d262320\" data-element_type=\"widget\" data-widget_type=\"heading.default\">\n\t\t\t\t\t<h2 class=\"elementor-heading-title elementor-size-default\">Rozvoj a mentoring startupov <\/h2>\t\t\t\t<\/div>\n\t\t\t\t<div class=\"elementor-element elementor-element-66a7882 elementor-widget elementor-widget-text-editor\" data-id=\"66a7882\" data-element_type=\"widget\" data-widget_type=\"text-editor.default\">\n\t\t\t\t\t\t\t\t\t<p>Pom\u00e1hame startupom pripravi\u0165 sa na r\u00fdchly rast a vstup na trh.\u00a0<\/p><ul><li aria-level=\"1\">Pom\u00f4\u017eeme v\u00e1m rozv\u00edja\u0165 podnikate\u013esk\u00fd n\u00e1pad od valid\u00e1cie probl\u00e9mu a\u017e po prv\u00fd produkt alebo MVP.\u00a0<\/li><\/ul><ul><li aria-level=\"1\">Porad\u00edme pri nastaven\u00ed obchodn\u00e9ho modelu, cenovej strat\u00e9gie a budovan\u00ed trhov\u00e9ho fitu.\u00a0<\/li><\/ul><ul><li aria-level=\"1\">Poskytneme mentoring a kou\u010ding od sk\u00fasen\u00fdch expertov a investorov.\u00a0<\/li><\/ul><ul><li aria-level=\"1\">Prepoj\u00edme v\u00e1s s akceler\u00e1tormi, inkub\u00e1tormi a inova\u010dn\u00fdmi centrami na Slovensku aj v zahrani\u010d\u00ed.\u00a0<\/li><\/ul><ul><li aria-level=\"1\">Pom\u00f4\u017eeme v\u00e1m pripravi\u0165 sa na pitching pred investormi alebo hodnotite\u013emi eur\u00f3pskych programov.<\/li><\/ul>\t\t\t\t\t\t\t\t<\/div>\n\t\t\t\t<div class=\"elementor-element elementor-element-a765cc1 elementor-widget elementor-widget-heading\" data-id=\"a765cc1\" data-element_type=\"widget\" data-widget_type=\"heading.default\">\n\t\t\t\t\t<h2 class=\"elementor-heading-title elementor-size-default\">Financovanie a invest\u00edcie<\/h2>\t\t\t\t<\/div>\n\t\t\t\t<div class=\"elementor-element elementor-element-b6d0d94 elementor-widget elementor-widget-text-editor\" data-id=\"b6d0d94\" data-element_type=\"widget\" data-widget_type=\"text-editor.default\">\n\t\t\t\t\t\t\t\t\t<p>Z\u00edskanie kapit\u00e1lu je k\u013e\u00fa\u010dov\u00fdm krokom na ceste k rastu \u2013 pom\u00f4\u017eeme v\u00e1m n\u00e1js\u0165 spr\u00e1vny zdroj pod\u013ea f\u00e1zy rozvoja v\u00e1\u0161ho startupu.\u00a0<\/p><ul><li aria-level=\"1\">Zorientujeme v\u00e1s v mo\u017enostiach grantov\u00e9ho financovania pre startupy (EIC Pre-Accelerator, EIC Accelerator, kask\u00e1dov\u00e9 financovanie, n\u00e1rodn\u00e9 vouchery).\u00a0<\/li><\/ul><ul><li aria-level=\"1\">Porad\u00edme, ako pripravi\u0165 investi\u010dne atrakt\u00edvny biznis pl\u00e1n a pitch deck pre rizikov\u00fdch investorov.\u00a0<\/li><\/ul><ul><li aria-level=\"1\">Prepoj\u00edme v\u00e1s s fondmi rizikov\u00e9ho kapit\u00e1lu, business angelmi a bankami, ktor\u00e9 vyu\u017e\u00edvaj\u00fa eur\u00f3pske n\u00e1stroje ako InvestEU alebo EIF.\u00a0<\/li><\/ul><ul><li aria-level=\"1\">Pom\u00f4\u017eeme v\u00e1m pochopi\u0165 proces due diligence a pripravi\u0165 sa na rokovania o vstupe investora.\u00a0<\/li><\/ul>\t\t\t\t\t\t\t\t<\/div>\n\t\t\t\t<div class=\"elementor-element elementor-element-fe4aa2f elementor-widget elementor-widget-heading\" data-id=\"fe4aa2f\" data-element_type=\"widget\" data-widget_type=\"heading.default\">\n\t\t\t\t\t<h2 class=\"elementor-heading-title elementor-size-default\">Rast a internacionaliz\u00e1cia<\/h2>\t\t\t\t<\/div>\n\t\t\t\t<div class=\"elementor-element elementor-element-0bbce92 elementor-widget elementor-widget-text-editor\" data-id=\"0bbce92\" data-element_type=\"widget\" data-widget_type=\"text-editor.default\">\n\t\t\t\t\t\t\t\t\t<p>Pre startupy, ktor\u00e9 u\u017e maj\u00fa prv\u00e9 \u00faspechy, pon\u00fakame podporu pri expanzii a internacionaliz\u00e1cii.\u00a0<\/p><ul><li aria-level=\"1\">Pom\u00f4\u017eeme v\u00e1m vst\u00fapi\u0165 na nov\u00e9 trhy prostredn\u00edctvom siete Enterprise Europe Network p\u00f4sobiacej vo viac ako 60 krajin\u00e1ch sveta.\u00a0<\/li><\/ul><ul><li aria-level=\"1\">Prepoj\u00edme v\u00e1s s potenci\u00e1lnymi partnermi, z\u00e1kazn\u00edkmi \u010di distrib\u00fatormi v zahrani\u010d\u00ed.\u00a0<\/li><\/ul><ul><li aria-level=\"1\">Poskytneme poradenstvo pri \u0161k\u00e1lovan\u00ed biznisu, pr\u00e1vnych ot\u00e1zkach expanzie a prisp\u00f4soben\u00ed obchodn\u00e9ho modelu nov\u00fdm trhom.\u00a0<\/li><\/ul><ul><li aria-level=\"1\">Pom\u00f4\u017eeme v\u00e1m pripravi\u0165 sa na programy pre scaleupy, ktor\u00e9 podporuj\u00fa r\u00fdchly rast a\u202finternacionaliz\u00e1ciu.\u00a0<br \/><br \/><\/li><\/ul><p>Na\u0161\u00edm cie\u013eom je, aby slovensk\u00e9 startupy a scaleupy mali rovnak\u00e9 podmienky na rast ako ich eur\u00f3pski konkurenti \u2013 pr\u00edstup k znalostiam, partnerom, mentorom aj kapit\u00e1lu.<\/p>\t\t\t\t\t\t\t\t<\/div>\n\t\t\t\t<\/div>\n\t\t<div class=\"elementor-element elementor-element-7c6a0a2a e-con-full e-flex e-con e-child\" data-id=\"7c6a0a2a\" data-element_type=\"container\">\n\t\t<div class=\"elementor-element elementor-element-72e67c30 e-con-full e-flex e-con e-child\" data-id=\"72e67c30\" data-element_type=\"container\">\n\t\t\t\t<div class=\"elementor-element elementor-element-5192450 elementor-widget elementor-widget-heading\" data-id=\"5192450\" data-element_type=\"widget\" data-widget_type=\"heading.default\">\n\t\t\t\t\t<h2 class=\"elementor-heading-title elementor-size-default\">Vyberte si poradenstvo<\/h2>\t\t\t\t<\/div>\n\t\t\t\t<div class=\"elementor-element elementor-element-b8bf798 elementor-widget elementor-widget-button\" data-id=\"b8bf798\" data-element_type=\"widget\" data-widget_type=\"button.default\">\n\t\t\t\t\t\t\t\t\t\t<a class=\"elementor-button elementor-button-link elementor-size-sm\" href=\"https:\/\/www.een.sk\/en\/podnikanie-v-zahranici\/\">\n\t\t\t\t\t\t<span class=\"elementor-button-content-wrapper\">\n\t\t\t\t\t\t<span class=\"elementor-button-icon\">\n\t\t\t\t<svg aria-hidden=\"true\" class=\"e-font-icon-svg e-far-arrow-alt-circle-right\" viewbox=\"0 0 512 512\" xmlns=\"http:\/\/www.w3.org\/2000\/svg\"><path d=\"M504 256C504 119 393 8 256 8S8 119 8 256s111 248 248 248 248-111 248-248zm-448 0c0-110.5 89.5-200 200-200s200 89.5 200 200-89.5 200-200 200S56 366.5 56 256zm72 20v-40c0-6.6 5.4-12 12-12h116v-67c0-10.7 12.9-16 20.5-8.5l99 99c4.7 4.7 4.7 12.3 0 17l-99 99c-7.6 7.6-20.5 2.2-20.5-8.5v-67H140c-6.6 0-12-5.4-12-12z\"><\/path><\/svg>\t\t\t<\/span>\n\t\t\t\t\t\t\t\t\t<span class=\"elementor-button-text\">Doing Business Abroad<\/span>\n\t\t\t\t\t<\/span>\n\t\t\t\t\t<\/a>\n\t\t\t\t\t\t\t\t<\/div>\n\t\t\t\t<div class=\"elementor-element elementor-element-39a61094 elementor-widget elementor-widget-button\" data-id=\"39a61094\" data-element_type=\"widget\" data-widget_type=\"button.default\">\n\t\t\t\t\t\t\t\t\t\t<a class=\"elementor-button elementor-button-link elementor-size-sm\" href=\"https:\/\/www.een.sk\/en\/financovanie\/\">\n\t\t\t\t\t\t<span class=\"elementor-button-content-wrapper\">\n\t\t\t\t\t\t<span class=\"elementor-button-icon\">\n\t\t\t\t<svg aria-hidden=\"true\" class=\"e-font-icon-svg e-far-arrow-alt-circle-right\" viewbox=\"0 0 512 512\" xmlns=\"http:\/\/www.w3.org\/2000\/svg\"><path d=\"M504 256C504 119 393 8 256 8S8 119 8 256s111 248 248 248 248-111 248-248zm-448 0c0-110.5 89.5-200 200-200s200 89.5 200 200-89.5 200-200 200S56 366.5 56 256zm72 20v-40c0-6.6 5.4-12 12-12h116v-67c0-10.7 12.9-16 20.5-8.5l99 99c4.7 4.7 4.7 12.3 0 17l-99 99c-7.6 7.6-20.5 2.2-20.5-8.5v-67H140c-6.6 0-12-5.4-12-12z\"><\/path><\/svg>\t\t\t<\/span>\n\t\t\t\t\t\t\t\t\t<span class=\"elementor-button-text\">Finance<\/span>\n\t\t\t\t\t<\/span>\n\t\t\t\t\t<\/a>\n\t\t\t\t\t\t\t\t<\/div>\n\t\t\t\t<div class=\"elementor-element elementor-element-478d8c3b elementor-widget elementor-widget-button\" data-id=\"478d8c3b\" data-element_type=\"widget\" data-widget_type=\"button.default\">\n\t\t\t\t\t\t\t\t\t\t<a class=\"elementor-button elementor-button-link elementor-size-sm\" href=\"https:\/\/www.een.sk\/en\/inovacie\/\">\n\t\t\t\t\t\t<span class=\"elementor-button-content-wrapper\">\n\t\t\t\t\t\t<span class=\"elementor-button-icon\">\n\t\t\t\t<svg aria-hidden=\"true\" class=\"e-font-icon-svg e-far-arrow-alt-circle-right\" viewbox=\"0 0 512 512\" xmlns=\"http:\/\/www.w3.org\/2000\/svg\"><path d=\"M504 256C504 119 393 8 256 8S8 119 8 256s111 248 248 248 248-111 248-248zm-448 0c0-110.5 89.5-200 200-200s200 89.5 200 200-89.5 200-200 200S56 366.5 56 256zm72 20v-40c0-6.6 5.4-12 12-12h116v-67c0-10.7 12.9-16 20.5-8.5l99 99c4.7 4.7 4.7 12.3 0 17l-99 99c-7.6 7.6-20.5 2.2-20.5-8.5v-67H140c-6.6 0-12-5.4-12-12z\"><\/path><\/svg>\t\t\t<\/span>\n\t\t\t\t\t\t\t\t\t<span class=\"elementor-button-text\">Innovation<\/span>\n\t\t\t\t\t<\/span>\n\t\t\t\t\t<\/a>\n\t\t\t\t\t\t\t\t<\/div>\n\t\t\t\t<div class=\"elementor-element elementor-element-68cc5cde elementor-widget elementor-widget-button\" data-id=\"68cc5cde\" data-element_type=\"widget\" data-widget_type=\"button.default\">\n\t\t\t\t\t\t\t\t\t\t<a class=\"elementor-button elementor-button-link elementor-size-sm\" href=\"https:\/\/www.een.sk\/en\/startupy-scaleupy\/\">\n\t\t\t\t\t\t<span class=\"elementor-button-content-wrapper\">\n\t\t\t\t\t\t<span class=\"elementor-button-icon\">\n\t\t\t\t<svg aria-hidden=\"true\" class=\"e-font-icon-svg e-far-arrow-alt-circle-right\" viewbox=\"0 0 512 512\" xmlns=\"http:\/\/www.w3.org\/2000\/svg\"><path d=\"M504 256C504 119 393 8 256 8S8 119 8 256s111 248 248 248 248-111 248-248zm-448 0c0-110.5 89.5-200 200-200s200 89.5 200 200-89.5 200-200 200S56 366.5 56 256zm72 20v-40c0-6.6 5.4-12 12-12h116v-67c0-10.7 12.9-16 20.5-8.5l99 99c4.7 4.7 4.7 12.3 0 17l-99 99c-7.6 7.6-20.5 2.2-20.5-8.5v-67H140c-6.6 0-12-5.4-12-12z\"><\/path><\/svg>\t\t\t<\/span>\n\t\t\t\t\t\t\t\t\t<span class=\"elementor-button-text\">Start-ups and Scale-ups<\/span>\n\t\t\t\t\t<\/span>\n\t\t\t\t\t<\/a>\n\t\t\t\t\t\t\t\t<\/div>\n\t\t\t\t<div class=\"elementor-element elementor-element-3a2b4ec5 elementor-widget elementor-widget-button\" data-id=\"3a2b4ec5\" data-element_type=\"widget\" data-widget_type=\"button.default\">\n\t\t\t\t\t\t\t\t\t\t<a class=\"elementor-button elementor-button-link elementor-size-sm\" href=\"https:\/\/www.een.sk\/en\/digitalizacia\/\">\n\t\t\t\t\t\t<span class=\"elementor-button-content-wrapper\">\n\t\t\t\t\t\t<span class=\"elementor-button-icon\">\n\t\t\t\t<svg aria-hidden=\"true\" class=\"e-font-icon-svg e-far-arrow-alt-circle-right\" viewbox=\"0 0 512 512\" xmlns=\"http:\/\/www.w3.org\/2000\/svg\"><path d=\"M504 256C504 119 393 8 256 8S8 119 8 256s111 248 248 248 248-111 248-248zm-448 0c0-110.5 89.5-200 200-200s200 89.5 200 200-89.5 200-200 200S56 366.5 56 256zm72 20v-40c0-6.6 5.4-12 12-12h116v-67c0-10.7 12.9-16 20.5-8.5l99 99c4.7 4.7 4.7 12.3 0 17l-99 99c-7.6 7.6-20.5 2.2-20.5-8.5v-67H140c-6.6 0-12-5.4-12-12z\"><\/path><\/svg>\t\t\t<\/span>\n\t\t\t\t\t\t\t\t\t<span class=\"elementor-button-text\">Digitalisation<\/span>\n\t\t\t\t\t<\/span>\n\t\t\t\t\t<\/a>\n\t\t\t\t\t\t\t\t<\/div>\n\t\t\t\t<div class=\"elementor-element elementor-element-3f38301c elementor-widget elementor-widget-button\" data-id=\"3f38301c\" data-element_type=\"widget\" data-widget_type=\"button.default\">\n\t\t\t\t\t\t\t\t\t\t<a class=\"elementor-button elementor-button-link elementor-size-sm\" href=\"https:\/\/www.een.sk\/en\/udrzatelnost\/\">\n\t\t\t\t\t\t<span class=\"elementor-button-content-wrapper\">\n\t\t\t\t\t\t<span class=\"elementor-button-icon\">\n\t\t\t\t<svg aria-hidden=\"true\" class=\"e-font-icon-svg e-far-arrow-alt-circle-right\" viewbox=\"0 0 512 512\" xmlns=\"http:\/\/www.w3.org\/2000\/svg\"><path d=\"M504 256C504 119 393 8 256 8S8 119 8 256s111 248 248 248 248-111 248-248zm-448 0c0-110.5 89.5-200 200-200s200 89.5 200 200-89.5 200-200 200S56 366.5 56 256zm72 20v-40c0-6.6 5.4-12 12-12h116v-67c0-10.7 12.9-16 20.5-8.5l99 99c4.7 4.7 4.7 12.3 0 17l-99 99c-7.6 7.6-20.5 2.2-20.5-8.5v-67H140c-6.6 0-12-5.4-12-12z\"><\/path><\/svg>\t\t\t<\/span>\n\t\t\t\t\t\t\t\t\t<span class=\"elementor-button-text\">Sustainability<\/span>\n\t\t\t\t\t<\/span>\n\t\t\t\t\t<\/a>\n\t\t\t\t\t\t\t\t<\/div>\n\t\t\t\t<\/div>\n\t\t\t\t<div class=\"elementor-element elementor-element-cf401cf elementor-widget elementor-widget-image\" data-id=\"cf401cf\" data-element_type=\"widget\" data-widget_type=\"image.default\">\n\t\t\t\t\t\t\t\t\t\t\t\t\t\t\t<img fetchpriority=\"high\" decoding=\"async\" width=\"500\" height=\"399\" src=\"https:\/\/www.een.sk\/wp-content\/uploads\/2025\/10\/Pattern-5.png\" class=\"attachment-large size-large wp-image-266\" alt=\"\" srcset=\"https:\/\/www.een.sk\/wp-content\/uploads\/2025\/10\/Pattern-5.png 500w, https:\/\/www.een.sk\/wp-content\/uploads\/2025\/10\/Pattern-5-300x239.png 300w, https:\/\/www.een.sk\/wp-content\/uploads\/2025\/10\/Pattern-5-15x12.png 15w\" sizes=\"(max-width: 500px) 100vw, 500px\" \/>\t\t\t\t\t\t\t\t\t\t\t\t\t\t\t<\/div>\n\t\t\t\t<\/div>\n\t\t\t\t\t<\/div>\n\t\t\t\t<\/div>\n\t\t\t\t<\/div>","protected":false},"excerpt":{"rendered":"<p>Podporujeme za\u010d\u00ednaj\u00face aj r\u00fdchlo rast\u00face firmy na ich ceste od n\u00e1padu a\u017e po expanziu na medzin\u00e1rodn\u00e9 trhy. Pom\u00e1hame premeni\u0165 inovat\u00edvne my\u0161lienky na \u00faspe\u0161n\u00e9 podnikanie, spoji\u0165 sa s partnermi a z\u00edska\u0165 [&hellip;]<\/p>","protected":false},"author":1,"featured_media":0,"parent":0,"menu_order":0,"comment_status":"closed","ping_status":"closed","template":"elementor_header_footer","meta":{"jetpack_post_was_ever_published":false,"footnotes":""},"class_list":["post-220","page","type-page","status-publish","hentry"],"yoast_head":"<!-- This site is optimized with the Yoast SEO plugin v26.0 - https:\/\/yoast.com\/wordpress\/plugins\/seo\/ -->\n<title>Startupy a scaleupy - Enterprise Europe Network<\/title>\n<meta name=\"robots\" content=\"index, follow, max-snippet:-1, max-image-preview:large, max-video-preview:-1\" \/>\n<link rel=\"canonical\" href=\"https:\/\/www.een.sk\/en\/startupy-scaleupy\/\" \/>\n<meta property=\"og:locale\" content=\"en_GB\" \/>\n<meta property=\"og:type\" content=\"article\" \/>\n<meta property=\"og:title\" content=\"Startupy a scaleupy - Enterprise Europe Network\" \/>\n<meta property=\"og:description\" content=\"Podporujeme za\u010d\u00ednaj\u00face aj r\u00fdchlo rast\u00face firmy na ich ceste od n\u00e1padu a\u017e po expanziu na medzin\u00e1rodn\u00e9 trhy. Pom\u00e1hame premeni\u0165 inovat\u00edvne my\u0161lienky na \u00faspe\u0161n\u00e9 podnikanie, spoji\u0165 sa s partnermi a z\u00edska\u0165 [&hellip;]\" \/>\n<meta property=\"og:url\" content=\"https:\/\/www.een.sk\/en\/startupy-scaleupy\/\" \/>\n<meta property=\"og:site_name\" content=\"Enterprise Europe Network\" \/>\n<meta property=\"article:modified_time\" content=\"2025-11-12T15:29:01+00:00\" \/>\n<meta property=\"og:image\" content=\"https:\/\/www.een.sk\/wp-content\/uploads\/2025\/10\/Pattern-5.png\" \/>\n\t<meta property=\"og:image:width\" content=\"500\" \/>\n\t<meta property=\"og:image:height\" content=\"399\" \/>\n\t<meta property=\"og:image:type\" content=\"image\/png\" \/>\n<meta name=\"twitter:card\" content=\"summary_large_image\" \/>\n<meta name=\"twitter:label1\" content=\"Estimated reading time\" \/>\n\t<meta name=\"twitter:data1\" content=\"2 minutes\" \/>\n<script type=\"application\/ld+json\" class=\"yoast-schema-graph\">{\"@context\":\"https:\/\/schema.org\",\"@graph\":[{\"@type\":\"WebPage\",\"@id\":\"https:\/\/www.een.sk\/startupy-scaleupy\",\"url\":\"https:\/\/www.een.sk\/startupy-scaleupy\",\"name\":\"Startupy a scaleupy - Enterprise Europe Network\",\"isPartOf\":{\"@id\":\"https:\/\/www.een.sk\/#website\"},\"primaryImageOfPage\":{\"@id\":\"https:\/\/www.een.sk\/startupy-scaleupy#primaryimage\"},\"image\":{\"@id\":\"https:\/\/www.een.sk\/startupy-scaleupy#primaryimage\"},\"thumbnailUrl\":\"https:\/\/www.een.sk\/wp-content\/uploads\/2025\/10\/Pattern-5.png\",\"datePublished\":\"2025-10-11T22:52:55+00:00\",\"dateModified\":\"2025-11-12T15:29:01+00:00\",\"breadcrumb\":{\"@id\":\"https:\/\/www.een.sk\/startupy-scaleupy#breadcrumb\"},\"inLanguage\":\"en-GB\",\"potentialAction\":[{\"@type\":\"ReadAction\",\"target\":[\"https:\/\/www.een.sk\/startupy-scaleupy\"]}]},{\"@type\":\"ImageObject\",\"inLanguage\":\"en-GB\",\"@id\":\"https:\/\/www.een.sk\/startupy-scaleupy#primaryimage\",\"url\":\"https:\/\/www.een.sk\/wp-content\/uploads\/2025\/10\/Pattern-5.png\",\"contentUrl\":\"https:\/\/www.een.sk\/wp-content\/uploads\/2025\/10\/Pattern-5.png\"},{\"@type\":\"BreadcrumbList\",\"@id\":\"https:\/\/www.een.sk\/startupy-scaleupy#breadcrumb\",\"itemListElement\":[{\"@type\":\"ListItem\",\"position\":1,\"name\":\"Domovsk\u00e1 str\u00e1nka\",\"item\":\"https:\/\/www.een.sk\/\"},{\"@type\":\"ListItem\",\"position\":2,\"name\":\"Startupy a scaleupy\"}]},{\"@type\":\"WebSite\",\"@id\":\"https:\/\/www.een.sk\/#website\",\"url\":\"https:\/\/www.een.sk\/\",\"name\":\"Enterprise Europe Network\",\"description\":\"Pom\u00e1hame V\u00e1m inovova\u0165 a medzin\u00e1rodne r\u00e1s\u0165\",\"publisher\":{\"@id\":\"https:\/\/www.een.sk\/#organization\"},\"potentialAction\":[{\"@type\":\"SearchAction\",\"target\":{\"@type\":\"EntryPoint\",\"urlTemplate\":\"https:\/\/www.een.sk\/?s={search_term_string}\"},\"query-input\":{\"@type\":\"PropertyValueSpecification\",\"valueRequired\":true,\"valueName\":\"search_term_string\"}}],\"inLanguage\":\"en-GB\"},{\"@type\":\"Organization\",\"@id\":\"https:\/\/www.een.sk\/#organization\",\"name\":\"Enterprise Europe Network\",\"url\":\"https:\/\/www.een.sk\/\",\"logo\":{\"@type\":\"ImageObject\",\"inLanguage\":\"en-GB\",\"@id\":\"https:\/\/www.een.sk\/#\/schema\/logo\/image\/\",\"url\":\"https:\/\/www.een.sk\/wp-content\/uploads\/2025\/10\/EEN.png\",\"contentUrl\":\"https:\/\/www.een.sk\/wp-content\/uploads\/2025\/10\/EEN.png\",\"width\":851,\"height\":300,\"caption\":\"Enterprise Europe Network\"},\"image\":{\"@id\":\"https:\/\/www.een.sk\/#\/schema\/logo\/image\/\"}}]}<\/script>\n<!-- \/ Yoast SEO plugin. -->","yoast_head_json":{"title":"Startupy a scaleupy - Enterprise Europe Network","robots":{"index":"index","follow":"follow","max-snippet":"max-snippet:-1","max-image-preview":"max-image-preview:large","max-video-preview":"max-video-preview:-1"},"canonical":"https:\/\/www.een.sk\/en\/startupy-scaleupy\/","og_locale":"en_GB","og_type":"article","og_title":"Startupy a scaleupy - Enterprise Europe Network","og_description":"Podporujeme za\u010d\u00ednaj\u00face aj r\u00fdchlo rast\u00face firmy na ich ceste od n\u00e1padu a\u017e po expanziu na medzin\u00e1rodn\u00e9 trhy. Pom\u00e1hame premeni\u0165 inovat\u00edvne my\u0161lienky na \u00faspe\u0161n\u00e9 podnikanie, spoji\u0165 sa s partnermi a z\u00edska\u0165 [&hellip;]","og_url":"https:\/\/www.een.sk\/en\/startupy-scaleupy\/","og_site_name":"Enterprise Europe Network","article_modified_time":"2025-11-12T15:29:01+00:00","og_image":[{"width":500,"height":399,"url":"https:\/\/www.een.sk\/wp-content\/uploads\/2025\/10\/Pattern-5.png","type":"image\/png"}],"twitter_card":"summary_large_image","twitter_misc":{"Estimated reading time":"2 minutes"},"schema":{"@context":"https:\/\/schema.org","@graph":[{"@type":"WebPage","@id":"https:\/\/www.een.sk\/startupy-scaleupy","url":"https:\/\/www.een.sk\/startupy-scaleupy","name":"Startupy a scaleupy - Enterprise Europe Network","isPartOf":{"@id":"https:\/\/www.een.sk\/#website"},"primaryImageOfPage":{"@id":"https:\/\/www.een.sk\/startupy-scaleupy#primaryimage"},"image":{"@id":"https:\/\/www.een.sk\/startupy-scaleupy#primaryimage"},"thumbnailUrl":"https:\/\/www.een.sk\/wp-content\/uploads\/2025\/10\/Pattern-5.png","datePublished":"2025-10-11T22:52:55+00:00","dateModified":"2025-11-12T15:29:01+00:00","breadcrumb":{"@id":"https:\/\/www.een.sk\/startupy-scaleupy#breadcrumb"},"inLanguage":"en-GB","potentialAction":[{"@type":"ReadAction","target":["https:\/\/www.een.sk\/startupy-scaleupy"]}]},{"@type":"ImageObject","inLanguage":"en-GB","@id":"https:\/\/www.een.sk\/startupy-scaleupy#primaryimage","url":"https:\/\/www.een.sk\/wp-content\/uploads\/2025\/10\/Pattern-5.png","contentUrl":"https:\/\/www.een.sk\/wp-content\/uploads\/2025\/10\/Pattern-5.png"},{"@type":"BreadcrumbList","@id":"https:\/\/www.een.sk\/startupy-scaleupy#breadcrumb","itemListElement":[{"@type":"ListItem","position":1,"name":"Domovsk\u00e1 str\u00e1nka","item":"https:\/\/www.een.sk\/"},{"@type":"ListItem","position":2,"name":"Startupy a scaleupy"}]},{"@type":"WebSite","@id":"https:\/\/www.een.sk\/#website","url":"https:\/\/www.een.sk\/","name":"Enterprise Europe Network","description":"Pom\u00e1hame V\u00e1m inovova\u0165 a medzin\u00e1rodne r\u00e1s\u0165","publisher":{"@id":"https:\/\/www.een.sk\/#organization"},"potentialAction":[{"@type":"SearchAction","target":{"@type":"EntryPoint","urlTemplate":"https:\/\/www.een.sk\/?s={search_term_string}"},"query-input":{"@type":"PropertyValueSpecification","valueRequired":true,"valueName":"search_term_string"}}],"inLanguage":"en-GB"},{"@type":"Organization","@id":"https:\/\/www.een.sk\/#organization","name":"Enterprise Europe Network","url":"https:\/\/www.een.sk\/","logo":{"@type":"ImageObject","inLanguage":"en-GB","@id":"https:\/\/www.een.sk\/#\/schema\/logo\/image\/","url":"https:\/\/www.een.sk\/wp-content\/uploads\/2025\/10\/EEN.png","contentUrl":"https:\/\/www.een.sk\/wp-content\/uploads\/2025\/10\/EEN.png","width":851,"height":300,"caption":"Enterprise Europe Network"},"image":{"@id":"https:\/\/www.een.sk\/#\/schema\/logo\/image\/"}}]}},"jetpack_sharing_enabled":true,"_links":{"self":[{"href":"https:\/\/www.een.sk\/en\/wp-json\/wp\/v2\/pages\/220","targetHints":{"allow":["GET"]}}],"collection":[{"href":"https:\/\/www.een.sk\/en\/wp-json\/wp\/v2\/pages"}],"about":[{"href":"https:\/\/www.een.sk\/en\/wp-json\/wp\/v2\/types\/page"}],"author":[{"embeddable":true,"href":"https:\/\/www.een.sk\/en\/wp-json\/wp\/v2\/users\/1"}],"replies":[{"embeddable":true,"href":"https:\/\/www.een.sk\/en\/wp-json\/wp\/v2\/comments?post=220"}],"version-history":[{"count":22,"href":"https:\/\/www.een.sk\/en\/wp-json\/wp\/v2\/pages\/220\/revisions"}],"predecessor-version":[{"id":1400,"href":"https:\/\/www.een.sk\/en\/wp-json\/wp\/v2\/pages\/220\/revisions\/1400"}],"wp:attachment":[{"href":"https:\/\/www.een.sk\/en\/wp-json\/wp\/v2\/media?parent=220"}],"curies":[{"name":"wp","href":"https:\/\/api.w.org\/{rel}","templated":true}]}}