{"id":222,"date":"2025-10-12T00:53:26","date_gmt":"2025-10-11T22:53:26","guid":{"rendered":"https:\/\/www.een.sk\/?page_id=222"},"modified":"2025-11-12T16:28:16","modified_gmt":"2025-11-12T15:28:16","slug":"digitalizacia","status":"publish","type":"page","link":"https:\/\/www.een.sk\/en\/digitalizacia","title":{"rendered":"Digitalisation"},"content":{"rendered":"<div data-elementor-type=\"wp-page\" data-elementor-id=\"222\" class=\"elementor elementor-222\" data-elementor-post-type=\"page\">\n\t\t\t\t<div class=\"elementor-element elementor-element-3ebbc83 e-flex e-con-boxed e-con e-parent\" data-id=\"3ebbc83\" data-element_type=\"container\">\n\t\t\t\t\t<div class=\"e-con-inner\">\n\t\t<div class=\"elementor-element elementor-element-56a2ab6 e-con-full e-flex e-con e-child\" data-id=\"56a2ab6\" data-element_type=\"container\">\n\t\t\t\t<div class=\"elementor-element elementor-element-2a641d3c elementor-widget elementor-widget-text-editor\" data-id=\"2a641d3c\" data-element_type=\"widget\" data-widget_type=\"text-editor.default\">\n\t\t\t\t\t\t\t\t\t<p>Digitaliz\u00e1cia m\u00f4\u017ee prinies\u0165 va\u0161ej firme mno\u017estvo v\u00fdhod \u2013 od zv\u00fd\u0161enia efekt\u00edvnosti a\u017e po zn\u00ed\u017eenie prev\u00e1dzkov\u00fdch n\u00e1kladov. Porad\u00edme v\u00e1m, ako zapoji\u0165 modern\u00e9 digit\u00e1lne technol\u00f3gie do va\u0161ich obchodn\u00fdch procesov a prisp\u00f4sobi\u0165 rie\u0161enia tak, aby \u010do najlep\u0161ie vyhovovali \u0161pecifick\u00fdm potreb\u00e1m va\u0161ej spolo\u010dnosti.<\/p>\t\t\t\t\t\t\t\t<\/div>\n\t\t\t\t<div class=\"elementor-element elementor-element-146b1f88 elementor-widget elementor-widget-heading\" data-id=\"146b1f88\" data-element_type=\"widget\" data-widget_type=\"heading.default\">\n\t\t\t\t\t<h2 class=\"elementor-heading-title elementor-size-default\">Pomoc a poradenstvo v digitaliza\u010dn\u00fdch projektoch<\/h2>\t\t\t\t<\/div>\n\t\t\t\t<div class=\"elementor-element elementor-element-1c13d0d0 elementor-widget elementor-widget-text-editor\" data-id=\"1c13d0d0\" data-element_type=\"widget\" data-widget_type=\"text-editor.default\">\n\t\t\t\t\t\t\t\t\t<p>Va\u0161e potreby v oblasti digitaliz\u00e1cie vieme zhodnoti\u0165 pomocou overen\u00fdch metod\u00edk a praktick\u00fdch n\u00e1strojov. Na z\u00e1klade podrobnej anal\u00fdzy v\u00fdziev a cie\u013eov va\u0161ej spolo\u010dnosti v\u00e1m poskytneme individu\u00e1lne poradenstvo a pom\u00f4\u017eeme v\u00e1m nadviaza\u0165 spolupr\u00e1cu s partnermi v oblasti inov\u00e1ci\u00ed. Odporu\u010d\u00edme vhodn\u00e9 digit\u00e1lne technol\u00f3gie a rie\u0161enia pripraven\u00e9 na uvedenie na trh \u010di nov\u00e9 trhov\u00e9 pr\u00edle\u017eitosti pre va\u0161e digit\u00e1lne produkty a slu\u017eby.<\/p><p>Z\u00e1rove\u0148 v\u00e1s podpor\u00edme pri z\u00edskavan\u00ed financovania digitaliza\u010dn\u00fdch projektov z r\u00f4znych dostupn\u00fdch zdrojov \u2013 vr\u00e1tane eur\u00f3pskych programov, n\u00e1rodn\u00fdch \u010di region\u00e1lnych grantov\u00fdch sch\u00e9m.<\/p>\t\t\t\t\t\t\t\t<\/div>\n\t\t\t\t<div class=\"elementor-element elementor-element-4bb6eb42 elementor-widget elementor-widget-heading\" data-id=\"4bb6eb42\" data-element_type=\"widget\" data-widget_type=\"heading.default\">\n\t\t\t\t\t<h2 class=\"elementor-heading-title elementor-size-default\">Na\u0161i partneri pre podporu digitaliz\u00e1cie<\/h2>\t\t\t\t<\/div>\n\t\t\t\t<div class=\"elementor-element elementor-element-ed75bfc elementor-widget elementor-widget-text-editor\" data-id=\"ed75bfc\" data-element_type=\"widget\" data-widget_type=\"text-editor.default\">\n\t\t\t\t\t\t\t\t\t<p>Tieto slu\u017eby v\u00e1m pon\u00fakame v spolupr\u00e1ci s \u010fal\u0161\u00edmi organiz\u00e1ciami na podporu podnikania vo va\u0161om miestnom ekosyst\u00e9me, ktor\u00e9 m\u00f4\u017eu na\u0161e po\u010diato\u010dn\u00e9 slu\u017eby doplni\u0165 o pokro\u010dilej\u0161ie a \u0161pecializovanej\u0161ie podporn\u00e9 slu\u017eby v oblasti digitaliz\u00e1cie.<\/p><p>Spolo\u010dne sme si rozdelili \u00falohy \u2013 od poskytovania z\u00e1kladnej podpory a\u017e po \u0161pecifick\u00e9 konzult\u00e1cie \u2013 aby sme v\u00e1m vedeli pon\u00faknu\u0165 ucelen\u00fd bal\u00edk slu\u017eieb presne pod\u013ea va\u0161ich potrieb.<\/p><p>Medzi na\u0161ich k\u013e\u00fa\u010dov\u00fdch spolupracovn\u00edkov patria <a href=\"https:\/\/digital-strategy.ec.europa.eu\/en\/policies\/edihs\"><strong>eur\u00f3pske digit\u00e1lne inova\u010dn\u00e9 centr\u00e1<\/strong><\/a>, <a href=\"https:\/\/www.clustercollaboration.eu\/?pk_vid=71a44cd1b11bdd9016838791148a6a8e\"><strong>digit\u00e1lne klastre<\/strong><\/a> a iniciat\u00edvy <a href=\"https:\/\/digital-strategy.ec.europa.eu\/en\/policies\/startup-europe\"><strong>Startup Europe<\/strong><\/a><\/p>\t\t\t\t\t\t\t\t<\/div>\n\t\t\t\t<div class=\"elementor-element elementor-element-5d8e868e elementor-widget elementor-widget-heading\" data-id=\"5d8e868e\" data-element_type=\"widget\" data-widget_type=\"heading.default\">\n\t\t\t\t\t<h2 class=\"elementor-heading-title elementor-size-default\">EDIH na Slovensku<\/h2>\t\t\t\t<\/div>\n\t\t\t\t<div class=\"elementor-element elementor-element-428577a elementor-widget elementor-widget-text-editor\" data-id=\"428577a\" data-element_type=\"widget\" data-widget_type=\"text-editor.default\">\n\t\t\t\t\t\t\t\t\t<p>Na Slovensku svoje slu\u017eby poskytuje p\u00e4\u0165 eur\u00f3pskych digit\u00e1lnych inova\u010dn\u00fdch hubov:<\/p><ul><li><a href=\"https:\/\/www.healthhub.sk\/\">HealthHub<\/a><\/li><li><a href=\"https:\/\/edihcassovium.sk\/\">EDIH CASSOVIUM<\/a><\/li><li><a href=\"https:\/\/www.expandi40.sk\/\">EXPANDI 4.0<\/a><\/li><li><a href=\"https:\/\/hopero.sk\/\">Hopero<\/a><\/li><li><a href=\"https:\/\/www.scdi.tech\/\">SCDI<\/a><br \/><br \/><\/li><\/ul><p>Vz\u00e1jomn\u00fa synergiu zabezpe\u010dujeme prostredn\u00edctvom:<\/p><ul><li>Spolo\u010dn\u00fdch aktiv\u00edt \u2013 vr\u00e1tane podujat\u00ed, stretnut\u00ed B2B a I2B, spolo\u010dnej \u00fa\u010dasti na ve\u013etrhoch, informa\u010dn\u00fdch stretnut\u00ed a \u0161kolen\u00ed.<\/li><li>Odpor\u00fa\u010dan\u00ed klientov \u2013 sp\u00e1jame klientov so \u0161pecializovan\u00fdmi slu\u017ebami, ako s\u00fa programy \u201etest-before-invest&#8220;.<\/li><\/ul>\t\t\t\t\t\t\t\t<\/div>\n\t\t\t\t<div class=\"elementor-element elementor-element-638f5bd elementor-widget elementor-widget-heading\" data-id=\"638f5bd\" data-element_type=\"widget\" data-widget_type=\"heading.default\">\n\t\t\t\t\t<h2 class=\"elementor-heading-title elementor-size-default\">N\u00e1stroj na hodnotenie digit\u00e1lnej \u00farovne zrelosti<\/h2>\t\t\t\t<\/div>\n\t\t\t\t<div class=\"elementor-element elementor-element-96eff96 elementor-widget elementor-widget-text-editor\" data-id=\"96eff96\" data-element_type=\"widget\" data-widget_type=\"text-editor.default\">\n\t\t\t\t\t\t\t\t\t<p>Eur\u00f3pske centr\u00e1 digit\u00e1lnych inov\u00e1ci\u00ed (EDIH) spustili n\u00e1stroj na hodnotenie digit\u00e1lnej zrelosti, ktor\u00fd pom\u00e1ha mal\u00fdm a stredn\u00fdm podnikom zisti\u0165 aktu\u00e1lnu \u00farove\u0148 digitaliz\u00e1cie ich spolo\u010dnosti a identifikova\u0165 oblasti vhodn\u00e9 na zlep\u0161enie.<\/p><p>N\u00e1stroj je zalo\u017een\u00fd na dotazn\u00edku, ktor\u00fd hodnot\u00ed digit\u00e1lnu zrelos\u0165 pod\u013ea viacer\u00fdch krit\u00e9ri\u00ed a pokr\u00fdva <strong>\u0161es\u0165 k\u013e\u00fa\u010dov\u00fdch oblast\u00ed<\/strong>:<\/p><ul><li>Digit\u00e1lna obchodn\u00e1 strat\u00e9gia<\/li><li>Digit\u00e1lna pripravenos\u0165<\/li><li>Digit\u00e1lne zru\u010dnosti a posil\u0148ovanie postavenia<\/li><li>Spr\u00e1va \u00fadajov<\/li><li>Automatiz\u00e1cia a inteligencia<\/li><li>Zelen\u00e1 digitaliz\u00e1cia<br \/><br \/><\/li><\/ul><p>N\u00e1stroj je pr\u00edstupn\u00fd bezplatne v\u0161etk\u00fdm spolo\u010dnostiam a je k dispoz\u00edcii v 32 jazykoch.<\/p>\t\t\t\t\t\t\t\t<\/div>\n\t\t\t\t<div class=\"elementor-element elementor-element-16049db7 elementor-widget elementor-widget-button\" data-id=\"16049db7\" data-element_type=\"widget\" data-widget_type=\"button.default\">\n\t\t\t\t\t\t\t\t\t\t<a class=\"elementor-button elementor-button-link elementor-size-sm\" href=\"https:\/\/european-digital-innovation-hubs.ec.europa.eu\/open-dma\" target=\"_blank\">\n\t\t\t\t\t\t<span class=\"elementor-button-content-wrapper\">\n\t\t\t\t\t\t<span class=\"elementor-button-icon\">\n\t\t\t\t<svg aria-hidden=\"true\" class=\"e-font-icon-svg e-far-arrow-alt-circle-right\" viewbox=\"0 0 512 512\" xmlns=\"http:\/\/www.w3.org\/2000\/svg\"><path d=\"M504 256C504 119 393 8 256 8S8 119 8 256s111 248 248 248 248-111 248-248zm-448 0c0-110.5 89.5-200 200-200s200 89.5 200 200-89.5 200-200 200S56 366.5 56 256zm72 20v-40c0-6.6 5.4-12 12-12h116v-67c0-10.7 12.9-16 20.5-8.5l99 99c4.7 4.7 4.7 12.3 0 17l-99 99c-7.6 7.6-20.5 2.2-20.5-8.5v-67H140c-6.6 0-12-5.4-12-12z\"><\/path><\/svg>\t\t\t<\/span>\n\t\t\t\t\t\t\t\t\t<span class=\"elementor-button-text\">Pozrite si n\u00e1stroj<\/span>\n\t\t\t\t\t<\/span>\n\t\t\t\t\t<\/a>\n\t\t\t\t\t\t\t\t<\/div>\n\t\t\t\t<\/div>\n\t\t<div class=\"elementor-element elementor-element-40371055 e-con-full e-flex e-con e-child\" data-id=\"40371055\" data-element_type=\"container\">\n\t\t<div class=\"elementor-element elementor-element-74225b7b e-con-full e-flex e-con e-child\" data-id=\"74225b7b\" data-element_type=\"container\">\n\t\t\t\t<div class=\"elementor-element elementor-element-4a6e662c elementor-widget elementor-widget-heading\" data-id=\"4a6e662c\" data-element_type=\"widget\" data-widget_type=\"heading.default\">\n\t\t\t\t\t<h2 class=\"elementor-heading-title elementor-size-default\">Vyberte si poradenstvo<\/h2>\t\t\t\t<\/div>\n\t\t\t\t<div class=\"elementor-element elementor-element-7ad26c9a elementor-widget elementor-widget-button\" data-id=\"7ad26c9a\" data-element_type=\"widget\" data-widget_type=\"button.default\">\n\t\t\t\t\t\t\t\t\t\t<a class=\"elementor-button elementor-button-link elementor-size-sm\" href=\"https:\/\/www.een.sk\/en\/podnikanie-v-zahranici\/\">\n\t\t\t\t\t\t<span class=\"elementor-button-content-wrapper\">\n\t\t\t\t\t\t<span class=\"elementor-button-icon\">\n\t\t\t\t<svg aria-hidden=\"true\" class=\"e-font-icon-svg e-far-arrow-alt-circle-right\" viewbox=\"0 0 512 512\" xmlns=\"http:\/\/www.w3.org\/2000\/svg\"><path d=\"M504 256C504 119 393 8 256 8S8 119 8 256s111 248 248 248 248-111 248-248zm-448 0c0-110.5 89.5-200 200-200s200 89.5 200 200-89.5 200-200 200S56 366.5 56 256zm72 20v-40c0-6.6 5.4-12 12-12h116v-67c0-10.7 12.9-16 20.5-8.5l99 99c4.7 4.7 4.7 12.3 0 17l-99 99c-7.6 7.6-20.5 2.2-20.5-8.5v-67H140c-6.6 0-12-5.4-12-12z\"><\/path><\/svg>\t\t\t<\/span>\n\t\t\t\t\t\t\t\t\t<span class=\"elementor-button-text\">Doing Business Abroad<\/span>\n\t\t\t\t\t<\/span>\n\t\t\t\t\t<\/a>\n\t\t\t\t\t\t\t\t<\/div>\n\t\t\t\t<div class=\"elementor-element elementor-element-2cb67eb elementor-widget elementor-widget-button\" data-id=\"2cb67eb\" data-element_type=\"widget\" data-widget_type=\"button.default\">\n\t\t\t\t\t\t\t\t\t\t<a class=\"elementor-button elementor-button-link elementor-size-sm\" href=\"https:\/\/www.een.sk\/en\/financovanie\/\">\n\t\t\t\t\t\t<span class=\"elementor-button-content-wrapper\">\n\t\t\t\t\t\t<span class=\"elementor-button-icon\">\n\t\t\t\t<svg aria-hidden=\"true\" class=\"e-font-icon-svg e-far-arrow-alt-circle-right\" viewbox=\"0 0 512 512\" xmlns=\"http:\/\/www.w3.org\/2000\/svg\"><path d=\"M504 256C504 119 393 8 256 8S8 119 8 256s111 248 248 248 248-111 248-248zm-448 0c0-110.5 89.5-200 200-200s200 89.5 200 200-89.5 200-200 200S56 366.5 56 256zm72 20v-40c0-6.6 5.4-12 12-12h116v-67c0-10.7 12.9-16 20.5-8.5l99 99c4.7 4.7 4.7 12.3 0 17l-99 99c-7.6 7.6-20.5 2.2-20.5-8.5v-67H140c-6.6 0-12-5.4-12-12z\"><\/path><\/svg>\t\t\t<\/span>\n\t\t\t\t\t\t\t\t\t<span class=\"elementor-button-text\">Finance<\/span>\n\t\t\t\t\t<\/span>\n\t\t\t\t\t<\/a>\n\t\t\t\t\t\t\t\t<\/div>\n\t\t\t\t<div class=\"elementor-element elementor-element-404fed9d elementor-widget elementor-widget-button\" data-id=\"404fed9d\" data-element_type=\"widget\" data-widget_type=\"button.default\">\n\t\t\t\t\t\t\t\t\t\t<a class=\"elementor-button elementor-button-link elementor-size-sm\" href=\"https:\/\/www.een.sk\/en\/inovacie\/\">\n\t\t\t\t\t\t<span class=\"elementor-button-content-wrapper\">\n\t\t\t\t\t\t<span class=\"elementor-button-icon\">\n\t\t\t\t<svg aria-hidden=\"true\" class=\"e-font-icon-svg e-far-arrow-alt-circle-right\" viewbox=\"0 0 512 512\" xmlns=\"http:\/\/www.w3.org\/2000\/svg\"><path d=\"M504 256C504 119 393 8 256 8S8 119 8 256s111 248 248 248 248-111 248-248zm-448 0c0-110.5 89.5-200 200-200s200 89.5 200 200-89.5 200-200 200S56 366.5 56 256zm72 20v-40c0-6.6 5.4-12 12-12h116v-67c0-10.7 12.9-16 20.5-8.5l99 99c4.7 4.7 4.7 12.3 0 17l-99 99c-7.6 7.6-20.5 2.2-20.5-8.5v-67H140c-6.6 0-12-5.4-12-12z\"><\/path><\/svg>\t\t\t<\/span>\n\t\t\t\t\t\t\t\t\t<span class=\"elementor-button-text\">Innovation<\/span>\n\t\t\t\t\t<\/span>\n\t\t\t\t\t<\/a>\n\t\t\t\t\t\t\t\t<\/div>\n\t\t\t\t<div class=\"elementor-element elementor-element-37d6792e elementor-widget elementor-widget-button\" data-id=\"37d6792e\" data-element_type=\"widget\" data-widget_type=\"button.default\">\n\t\t\t\t\t\t\t\t\t\t<a class=\"elementor-button elementor-button-link elementor-size-sm\" href=\"https:\/\/www.een.sk\/en\/startupy-scaleupy\/\">\n\t\t\t\t\t\t<span class=\"elementor-button-content-wrapper\">\n\t\t\t\t\t\t<span class=\"elementor-button-icon\">\n\t\t\t\t<svg aria-hidden=\"true\" class=\"e-font-icon-svg e-far-arrow-alt-circle-right\" viewbox=\"0 0 512 512\" xmlns=\"http:\/\/www.w3.org\/2000\/svg\"><path d=\"M504 256C504 119 393 8 256 8S8 119 8 256s111 248 248 248 248-111 248-248zm-448 0c0-110.5 89.5-200 200-200s200 89.5 200 200-89.5 200-200 200S56 366.5 56 256zm72 20v-40c0-6.6 5.4-12 12-12h116v-67c0-10.7 12.9-16 20.5-8.5l99 99c4.7 4.7 4.7 12.3 0 17l-99 99c-7.6 7.6-20.5 2.2-20.5-8.5v-67H140c-6.6 0-12-5.4-12-12z\"><\/path><\/svg>\t\t\t<\/span>\n\t\t\t\t\t\t\t\t\t<span class=\"elementor-button-text\">Start-ups and Scale-ups<\/span>\n\t\t\t\t\t<\/span>\n\t\t\t\t\t<\/a>\n\t\t\t\t\t\t\t\t<\/div>\n\t\t\t\t<div class=\"elementor-element elementor-element-cb8ec34 elementor-widget elementor-widget-button\" data-id=\"cb8ec34\" data-element_type=\"widget\" data-widget_type=\"button.default\">\n\t\t\t\t\t\t\t\t\t\t<a class=\"elementor-button elementor-button-link elementor-size-sm\" href=\"https:\/\/www.een.sk\/en\/digitalizacia\/\">\n\t\t\t\t\t\t<span class=\"elementor-button-content-wrapper\">\n\t\t\t\t\t\t<span class=\"elementor-button-icon\">\n\t\t\t\t<svg aria-hidden=\"true\" class=\"e-font-icon-svg e-far-arrow-alt-circle-right\" viewbox=\"0 0 512 512\" xmlns=\"http:\/\/www.w3.org\/2000\/svg\"><path d=\"M504 256C504 119 393 8 256 8S8 119 8 256s111 248 248 248 248-111 248-248zm-448 0c0-110.5 89.5-200 200-200s200 89.5 200 200-89.5 200-200 200S56 366.5 56 256zm72 20v-40c0-6.6 5.4-12 12-12h116v-67c0-10.7 12.9-16 20.5-8.5l99 99c4.7 4.7 4.7 12.3 0 17l-99 99c-7.6 7.6-20.5 2.2-20.5-8.5v-67H140c-6.6 0-12-5.4-12-12z\"><\/path><\/svg>\t\t\t<\/span>\n\t\t\t\t\t\t\t\t\t<span class=\"elementor-button-text\">Digitalisation<\/span>\n\t\t\t\t\t<\/span>\n\t\t\t\t\t<\/a>\n\t\t\t\t\t\t\t\t<\/div>\n\t\t\t\t<div class=\"elementor-element elementor-element-2d6d5a21 elementor-widget elementor-widget-button\" data-id=\"2d6d5a21\" data-element_type=\"widget\" data-widget_type=\"button.default\">\n\t\t\t\t\t\t\t\t\t\t<a class=\"elementor-button elementor-button-link elementor-size-sm\" href=\"https:\/\/www.een.sk\/en\/udrzatelnost\/\">\n\t\t\t\t\t\t<span class=\"elementor-button-content-wrapper\">\n\t\t\t\t\t\t<span class=\"elementor-button-icon\">\n\t\t\t\t<svg aria-hidden=\"true\" class=\"e-font-icon-svg e-far-arrow-alt-circle-right\" viewbox=\"0 0 512 512\" xmlns=\"http:\/\/www.w3.org\/2000\/svg\"><path d=\"M504 256C504 119 393 8 256 8S8 119 8 256s111 248 248 248 248-111 248-248zm-448 0c0-110.5 89.5-200 200-200s200 89.5 200 200-89.5 200-200 200S56 366.5 56 256zm72 20v-40c0-6.6 5.4-12 12-12h116v-67c0-10.7 12.9-16 20.5-8.5l99 99c4.7 4.7 4.7 12.3 0 17l-99 99c-7.6 7.6-20.5 2.2-20.5-8.5v-67H140c-6.6 0-12-5.4-12-12z\"><\/path><\/svg>\t\t\t<\/span>\n\t\t\t\t\t\t\t\t\t<span class=\"elementor-button-text\">Sustainability<\/span>\n\t\t\t\t\t<\/span>\n\t\t\t\t\t<\/a>\n\t\t\t\t\t\t\t\t<\/div>\n\t\t\t\t<\/div>\n\t\t<div class=\"elementor-element elementor-element-6c588cc e-con-full e-flex e-con e-child\" data-id=\"6c588cc\" data-element_type=\"container\">\n\t\t\t\t<div class=\"elementor-element elementor-element-d83b762 elementor-widget elementor-widget-image\" data-id=\"d83b762\" data-element_type=\"widget\" data-widget_type=\"image.default\">\n\t\t\t\t\t\t\t\t\t\t\t\t\t\t\t<img fetchpriority=\"high\" decoding=\"async\" width=\"500\" height=\"509\" src=\"https:\/\/www.een.sk\/wp-content\/uploads\/2025\/10\/Pattern-8.png\" class=\"attachment-large size-large wp-image-269\" alt=\"\" srcset=\"https:\/\/www.een.sk\/wp-content\/uploads\/2025\/10\/Pattern-8.png 500w, https:\/\/www.een.sk\/wp-content\/uploads\/2025\/10\/Pattern-8-295x300.png 295w, https:\/\/www.een.sk\/wp-content\/uploads\/2025\/10\/Pattern-8-12x12.png 12w\" sizes=\"(max-width: 500px) 100vw, 500px\" \/>\t\t\t\t\t\t\t\t\t\t\t\t\t\t\t<\/div>\n\t\t\t\t<\/div>\n\t\t\t\t<\/div>\n\t\t\t\t\t<\/div>\n\t\t\t\t<\/div>\n\t\t\t\t<\/div>","protected":false},"excerpt":{"rendered":"<p>Digitaliz\u00e1cia m\u00f4\u017ee prinies\u0165 va\u0161ej firme mno\u017estvo v\u00fdhod \u2013 od zv\u00fd\u0161enia efekt\u00edvnosti a\u017e po zn\u00ed\u017eenie prev\u00e1dzkov\u00fdch n\u00e1kladov. Porad\u00edme v\u00e1m, ako zapoji\u0165 modern\u00e9 digit\u00e1lne technol\u00f3gie do va\u0161ich obchodn\u00fdch procesov a prisp\u00f4sobi\u0165 rie\u0161enia [&hellip;]<\/p>","protected":false},"author":1,"featured_media":0,"parent":0,"menu_order":0,"comment_status":"closed","ping_status":"closed","template":"elementor_header_footer","meta":{"jetpack_post_was_ever_published":false,"footnotes":""},"class_list":["post-222","page","type-page","status-publish","hentry"],"yoast_head":"<!-- This site is optimized with the Yoast SEO plugin v26.0 - https:\/\/yoast.com\/wordpress\/plugins\/seo\/ -->\n<title>Digitaliz\u00e1cia - Enterprise Europe Network<\/title>\n<meta name=\"robots\" content=\"index, follow, max-snippet:-1, max-image-preview:large, max-video-preview:-1\" \/>\n<link rel=\"canonical\" href=\"https:\/\/www.een.sk\/en\/digitalizacia\/\" \/>\n<meta property=\"og:locale\" content=\"en_GB\" \/>\n<meta property=\"og:type\" content=\"article\" \/>\n<meta property=\"og:title\" content=\"Digitaliz\u00e1cia - Enterprise Europe Network\" \/>\n<meta property=\"og:description\" content=\"Digitaliz\u00e1cia m\u00f4\u017ee prinies\u0165 va\u0161ej firme mno\u017estvo v\u00fdhod \u2013 od zv\u00fd\u0161enia efekt\u00edvnosti a\u017e po zn\u00ed\u017eenie prev\u00e1dzkov\u00fdch n\u00e1kladov. Porad\u00edme v\u00e1m, ako zapoji\u0165 modern\u00e9 digit\u00e1lne technol\u00f3gie do va\u0161ich obchodn\u00fdch procesov a prisp\u00f4sobi\u0165 rie\u0161enia [&hellip;]\" \/>\n<meta property=\"og:url\" content=\"https:\/\/www.een.sk\/en\/digitalizacia\/\" \/>\n<meta property=\"og:site_name\" content=\"Enterprise Europe Network\" \/>\n<meta property=\"article:modified_time\" content=\"2025-11-12T15:28:16+00:00\" \/>\n<meta property=\"og:image\" content=\"https:\/\/www.een.sk\/wp-content\/uploads\/2025\/10\/Pattern-8.png\" \/>\n\t<meta property=\"og:image:width\" content=\"500\" \/>\n\t<meta property=\"og:image:height\" content=\"509\" \/>\n\t<meta property=\"og:image:type\" content=\"image\/png\" \/>\n<meta name=\"twitter:card\" content=\"summary_large_image\" \/>\n<meta name=\"twitter:label1\" content=\"Estimated reading time\" \/>\n\t<meta name=\"twitter:data1\" content=\"2 minutes\" \/>\n<script type=\"application\/ld+json\" class=\"yoast-schema-graph\">{\"@context\":\"https:\/\/schema.org\",\"@graph\":[{\"@type\":\"WebPage\",\"@id\":\"https:\/\/www.een.sk\/digitalizacia\",\"url\":\"https:\/\/www.een.sk\/digitalizacia\",\"name\":\"Digitaliz\u00e1cia - Enterprise Europe Network\",\"isPartOf\":{\"@id\":\"https:\/\/www.een.sk\/#website\"},\"primaryImageOfPage\":{\"@id\":\"https:\/\/www.een.sk\/digitalizacia#primaryimage\"},\"image\":{\"@id\":\"https:\/\/www.een.sk\/digitalizacia#primaryimage\"},\"thumbnailUrl\":\"https:\/\/www.een.sk\/wp-content\/uploads\/2025\/10\/Pattern-8.png\",\"datePublished\":\"2025-10-11T22:53:26+00:00\",\"dateModified\":\"2025-11-12T15:28:16+00:00\",\"breadcrumb\":{\"@id\":\"https:\/\/www.een.sk\/digitalizacia#breadcrumb\"},\"inLanguage\":\"en-GB\",\"potentialAction\":[{\"@type\":\"ReadAction\",\"target\":[\"https:\/\/www.een.sk\/digitalizacia\"]}]},{\"@type\":\"ImageObject\",\"inLanguage\":\"en-GB\",\"@id\":\"https:\/\/www.een.sk\/digitalizacia#primaryimage\",\"url\":\"https:\/\/www.een.sk\/wp-content\/uploads\/2025\/10\/Pattern-8.png\",\"contentUrl\":\"https:\/\/www.een.sk\/wp-content\/uploads\/2025\/10\/Pattern-8.png\"},{\"@type\":\"BreadcrumbList\",\"@id\":\"https:\/\/www.een.sk\/digitalizacia#breadcrumb\",\"itemListElement\":[{\"@type\":\"ListItem\",\"position\":1,\"name\":\"Domovsk\u00e1 str\u00e1nka\",\"item\":\"https:\/\/www.een.sk\/\"},{\"@type\":\"ListItem\",\"position\":2,\"name\":\"Digitaliz\u00e1cia\"}]},{\"@type\":\"WebSite\",\"@id\":\"https:\/\/www.een.sk\/#website\",\"url\":\"https:\/\/www.een.sk\/\",\"name\":\"Enterprise Europe Network\",\"description\":\"Pom\u00e1hame V\u00e1m inovova\u0165 a medzin\u00e1rodne r\u00e1s\u0165\",\"publisher\":{\"@id\":\"https:\/\/www.een.sk\/#organization\"},\"potentialAction\":[{\"@type\":\"SearchAction\",\"target\":{\"@type\":\"EntryPoint\",\"urlTemplate\":\"https:\/\/www.een.sk\/?s={search_term_string}\"},\"query-input\":{\"@type\":\"PropertyValueSpecification\",\"valueRequired\":true,\"valueName\":\"search_term_string\"}}],\"inLanguage\":\"en-GB\"},{\"@type\":\"Organization\",\"@id\":\"https:\/\/www.een.sk\/#organization\",\"name\":\"Enterprise Europe Network\",\"url\":\"https:\/\/www.een.sk\/\",\"logo\":{\"@type\":\"ImageObject\",\"inLanguage\":\"en-GB\",\"@id\":\"https:\/\/www.een.sk\/#\/schema\/logo\/image\/\",\"url\":\"https:\/\/www.een.sk\/wp-content\/uploads\/2025\/10\/EEN.png\",\"contentUrl\":\"https:\/\/www.een.sk\/wp-content\/uploads\/2025\/10\/EEN.png\",\"width\":851,\"height\":300,\"caption\":\"Enterprise Europe Network\"},\"image\":{\"@id\":\"https:\/\/www.een.sk\/#\/schema\/logo\/image\/\"}}]}<\/script>\n<!-- \/ Yoast SEO plugin. -->","yoast_head_json":{"title":"Digitaliz\u00e1cia - Enterprise Europe Network","robots":{"index":"index","follow":"follow","max-snippet":"max-snippet:-1","max-image-preview":"max-image-preview:large","max-video-preview":"max-video-preview:-1"},"canonical":"https:\/\/www.een.sk\/en\/digitalizacia\/","og_locale":"en_GB","og_type":"article","og_title":"Digitaliz\u00e1cia - Enterprise Europe Network","og_description":"Digitaliz\u00e1cia m\u00f4\u017ee prinies\u0165 va\u0161ej firme mno\u017estvo v\u00fdhod \u2013 od zv\u00fd\u0161enia efekt\u00edvnosti a\u017e po zn\u00ed\u017eenie prev\u00e1dzkov\u00fdch n\u00e1kladov. Porad\u00edme v\u00e1m, ako zapoji\u0165 modern\u00e9 digit\u00e1lne technol\u00f3gie do va\u0161ich obchodn\u00fdch procesov a prisp\u00f4sobi\u0165 rie\u0161enia [&hellip;]","og_url":"https:\/\/www.een.sk\/en\/digitalizacia\/","og_site_name":"Enterprise Europe Network","article_modified_time":"2025-11-12T15:28:16+00:00","og_image":[{"width":500,"height":509,"url":"https:\/\/www.een.sk\/wp-content\/uploads\/2025\/10\/Pattern-8.png","type":"image\/png"}],"twitter_card":"summary_large_image","twitter_misc":{"Estimated reading time":"2 minutes"},"schema":{"@context":"https:\/\/schema.org","@graph":[{"@type":"WebPage","@id":"https:\/\/www.een.sk\/digitalizacia","url":"https:\/\/www.een.sk\/digitalizacia","name":"Digitaliz\u00e1cia - Enterprise Europe Network","isPartOf":{"@id":"https:\/\/www.een.sk\/#website"},"primaryImageOfPage":{"@id":"https:\/\/www.een.sk\/digitalizacia#primaryimage"},"image":{"@id":"https:\/\/www.een.sk\/digitalizacia#primaryimage"},"thumbnailUrl":"https:\/\/www.een.sk\/wp-content\/uploads\/2025\/10\/Pattern-8.png","datePublished":"2025-10-11T22:53:26+00:00","dateModified":"2025-11-12T15:28:16+00:00","breadcrumb":{"@id":"https:\/\/www.een.sk\/digitalizacia#breadcrumb"},"inLanguage":"en-GB","potentialAction":[{"@type":"ReadAction","target":["https:\/\/www.een.sk\/digitalizacia"]}]},{"@type":"ImageObject","inLanguage":"en-GB","@id":"https:\/\/www.een.sk\/digitalizacia#primaryimage","url":"https:\/\/www.een.sk\/wp-content\/uploads\/2025\/10\/Pattern-8.png","contentUrl":"https:\/\/www.een.sk\/wp-content\/uploads\/2025\/10\/Pattern-8.png"},{"@type":"BreadcrumbList","@id":"https:\/\/www.een.sk\/digitalizacia#breadcrumb","itemListElement":[{"@type":"ListItem","position":1,"name":"Domovsk\u00e1 str\u00e1nka","item":"https:\/\/www.een.sk\/"},{"@type":"ListItem","position":2,"name":"Digitaliz\u00e1cia"}]},{"@type":"WebSite","@id":"https:\/\/www.een.sk\/#website","url":"https:\/\/www.een.sk\/","name":"Enterprise Europe Network","description":"Pom\u00e1hame V\u00e1m inovova\u0165 a medzin\u00e1rodne r\u00e1s\u0165","publisher":{"@id":"https:\/\/www.een.sk\/#organization"},"potentialAction":[{"@type":"SearchAction","target":{"@type":"EntryPoint","urlTemplate":"https:\/\/www.een.sk\/?s={search_term_string}"},"query-input":{"@type":"PropertyValueSpecification","valueRequired":true,"valueName":"search_term_string"}}],"inLanguage":"en-GB"},{"@type":"Organization","@id":"https:\/\/www.een.sk\/#organization","name":"Enterprise Europe Network","url":"https:\/\/www.een.sk\/","logo":{"@type":"ImageObject","inLanguage":"en-GB","@id":"https:\/\/www.een.sk\/#\/schema\/logo\/image\/","url":"https:\/\/www.een.sk\/wp-content\/uploads\/2025\/10\/EEN.png","contentUrl":"https:\/\/www.een.sk\/wp-content\/uploads\/2025\/10\/EEN.png","width":851,"height":300,"caption":"Enterprise Europe Network"},"image":{"@id":"https:\/\/www.een.sk\/#\/schema\/logo\/image\/"}}]}},"jetpack_sharing_enabled":true,"_links":{"self":[{"href":"https:\/\/www.een.sk\/en\/wp-json\/wp\/v2\/pages\/222","targetHints":{"allow":["GET"]}}],"collection":[{"href":"https:\/\/www.een.sk\/en\/wp-json\/wp\/v2\/pages"}],"about":[{"href":"https:\/\/www.een.sk\/en\/wp-json\/wp\/v2\/types\/page"}],"author":[{"embeddable":true,"href":"https:\/\/www.een.sk\/en\/wp-json\/wp\/v2\/users\/1"}],"replies":[{"embeddable":true,"href":"https:\/\/www.een.sk\/en\/wp-json\/wp\/v2\/comments?post=222"}],"version-history":[{"count":19,"href":"https:\/\/www.een.sk\/en\/wp-json\/wp\/v2\/pages\/222\/revisions"}],"predecessor-version":[{"id":1397,"href":"https:\/\/www.een.sk\/en\/wp-json\/wp\/v2\/pages\/222\/revisions\/1397"}],"wp:attachment":[{"href":"https:\/\/www.een.sk\/en\/wp-json\/wp\/v2\/media?parent=222"}],"curies":[{"name":"wp","href":"https:\/\/api.w.org\/{rel}","templated":true}]}}