{"id":224,"date":"2025-10-12T00:53:56","date_gmt":"2025-10-11T22:53:56","guid":{"rendered":"https:\/\/www.een.sk\/?page_id=224"},"modified":"2025-11-12T16:27:24","modified_gmt":"2025-11-12T15:27:24","slug":"udrzatelnost","status":"publish","type":"page","link":"https:\/\/www.een.sk\/en\/udrzatelnost","title":{"rendered":"Sustainability"},"content":{"rendered":"<div data-elementor-type=\"wp-page\" data-elementor-id=\"224\" class=\"elementor elementor-224\" data-elementor-post-type=\"page\">\n\t\t\t\t<div class=\"elementor-element elementor-element-576f4e18 e-flex e-con-boxed e-con e-parent\" data-id=\"576f4e18\" data-element_type=\"container\">\n\t\t\t\t\t<div class=\"e-con-inner\">\n\t\t<div class=\"elementor-element elementor-element-7bb72163 e-con-full e-flex e-con e-child\" data-id=\"7bb72163\" data-element_type=\"container\">\n\t\t\t\t<div class=\"elementor-element elementor-element-4f5ece46 elementor-widget elementor-widget-text-editor\" data-id=\"4f5ece46\" data-element_type=\"widget\" data-widget_type=\"text-editor.default\">\n\t\t\t\t\t\t\t\t\t<p>Enterprise Europe Network pom\u00e1ha podnikom r\u00e1s\u0165 a inovova\u0165 s d\u00f4razom na udr\u017eate\u013enos\u0165. <br \/><strong>Ako v\u00e1m EEN pom\u00f4\u017ee r\u00e1s\u0165 zodpovedne?<\/strong><\/p><ul><li><strong>Prep\u00e1jame firmy s partnermi<\/strong>, ktor\u00ed pon\u00fakaj\u00fa zelen\u00e9 technol\u00f3gie, rie\u0161enia pre \u00faspory energi\u00ed \u010di ekologick\u00e9 inov\u00e1cie.<\/li><li><strong>Organizujeme matchmaking podujatia a obchodn\u00e9 misie<\/strong> so zameran\u00edm na udr\u017eate\u013en\u00e9 technol\u00f3gie, obehov\u00e9 hospod\u00e1rstvo a ekologick\u00e9 inov\u00e1cie.<\/li><li><strong>Podporujeme pr\u00edstup k financovaniu a grantom<\/strong> zameran\u00fdm aj na udr\u017eate\u013enos\u0165 \u010di energetick\u00fa efekt\u00edvnos\u0165.<\/li><li><strong>Zbierame sp\u00e4tn\u00fa v\u00e4zbu od mal\u00fdch a stredn\u00fdch podnikov<\/strong> o v\u00fdzvach v oblasti legislat\u00edvy a trvalo udr\u017eate\u013en\u00e9ho podnikania, aby sme vedeli lep\u0161ie prisp\u00f4sobi\u0165 na\u0161e slu\u017eby.<\/li><\/ul>\t\t\t\t\t\t\t\t<\/div>\n\t\t\t\t<div class=\"elementor-element elementor-element-3f130443 elementor-widget elementor-widget-heading\" data-id=\"3f130443\" data-element_type=\"widget\" data-widget_type=\"heading.default\">\n\t\t\t\t\t<h2 class=\"elementor-heading-title elementor-size-default\">Pre\u010do by\u0165 udr\u017eate\u013en\u00fd?<\/h2>\t\t\t\t<\/div>\n\t\t\t\t<div class=\"elementor-element elementor-element-b8b8379 elementor-widget elementor-widget-text-editor\" data-id=\"b8b8379\" data-element_type=\"widget\" data-widget_type=\"text-editor.default\">\n\t\t\t\t\t\t\t\t\t<ul><li><strong>\u00daspory n\u00e1kladov<\/strong> \u2013 efekt\u00edvne vyu\u017e\u00edvanie energi\u00ed a surov\u00edn prin\u00e1\u0161a okam\u017eit\u00e9 v\u00fdsledky.<\/li><li><strong>V\u00fdhoda pri dot\u00e1ci\u00e1ch<\/strong> \u2013 zelen\u00e9 rie\u0161enia s\u00fa k\u013e\u00fa\u010dov\u00fdm krit\u00e9riom pri grantov\u00fdch projektoch.<\/li><li><strong>Silnej\u0161ia zna\u010dka<\/strong> \u2013 z\u00e1kazn\u00edci a partneri viac d\u00f4veruj\u00fa zodpovedn\u00fdm firm\u00e1m.<\/li><li><strong>Pripravenos\u0165 na legislat\u00edvu<\/strong> \u2013 eur\u00f3pske normy a pravidl\u00e1 sa spr\u00eds\u0148uj\u00fa, pripraven\u00e9 podniky vyhr\u00e1vaj\u00fa.<\/li><li><strong>Nov\u00e9 trhy a inov\u00e1cie<\/strong> \u2013 udr\u017eate\u013en\u00e9 technol\u00f3gie otv\u00e1raj\u00fa dvere k rastu a exportn\u00fdm pr\u00edle\u017eitostiam.<\/li><\/ul>\t\t\t\t\t\t\t\t<\/div>\n\t\t\t\t<div class=\"elementor-element elementor-element-1050e39b elementor-widget elementor-widget-button\" data-id=\"1050e39b\" data-element_type=\"widget\" data-widget_type=\"button.default\">\n\t\t\t\t\t\t\t\t\t\t<a class=\"elementor-button elementor-button-link elementor-size-sm\" href=\"https:\/\/www.een.sk\/en\/kontakt\/\" target=\"_blank\">\n\t\t\t\t\t\t<span class=\"elementor-button-content-wrapper\">\n\t\t\t\t\t\t<span class=\"elementor-button-icon\">\n\t\t\t\t<svg aria-hidden=\"true\" class=\"e-font-icon-svg e-far-arrow-alt-circle-right\" viewbox=\"0 0 512 512\" xmlns=\"http:\/\/www.w3.org\/2000\/svg\"><path d=\"M504 256C504 119 393 8 256 8S8 119 8 256s111 248 248 248 248-111 248-248zm-448 0c0-110.5 89.5-200 200-200s200 89.5 200 200-89.5 200-200 200S56 366.5 56 256zm72 20v-40c0-6.6 5.4-12 12-12h116v-67c0-10.7 12.9-16 20.5-8.5l99 99c4.7 4.7 4.7 12.3 0 17l-99 99c-7.6 7.6-20.5 2.2-20.5-8.5v-67H140c-6.6 0-12-5.4-12-12z\"><\/path><\/svg>\t\t\t<\/span>\n\t\t\t\t\t\t\t\t\t<span class=\"elementor-button-text\">Nev\u00e1hajte n\u00e1s kontaktova\u0165<\/span>\n\t\t\t\t\t<\/span>\n\t\t\t\t\t<\/a>\n\t\t\t\t\t\t\t\t<\/div>\n\t\t\t\t<\/div>\n\t\t<div class=\"elementor-element elementor-element-1f3fbb6d e-con-full e-flex e-con e-child\" data-id=\"1f3fbb6d\" data-element_type=\"container\">\n\t\t<div class=\"elementor-element elementor-element-5624f00f e-con-full e-flex e-con e-child\" data-id=\"5624f00f\" data-element_type=\"container\">\n\t\t\t\t<div class=\"elementor-element elementor-element-2bd4259 elementor-widget elementor-widget-heading\" data-id=\"2bd4259\" data-element_type=\"widget\" data-widget_type=\"heading.default\">\n\t\t\t\t\t<h2 class=\"elementor-heading-title elementor-size-default\">Vyberte si poradenstvo<\/h2>\t\t\t\t<\/div>\n\t\t\t\t<div class=\"elementor-element elementor-element-106a3542 elementor-widget elementor-widget-button\" data-id=\"106a3542\" data-element_type=\"widget\" data-widget_type=\"button.default\">\n\t\t\t\t\t\t\t\t\t\t<a class=\"elementor-button elementor-button-link elementor-size-sm\" href=\"https:\/\/www.een.sk\/en\/podnikanie-v-zahranici\/\">\n\t\t\t\t\t\t<span class=\"elementor-button-content-wrapper\">\n\t\t\t\t\t\t<span class=\"elementor-button-icon\">\n\t\t\t\t<svg aria-hidden=\"true\" class=\"e-font-icon-svg e-far-arrow-alt-circle-right\" viewbox=\"0 0 512 512\" xmlns=\"http:\/\/www.w3.org\/2000\/svg\"><path d=\"M504 256C504 119 393 8 256 8S8 119 8 256s111 248 248 248 248-111 248-248zm-448 0c0-110.5 89.5-200 200-200s200 89.5 200 200-89.5 200-200 200S56 366.5 56 256zm72 20v-40c0-6.6 5.4-12 12-12h116v-67c0-10.7 12.9-16 20.5-8.5l99 99c4.7 4.7 4.7 12.3 0 17l-99 99c-7.6 7.6-20.5 2.2-20.5-8.5v-67H140c-6.6 0-12-5.4-12-12z\"><\/path><\/svg>\t\t\t<\/span>\n\t\t\t\t\t\t\t\t\t<span class=\"elementor-button-text\">Doing Business Abroad<\/span>\n\t\t\t\t\t<\/span>\n\t\t\t\t\t<\/a>\n\t\t\t\t\t\t\t\t<\/div>\n\t\t\t\t<div class=\"elementor-element elementor-element-5d3f3bea elementor-widget elementor-widget-button\" data-id=\"5d3f3bea\" data-element_type=\"widget\" data-widget_type=\"button.default\">\n\t\t\t\t\t\t\t\t\t\t<a class=\"elementor-button elementor-button-link elementor-size-sm\" href=\"https:\/\/www.een.sk\/en\/financovanie\/\">\n\t\t\t\t\t\t<span class=\"elementor-button-content-wrapper\">\n\t\t\t\t\t\t<span class=\"elementor-button-icon\">\n\t\t\t\t<svg aria-hidden=\"true\" class=\"e-font-icon-svg e-far-arrow-alt-circle-right\" viewbox=\"0 0 512 512\" xmlns=\"http:\/\/www.w3.org\/2000\/svg\"><path d=\"M504 256C504 119 393 8 256 8S8 119 8 256s111 248 248 248 248-111 248-248zm-448 0c0-110.5 89.5-200 200-200s200 89.5 200 200-89.5 200-200 200S56 366.5 56 256zm72 20v-40c0-6.6 5.4-12 12-12h116v-67c0-10.7 12.9-16 20.5-8.5l99 99c4.7 4.7 4.7 12.3 0 17l-99 99c-7.6 7.6-20.5 2.2-20.5-8.5v-67H140c-6.6 0-12-5.4-12-12z\"><\/path><\/svg>\t\t\t<\/span>\n\t\t\t\t\t\t\t\t\t<span class=\"elementor-button-text\">Finance<\/span>\n\t\t\t\t\t<\/span>\n\t\t\t\t\t<\/a>\n\t\t\t\t\t\t\t\t<\/div>\n\t\t\t\t<div class=\"elementor-element elementor-element-16681f94 elementor-widget elementor-widget-button\" data-id=\"16681f94\" data-element_type=\"widget\" data-widget_type=\"button.default\">\n\t\t\t\t\t\t\t\t\t\t<a class=\"elementor-button elementor-button-link elementor-size-sm\" href=\"https:\/\/www.een.sk\/en\/inovacie\/\">\n\t\t\t\t\t\t<span class=\"elementor-button-content-wrapper\">\n\t\t\t\t\t\t<span class=\"elementor-button-icon\">\n\t\t\t\t<svg aria-hidden=\"true\" class=\"e-font-icon-svg e-far-arrow-alt-circle-right\" viewbox=\"0 0 512 512\" xmlns=\"http:\/\/www.w3.org\/2000\/svg\"><path d=\"M504 256C504 119 393 8 256 8S8 119 8 256s111 248 248 248 248-111 248-248zm-448 0c0-110.5 89.5-200 200-200s200 89.5 200 200-89.5 200-200 200S56 366.5 56 256zm72 20v-40c0-6.6 5.4-12 12-12h116v-67c0-10.7 12.9-16 20.5-8.5l99 99c4.7 4.7 4.7 12.3 0 17l-99 99c-7.6 7.6-20.5 2.2-20.5-8.5v-67H140c-6.6 0-12-5.4-12-12z\"><\/path><\/svg>\t\t\t<\/span>\n\t\t\t\t\t\t\t\t\t<span class=\"elementor-button-text\">Innovation<\/span>\n\t\t\t\t\t<\/span>\n\t\t\t\t\t<\/a>\n\t\t\t\t\t\t\t\t<\/div>\n\t\t\t\t<div class=\"elementor-element elementor-element-3a658b6b elementor-widget elementor-widget-button\" data-id=\"3a658b6b\" data-element_type=\"widget\" data-widget_type=\"button.default\">\n\t\t\t\t\t\t\t\t\t\t<a class=\"elementor-button elementor-button-link elementor-size-sm\" href=\"https:\/\/www.een.sk\/en\/startupy-scaleupy\/\">\n\t\t\t\t\t\t<span class=\"elementor-button-content-wrapper\">\n\t\t\t\t\t\t<span class=\"elementor-button-icon\">\n\t\t\t\t<svg aria-hidden=\"true\" class=\"e-font-icon-svg e-far-arrow-alt-circle-right\" viewbox=\"0 0 512 512\" xmlns=\"http:\/\/www.w3.org\/2000\/svg\"><path d=\"M504 256C504 119 393 8 256 8S8 119 8 256s111 248 248 248 248-111 248-248zm-448 0c0-110.5 89.5-200 200-200s200 89.5 200 200-89.5 200-200 200S56 366.5 56 256zm72 20v-40c0-6.6 5.4-12 12-12h116v-67c0-10.7 12.9-16 20.5-8.5l99 99c4.7 4.7 4.7 12.3 0 17l-99 99c-7.6 7.6-20.5 2.2-20.5-8.5v-67H140c-6.6 0-12-5.4-12-12z\"><\/path><\/svg>\t\t\t<\/span>\n\t\t\t\t\t\t\t\t\t<span class=\"elementor-button-text\">Start-ups and Scale-ups<\/span>\n\t\t\t\t\t<\/span>\n\t\t\t\t\t<\/a>\n\t\t\t\t\t\t\t\t<\/div>\n\t\t\t\t<div class=\"elementor-element elementor-element-105a293f elementor-widget elementor-widget-button\" data-id=\"105a293f\" data-element_type=\"widget\" data-widget_type=\"button.default\">\n\t\t\t\t\t\t\t\t\t\t<a class=\"elementor-button elementor-button-link elementor-size-sm\" href=\"https:\/\/www.een.sk\/en\/digitalizacia\/\">\n\t\t\t\t\t\t<span class=\"elementor-button-content-wrapper\">\n\t\t\t\t\t\t<span class=\"elementor-button-icon\">\n\t\t\t\t<svg aria-hidden=\"true\" class=\"e-font-icon-svg e-far-arrow-alt-circle-right\" viewbox=\"0 0 512 512\" xmlns=\"http:\/\/www.w3.org\/2000\/svg\"><path d=\"M504 256C504 119 393 8 256 8S8 119 8 256s111 248 248 248 248-111 248-248zm-448 0c0-110.5 89.5-200 200-200s200 89.5 200 200-89.5 200-200 200S56 366.5 56 256zm72 20v-40c0-6.6 5.4-12 12-12h116v-67c0-10.7 12.9-16 20.5-8.5l99 99c4.7 4.7 4.7 12.3 0 17l-99 99c-7.6 7.6-20.5 2.2-20.5-8.5v-67H140c-6.6 0-12-5.4-12-12z\"><\/path><\/svg>\t\t\t<\/span>\n\t\t\t\t\t\t\t\t\t<span class=\"elementor-button-text\">Digitalisation<\/span>\n\t\t\t\t\t<\/span>\n\t\t\t\t\t<\/a>\n\t\t\t\t\t\t\t\t<\/div>\n\t\t\t\t<div class=\"elementor-element elementor-element-2f0b36c0 elementor-widget elementor-widget-button\" data-id=\"2f0b36c0\" data-element_type=\"widget\" data-widget_type=\"button.default\">\n\t\t\t\t\t\t\t\t\t\t<a class=\"elementor-button elementor-button-link elementor-size-sm\" href=\"https:\/\/www.een.sk\/en\/udrzatelnost\/\">\n\t\t\t\t\t\t<span class=\"elementor-button-content-wrapper\">\n\t\t\t\t\t\t<span class=\"elementor-button-icon\">\n\t\t\t\t<svg aria-hidden=\"true\" class=\"e-font-icon-svg e-far-arrow-alt-circle-right\" viewbox=\"0 0 512 512\" xmlns=\"http:\/\/www.w3.org\/2000\/svg\"><path d=\"M504 256C504 119 393 8 256 8S8 119 8 256s111 248 248 248 248-111 248-248zm-448 0c0-110.5 89.5-200 200-200s200 89.5 200 200-89.5 200-200 200S56 366.5 56 256zm72 20v-40c0-6.6 5.4-12 12-12h116v-67c0-10.7 12.9-16 20.5-8.5l99 99c4.7 4.7 4.7 12.3 0 17l-99 99c-7.6 7.6-20.5 2.2-20.5-8.5v-67H140c-6.6 0-12-5.4-12-12z\"><\/path><\/svg>\t\t\t<\/span>\n\t\t\t\t\t\t\t\t\t<span class=\"elementor-button-text\">Sustainability<\/span>\n\t\t\t\t\t<\/span>\n\t\t\t\t\t<\/a>\n\t\t\t\t\t\t\t\t<\/div>\n\t\t\t\t<\/div>\n\t\t<div class=\"elementor-element elementor-element-a8be36e e-con-full e-flex e-con e-child\" data-id=\"a8be36e\" data-element_type=\"container\">\n\t\t\t\t<div class=\"elementor-element elementor-element-60a7df6 elementor-widget elementor-widget-image\" data-id=\"60a7df6\" data-element_type=\"widget\" data-widget_type=\"image.default\">\n\t\t\t\t\t\t\t\t\t\t\t\t\t\t\t<img fetchpriority=\"high\" decoding=\"async\" width=\"500\" height=\"541\" src=\"https:\/\/www.een.sk\/wp-content\/uploads\/2025\/10\/Pattern-4.png\" class=\"attachment-large size-large wp-image-265\" alt=\"\" srcset=\"https:\/\/www.een.sk\/wp-content\/uploads\/2025\/10\/Pattern-4.png 500w, https:\/\/www.een.sk\/wp-content\/uploads\/2025\/10\/Pattern-4-277x300.png 277w, https:\/\/www.een.sk\/wp-content\/uploads\/2025\/10\/Pattern-4-11x12.png 11w\" sizes=\"(max-width: 500px) 100vw, 500px\" \/>\t\t\t\t\t\t\t\t\t\t\t\t\t\t\t<\/div>\n\t\t\t\t<\/div>\n\t\t\t\t<\/div>\n\t\t\t\t\t<\/div>\n\t\t\t\t<\/div>\n\t\t\t\t<\/div>","protected":false},"excerpt":{"rendered":"<p>Enterprise Europe Network pom\u00e1ha podnikom r\u00e1s\u0165 a inovova\u0165 s d\u00f4razom na udr\u017eate\u013enos\u0165. Ako v\u00e1m EEN pom\u00f4\u017ee r\u00e1s\u0165 zodpovedne? Prep\u00e1jame firmy s partnermi, ktor\u00ed pon\u00fakaj\u00fa zelen\u00e9 technol\u00f3gie, rie\u0161enia pre \u00faspory energi\u00ed [&hellip;]<\/p>","protected":false},"author":1,"featured_media":0,"parent":0,"menu_order":0,"comment_status":"closed","ping_status":"closed","template":"elementor_header_footer","meta":{"jetpack_post_was_ever_published":false,"footnotes":""},"class_list":["post-224","page","type-page","status-publish","hentry"],"yoast_head":"<!-- This site is optimized with the Yoast SEO plugin v26.0 - https:\/\/yoast.com\/wordpress\/plugins\/seo\/ -->\n<title>Udr\u017eate\u013enos\u0165 - Enterprise Europe Network<\/title>\n<meta name=\"robots\" content=\"index, follow, max-snippet:-1, max-image-preview:large, max-video-preview:-1\" \/>\n<link rel=\"canonical\" href=\"https:\/\/www.een.sk\/en\/udrzatelnost\/\" \/>\n<meta property=\"og:locale\" content=\"en_GB\" \/>\n<meta property=\"og:type\" content=\"article\" \/>\n<meta property=\"og:title\" content=\"Udr\u017eate\u013enos\u0165 - Enterprise Europe Network\" \/>\n<meta property=\"og:description\" content=\"Enterprise Europe Network pom\u00e1ha podnikom r\u00e1s\u0165 a inovova\u0165 s d\u00f4razom na udr\u017eate\u013enos\u0165. Ako v\u00e1m EEN pom\u00f4\u017ee r\u00e1s\u0165 zodpovedne? Prep\u00e1jame firmy s partnermi, ktor\u00ed pon\u00fakaj\u00fa zelen\u00e9 technol\u00f3gie, rie\u0161enia pre \u00faspory energi\u00ed [&hellip;]\" \/>\n<meta property=\"og:url\" content=\"https:\/\/www.een.sk\/en\/udrzatelnost\/\" \/>\n<meta property=\"og:site_name\" content=\"Enterprise Europe Network\" \/>\n<meta property=\"article:modified_time\" content=\"2025-11-12T15:27:24+00:00\" \/>\n<meta property=\"og:image\" content=\"https:\/\/www.een.sk\/wp-content\/uploads\/2025\/10\/Pattern-4.png\" \/>\n\t<meta property=\"og:image:width\" content=\"500\" \/>\n\t<meta property=\"og:image:height\" content=\"541\" \/>\n\t<meta property=\"og:image:type\" content=\"image\/png\" \/>\n<meta name=\"twitter:card\" content=\"summary_large_image\" \/>\n<meta name=\"twitter:label1\" content=\"Estimated reading time\" \/>\n\t<meta name=\"twitter:data1\" content=\"1 minute\" \/>\n<script type=\"application\/ld+json\" class=\"yoast-schema-graph\">{\"@context\":\"https:\/\/schema.org\",\"@graph\":[{\"@type\":\"WebPage\",\"@id\":\"https:\/\/www.een.sk\/udrzatelnost\",\"url\":\"https:\/\/www.een.sk\/udrzatelnost\",\"name\":\"Udr\u017eate\u013enos\u0165 - Enterprise Europe Network\",\"isPartOf\":{\"@id\":\"https:\/\/www.een.sk\/#website\"},\"primaryImageOfPage\":{\"@id\":\"https:\/\/www.een.sk\/udrzatelnost#primaryimage\"},\"image\":{\"@id\":\"https:\/\/www.een.sk\/udrzatelnost#primaryimage\"},\"thumbnailUrl\":\"https:\/\/www.een.sk\/wp-content\/uploads\/2025\/10\/Pattern-4.png\",\"datePublished\":\"2025-10-11T22:53:56+00:00\",\"dateModified\":\"2025-11-12T15:27:24+00:00\",\"breadcrumb\":{\"@id\":\"https:\/\/www.een.sk\/udrzatelnost#breadcrumb\"},\"inLanguage\":\"en-GB\",\"potentialAction\":[{\"@type\":\"ReadAction\",\"target\":[\"https:\/\/www.een.sk\/udrzatelnost\"]}]},{\"@type\":\"ImageObject\",\"inLanguage\":\"en-GB\",\"@id\":\"https:\/\/www.een.sk\/udrzatelnost#primaryimage\",\"url\":\"https:\/\/www.een.sk\/wp-content\/uploads\/2025\/10\/Pattern-4.png\",\"contentUrl\":\"https:\/\/www.een.sk\/wp-content\/uploads\/2025\/10\/Pattern-4.png\"},{\"@type\":\"BreadcrumbList\",\"@id\":\"https:\/\/www.een.sk\/udrzatelnost#breadcrumb\",\"itemListElement\":[{\"@type\":\"ListItem\",\"position\":1,\"name\":\"Domovsk\u00e1 str\u00e1nka\",\"item\":\"https:\/\/www.een.sk\/\"},{\"@type\":\"ListItem\",\"position\":2,\"name\":\"Udr\u017eate\u013enos\u0165\"}]},{\"@type\":\"WebSite\",\"@id\":\"https:\/\/www.een.sk\/#website\",\"url\":\"https:\/\/www.een.sk\/\",\"name\":\"Enterprise Europe Network\",\"description\":\"Pom\u00e1hame V\u00e1m inovova\u0165 a medzin\u00e1rodne r\u00e1s\u0165\",\"publisher\":{\"@id\":\"https:\/\/www.een.sk\/#organization\"},\"potentialAction\":[{\"@type\":\"SearchAction\",\"target\":{\"@type\":\"EntryPoint\",\"urlTemplate\":\"https:\/\/www.een.sk\/?s={search_term_string}\"},\"query-input\":{\"@type\":\"PropertyValueSpecification\",\"valueRequired\":true,\"valueName\":\"search_term_string\"}}],\"inLanguage\":\"en-GB\"},{\"@type\":\"Organization\",\"@id\":\"https:\/\/www.een.sk\/#organization\",\"name\":\"Enterprise Europe Network\",\"url\":\"https:\/\/www.een.sk\/\",\"logo\":{\"@type\":\"ImageObject\",\"inLanguage\":\"en-GB\",\"@id\":\"https:\/\/www.een.sk\/#\/schema\/logo\/image\/\",\"url\":\"https:\/\/www.een.sk\/wp-content\/uploads\/2025\/10\/EEN.png\",\"contentUrl\":\"https:\/\/www.een.sk\/wp-content\/uploads\/2025\/10\/EEN.png\",\"width\":851,\"height\":300,\"caption\":\"Enterprise Europe Network\"},\"image\":{\"@id\":\"https:\/\/www.een.sk\/#\/schema\/logo\/image\/\"}}]}<\/script>\n<!-- \/ Yoast SEO plugin. -->","yoast_head_json":{"title":"Udr\u017eate\u013enos\u0165 - Enterprise Europe Network","robots":{"index":"index","follow":"follow","max-snippet":"max-snippet:-1","max-image-preview":"max-image-preview:large","max-video-preview":"max-video-preview:-1"},"canonical":"https:\/\/www.een.sk\/en\/udrzatelnost\/","og_locale":"en_GB","og_type":"article","og_title":"Udr\u017eate\u013enos\u0165 - Enterprise Europe Network","og_description":"Enterprise Europe Network pom\u00e1ha podnikom r\u00e1s\u0165 a inovova\u0165 s d\u00f4razom na udr\u017eate\u013enos\u0165. Ako v\u00e1m EEN pom\u00f4\u017ee r\u00e1s\u0165 zodpovedne? Prep\u00e1jame firmy s partnermi, ktor\u00ed pon\u00fakaj\u00fa zelen\u00e9 technol\u00f3gie, rie\u0161enia pre \u00faspory energi\u00ed [&hellip;]","og_url":"https:\/\/www.een.sk\/en\/udrzatelnost\/","og_site_name":"Enterprise Europe Network","article_modified_time":"2025-11-12T15:27:24+00:00","og_image":[{"width":500,"height":541,"url":"https:\/\/www.een.sk\/wp-content\/uploads\/2025\/10\/Pattern-4.png","type":"image\/png"}],"twitter_card":"summary_large_image","twitter_misc":{"Estimated reading time":"1 minute"},"schema":{"@context":"https:\/\/schema.org","@graph":[{"@type":"WebPage","@id":"https:\/\/www.een.sk\/udrzatelnost","url":"https:\/\/www.een.sk\/udrzatelnost","name":"Udr\u017eate\u013enos\u0165 - Enterprise Europe Network","isPartOf":{"@id":"https:\/\/www.een.sk\/#website"},"primaryImageOfPage":{"@id":"https:\/\/www.een.sk\/udrzatelnost#primaryimage"},"image":{"@id":"https:\/\/www.een.sk\/udrzatelnost#primaryimage"},"thumbnailUrl":"https:\/\/www.een.sk\/wp-content\/uploads\/2025\/10\/Pattern-4.png","datePublished":"2025-10-11T22:53:56+00:00","dateModified":"2025-11-12T15:27:24+00:00","breadcrumb":{"@id":"https:\/\/www.een.sk\/udrzatelnost#breadcrumb"},"inLanguage":"en-GB","potentialAction":[{"@type":"ReadAction","target":["https:\/\/www.een.sk\/udrzatelnost"]}]},{"@type":"ImageObject","inLanguage":"en-GB","@id":"https:\/\/www.een.sk\/udrzatelnost#primaryimage","url":"https:\/\/www.een.sk\/wp-content\/uploads\/2025\/10\/Pattern-4.png","contentUrl":"https:\/\/www.een.sk\/wp-content\/uploads\/2025\/10\/Pattern-4.png"},{"@type":"BreadcrumbList","@id":"https:\/\/www.een.sk\/udrzatelnost#breadcrumb","itemListElement":[{"@type":"ListItem","position":1,"name":"Domovsk\u00e1 str\u00e1nka","item":"https:\/\/www.een.sk\/"},{"@type":"ListItem","position":2,"name":"Udr\u017eate\u013enos\u0165"}]},{"@type":"WebSite","@id":"https:\/\/www.een.sk\/#website","url":"https:\/\/www.een.sk\/","name":"Enterprise Europe Network","description":"Pom\u00e1hame V\u00e1m inovova\u0165 a medzin\u00e1rodne r\u00e1s\u0165","publisher":{"@id":"https:\/\/www.een.sk\/#organization"},"potentialAction":[{"@type":"SearchAction","target":{"@type":"EntryPoint","urlTemplate":"https:\/\/www.een.sk\/?s={search_term_string}"},"query-input":{"@type":"PropertyValueSpecification","valueRequired":true,"valueName":"search_term_string"}}],"inLanguage":"en-GB"},{"@type":"Organization","@id":"https:\/\/www.een.sk\/#organization","name":"Enterprise Europe Network","url":"https:\/\/www.een.sk\/","logo":{"@type":"ImageObject","inLanguage":"en-GB","@id":"https:\/\/www.een.sk\/#\/schema\/logo\/image\/","url":"https:\/\/www.een.sk\/wp-content\/uploads\/2025\/10\/EEN.png","contentUrl":"https:\/\/www.een.sk\/wp-content\/uploads\/2025\/10\/EEN.png","width":851,"height":300,"caption":"Enterprise Europe Network"},"image":{"@id":"https:\/\/www.een.sk\/#\/schema\/logo\/image\/"}}]}},"jetpack_sharing_enabled":true,"_links":{"self":[{"href":"https:\/\/www.een.sk\/en\/wp-json\/wp\/v2\/pages\/224","targetHints":{"allow":["GET"]}}],"collection":[{"href":"https:\/\/www.een.sk\/en\/wp-json\/wp\/v2\/pages"}],"about":[{"href":"https:\/\/www.een.sk\/en\/wp-json\/wp\/v2\/types\/page"}],"author":[{"embeddable":true,"href":"https:\/\/www.een.sk\/en\/wp-json\/wp\/v2\/users\/1"}],"replies":[{"embeddable":true,"href":"https:\/\/www.een.sk\/en\/wp-json\/wp\/v2\/comments?post=224"}],"version-history":[{"count":31,"href":"https:\/\/www.een.sk\/en\/wp-json\/wp\/v2\/pages\/224\/revisions"}],"predecessor-version":[{"id":1394,"href":"https:\/\/www.een.sk\/en\/wp-json\/wp\/v2\/pages\/224\/revisions\/1394"}],"wp:attachment":[{"href":"https:\/\/www.een.sk\/en\/wp-json\/wp\/v2\/media?parent=224"}],"curies":[{"name":"wp","href":"https:\/\/api.w.org\/{rel}","templated":true}]}}