{"id":226,"date":"2025-10-12T00:54:44","date_gmt":"2025-10-11T22:54:44","guid":{"rendered":"https:\/\/www.een.sk\/?page_id=226"},"modified":"2025-11-12T16:34:25","modified_gmt":"2025-11-12T15:34:25","slug":"vyhladavanie-partnerov","status":"publish","type":"page","link":"https:\/\/www.een.sk\/en\/vyhladavanie-partnerov","title":{"rendered":"Find a partner"},"content":{"rendered":"<div data-elementor-type=\"wp-page\" data-elementor-id=\"226\" class=\"elementor elementor-226\" data-elementor-post-type=\"page\">\n\t\t\t\t<div class=\"elementor-element elementor-element-42504cef e-flex e-con-boxed e-con e-parent\" data-id=\"42504cef\" data-element_type=\"container\">\n\t\t\t\t\t<div class=\"e-con-inner\">\n\t\t\t\t\t<\/div>\n\t\t\t\t<\/div>\n\t\t<div class=\"elementor-element elementor-element-34421ff3 e-grid e-con-boxed e-con e-parent\" data-id=\"34421ff3\" data-element_type=\"container\">\n\t\t\t\t\t<div class=\"e-con-inner\">\n\t\t<div class=\"elementor-element elementor-element-2b6d4869 e-con-full e-flex e-con e-child\" data-id=\"2b6d4869\" data-element_type=\"container\">\n\t\t\t\t<div class=\"elementor-element elementor-element-5735da6 elementor-widget elementor-widget-text-editor\" data-id=\"5735da6\" data-element_type=\"widget\" data-widget_type=\"text-editor.default\">\n\t\t\t\t\t\t\t\t\tAre you looking for interesting business or project partners abroad? The largest network supporting small and medium-sized enterprises, the Enterprise Europe Network, manages one of the largest online databases of business opportunities in Europe.\n\n<strong>How to search the database?<\/strong>\n<ol>\n \t<li>Visit the website <a href=\"https:\/\/een.ec.europa.eu\/partnering-opportunities\">een.ec.europa.eu\/partnering-opportunities<\/a><\/li>\n \t<li>Select your criteria for a cooperation partner and click on \u201cSearch\u201d.<\/li>\n \t<li>If you find a suitable partner, contact directly <a href=\"https:\/\/www.een.sk\/en\/nas-tim\/\">the EEN network experts<\/a> or send us the cooperation profile code (indicated below its title) and we will contact you promptly.<\/li>\n<\/ol>\t\t\t\t\t\t\t\t<\/div>\n\t\t\t\t<\/div>\n\t\t<div class=\"elementor-element elementor-element-29af9b6e e-con-full e-flex e-con e-child\" data-id=\"29af9b6e\" data-element_type=\"container\">\n\t\t<div class=\"elementor-element elementor-element-6921674 e-con-full e-flex e-con e-child\" data-id=\"6921674\" data-element_type=\"container\" data-settings=\"{&quot;background_background&quot;:&quot;classic&quot;}\">\n\t\t\t\t<div class=\"elementor-element elementor-element-9e7fc40 elementor-widget elementor-widget-spacer\" data-id=\"9e7fc40\" data-element_type=\"widget\" data-widget_type=\"spacer.default\">\n\t\t\t\t\t\t\t<div class=\"elementor-spacer\">\n\t\t\t<div class=\"elementor-spacer-inner\"><\/div>\n\t\t<\/div>\n\t\t\t\t\t\t<\/div>\n\t\t\t\t<div class=\"elementor-element elementor-element-4361510 elementor-widget elementor-widget-heading\" data-id=\"4361510\" data-element_type=\"widget\" data-widget_type=\"heading.default\">\n\t\t\t\t\t<h2 class=\"elementor-heading-title elementor-size-default\"><span style=\"background:#000000D4;color:#fff;padding:.05em .15em;border-radius:3px\">\n  Partner database\n<\/span>\n<\/h2>\t\t\t\t<\/div>\n\t\t\t\t<div class=\"elementor-element elementor-element-01ac39f elementor-widget elementor-widget-text-editor\" data-id=\"01ac39f\" data-element_type=\"widget\" data-widget_type=\"text-editor.default\">\n\t\t\t\t\t\t\t\t\t<p><span style=\"background: #000000D4; color: #fff; padding: .05em .15em; border-radius: 3px; text-shadow: 0 1px 0 rgba(0,0,0,.6), 1px 0 0 rgba(0,0,0,.6), 0 -1px 0 rgba(0,0,0,.6), -1px 0 0 rgba(0,0,0,.6);\">\u00a0More than 5,000 opportunities<br \/><\/span><\/p>\t\t\t\t\t\t\t\t<\/div>\n\t\t\t\t<div class=\"elementor-element elementor-element-669fdf8 elementor-widget elementor-widget-button\" data-id=\"669fdf8\" data-element_type=\"widget\" data-widget_type=\"button.default\">\n\t\t\t\t\t\t\t\t\t\t<a class=\"elementor-button elementor-button-link elementor-size-sm\" href=\"https:\/\/een.ec.europa.eu\/partnering-opportunities\" target=\"_blank\">\n\t\t\t\t\t\t<span class=\"elementor-button-content-wrapper\">\n\t\t\t\t\t\t<span class=\"elementor-button-icon\">\n\t\t\t\t<svg aria-hidden=\"true\" class=\"e-font-icon-svg e-far-arrow-alt-circle-right\" viewbox=\"0 0 512 512\" xmlns=\"http:\/\/www.w3.org\/2000\/svg\"><path d=\"M504 256C504 119 393 8 256 8S8 119 8 256s111 248 248 248 248-111 248-248zm-448 0c0-110.5 89.5-200 200-200s200 89.5 200 200-89.5 200-200 200S56 366.5 56 256zm72 20v-40c0-6.6 5.4-12 12-12h116v-67c0-10.7 12.9-16 20.5-8.5l99 99c4.7 4.7 4.7 12.3 0 17l-99 99c-7.6 7.6-20.5 2.2-20.5-8.5v-67H140c-6.6 0-12-5.4-12-12z\"><\/path><\/svg>\t\t\t<\/span>\n\t\t\t\t\t\t\t\t\t<span class=\"elementor-button-text\">FIND A PARTNER<\/span>\n\t\t\t\t\t<\/span>\n\t\t\t\t\t<\/a>\n\t\t\t\t\t\t\t\t<\/div>\n\t\t\t\t<div class=\"elementor-element elementor-element-fac26ef elementor-widget elementor-widget-spacer\" data-id=\"fac26ef\" data-element_type=\"widget\" data-widget_type=\"spacer.default\">\n\t\t\t\t\t\t\t<div class=\"elementor-spacer\">\n\t\t\t<div class=\"elementor-spacer-inner\"><\/div>\n\t\t<\/div>\n\t\t\t\t\t\t<\/div>\n\t\t\t\t<\/div>\n\t\t\t\t<\/div>\n\t\t\t\t\t<\/div>\n\t\t\t\t<\/div>\n\t\t\t\t<\/div>","protected":false},"excerpt":{"rendered":"<p>H\u013ead\u00e1te zauj\u00edmav\u00fdch obchodn\u00fdch alebo projektov\u00fdch partnerov zahrani\u010d\u00ed? Najv\u00e4\u010d\u0161ia sie\u0165 na podporu mal\u00fdch a stredn\u00fdch podnikov, Enterprise Europe Network, spravuje jednu z najv\u00e4\u010d\u0161\u00edch online datab\u00e1z podnikate\u013esk\u00fdch pr\u00edle\u017eitost\u00ed v Eur\u00f3pe. Ako vyh\u013ead\u00e1va\u0165 [&hellip;]<\/p>","protected":false},"author":1,"featured_media":0,"parent":0,"menu_order":0,"comment_status":"closed","ping_status":"closed","template":"elementor_header_footer","meta":{"jetpack_post_was_ever_published":false,"footnotes":""},"class_list":["post-226","page","type-page","status-publish","hentry"],"yoast_head":"<!-- This site is optimized with the Yoast SEO plugin v26.0 - https:\/\/yoast.com\/wordpress\/plugins\/seo\/ -->\n<title>Vyh\u013ead\u00e1vanie partnerov - Enterprise Europe Network<\/title>\n<meta name=\"robots\" content=\"index, follow, max-snippet:-1, max-image-preview:large, max-video-preview:-1\" \/>\n<link rel=\"canonical\" href=\"https:\/\/www.een.sk\/en\/vyhladavanie-partnerov\/\" \/>\n<meta property=\"og:locale\" content=\"en_GB\" \/>\n<meta property=\"og:type\" content=\"article\" \/>\n<meta property=\"og:title\" content=\"Vyh\u013ead\u00e1vanie partnerov - Enterprise Europe Network\" \/>\n<meta property=\"og:description\" content=\"H\u013ead\u00e1te zauj\u00edmav\u00fdch obchodn\u00fdch alebo projektov\u00fdch partnerov zahrani\u010d\u00ed? Najv\u00e4\u010d\u0161ia sie\u0165 na podporu mal\u00fdch a stredn\u00fdch podnikov, Enterprise Europe Network, spravuje jednu z najv\u00e4\u010d\u0161\u00edch online datab\u00e1z podnikate\u013esk\u00fdch pr\u00edle\u017eitost\u00ed v Eur\u00f3pe. Ako vyh\u013ead\u00e1va\u0165 [&hellip;]\" \/>\n<meta property=\"og:url\" content=\"https:\/\/www.een.sk\/en\/vyhladavanie-partnerov\/\" \/>\n<meta property=\"og:site_name\" content=\"Enterprise Europe Network\" \/>\n<meta property=\"article:modified_time\" content=\"2025-11-12T15:34:25+00:00\" \/>\n<meta name=\"twitter:card\" content=\"summary_large_image\" \/>\n<meta name=\"twitter:label1\" content=\"Estimated reading time\" \/>\n\t<meta name=\"twitter:data1\" content=\"1 minute\" \/>\n<script type=\"application\/ld+json\" class=\"yoast-schema-graph\">{\"@context\":\"https:\/\/schema.org\",\"@graph\":[{\"@type\":\"WebPage\",\"@id\":\"https:\/\/www.een.sk\/vyhladavanie-partnerov\",\"url\":\"https:\/\/www.een.sk\/vyhladavanie-partnerov\",\"name\":\"Vyh\u013ead\u00e1vanie partnerov - Enterprise Europe Network\",\"isPartOf\":{\"@id\":\"https:\/\/www.een.sk\/#website\"},\"datePublished\":\"2025-10-11T22:54:44+00:00\",\"dateModified\":\"2025-11-12T15:34:25+00:00\",\"breadcrumb\":{\"@id\":\"https:\/\/www.een.sk\/vyhladavanie-partnerov#breadcrumb\"},\"inLanguage\":\"en-GB\",\"potentialAction\":[{\"@type\":\"ReadAction\",\"target\":[\"https:\/\/www.een.sk\/vyhladavanie-partnerov\"]}]},{\"@type\":\"BreadcrumbList\",\"@id\":\"https:\/\/www.een.sk\/vyhladavanie-partnerov#breadcrumb\",\"itemListElement\":[{\"@type\":\"ListItem\",\"position\":1,\"name\":\"Domovsk\u00e1 str\u00e1nka\",\"item\":\"https:\/\/www.een.sk\/\"},{\"@type\":\"ListItem\",\"position\":2,\"name\":\"Vyh\u013ead\u00e1vanie partnerov\"}]},{\"@type\":\"WebSite\",\"@id\":\"https:\/\/www.een.sk\/#website\",\"url\":\"https:\/\/www.een.sk\/\",\"name\":\"Enterprise Europe Network\",\"description\":\"Pom\u00e1hame V\u00e1m inovova\u0165 a medzin\u00e1rodne r\u00e1s\u0165\",\"publisher\":{\"@id\":\"https:\/\/www.een.sk\/#organization\"},\"potentialAction\":[{\"@type\":\"SearchAction\",\"target\":{\"@type\":\"EntryPoint\",\"urlTemplate\":\"https:\/\/www.een.sk\/?s={search_term_string}\"},\"query-input\":{\"@type\":\"PropertyValueSpecification\",\"valueRequired\":true,\"valueName\":\"search_term_string\"}}],\"inLanguage\":\"en-GB\"},{\"@type\":\"Organization\",\"@id\":\"https:\/\/www.een.sk\/#organization\",\"name\":\"Enterprise Europe Network\",\"url\":\"https:\/\/www.een.sk\/\",\"logo\":{\"@type\":\"ImageObject\",\"inLanguage\":\"en-GB\",\"@id\":\"https:\/\/www.een.sk\/#\/schema\/logo\/image\/\",\"url\":\"https:\/\/www.een.sk\/wp-content\/uploads\/2025\/10\/EEN.png\",\"contentUrl\":\"https:\/\/www.een.sk\/wp-content\/uploads\/2025\/10\/EEN.png\",\"width\":851,\"height\":300,\"caption\":\"Enterprise Europe Network\"},\"image\":{\"@id\":\"https:\/\/www.een.sk\/#\/schema\/logo\/image\/\"}}]}<\/script>\n<!-- \/ Yoast SEO plugin. -->","yoast_head_json":{"title":"Vyh\u013ead\u00e1vanie partnerov - Enterprise Europe Network","robots":{"index":"index","follow":"follow","max-snippet":"max-snippet:-1","max-image-preview":"max-image-preview:large","max-video-preview":"max-video-preview:-1"},"canonical":"https:\/\/www.een.sk\/en\/vyhladavanie-partnerov\/","og_locale":"en_GB","og_type":"article","og_title":"Vyh\u013ead\u00e1vanie partnerov - Enterprise Europe Network","og_description":"H\u013ead\u00e1te zauj\u00edmav\u00fdch obchodn\u00fdch alebo projektov\u00fdch partnerov zahrani\u010d\u00ed? Najv\u00e4\u010d\u0161ia sie\u0165 na podporu mal\u00fdch a stredn\u00fdch podnikov, Enterprise Europe Network, spravuje jednu z najv\u00e4\u010d\u0161\u00edch online datab\u00e1z podnikate\u013esk\u00fdch pr\u00edle\u017eitost\u00ed v Eur\u00f3pe. Ako vyh\u013ead\u00e1va\u0165 [&hellip;]","og_url":"https:\/\/www.een.sk\/en\/vyhladavanie-partnerov\/","og_site_name":"Enterprise Europe Network","article_modified_time":"2025-11-12T15:34:25+00:00","twitter_card":"summary_large_image","twitter_misc":{"Estimated reading time":"1 minute"},"schema":{"@context":"https:\/\/schema.org","@graph":[{"@type":"WebPage","@id":"https:\/\/www.een.sk\/vyhladavanie-partnerov","url":"https:\/\/www.een.sk\/vyhladavanie-partnerov","name":"Vyh\u013ead\u00e1vanie partnerov - Enterprise Europe Network","isPartOf":{"@id":"https:\/\/www.een.sk\/#website"},"datePublished":"2025-10-11T22:54:44+00:00","dateModified":"2025-11-12T15:34:25+00:00","breadcrumb":{"@id":"https:\/\/www.een.sk\/vyhladavanie-partnerov#breadcrumb"},"inLanguage":"en-GB","potentialAction":[{"@type":"ReadAction","target":["https:\/\/www.een.sk\/vyhladavanie-partnerov"]}]},{"@type":"BreadcrumbList","@id":"https:\/\/www.een.sk\/vyhladavanie-partnerov#breadcrumb","itemListElement":[{"@type":"ListItem","position":1,"name":"Domovsk\u00e1 str\u00e1nka","item":"https:\/\/www.een.sk\/"},{"@type":"ListItem","position":2,"name":"Vyh\u013ead\u00e1vanie partnerov"}]},{"@type":"WebSite","@id":"https:\/\/www.een.sk\/#website","url":"https:\/\/www.een.sk\/","name":"Enterprise Europe Network","description":"Pom\u00e1hame V\u00e1m inovova\u0165 a medzin\u00e1rodne r\u00e1s\u0165","publisher":{"@id":"https:\/\/www.een.sk\/#organization"},"potentialAction":[{"@type":"SearchAction","target":{"@type":"EntryPoint","urlTemplate":"https:\/\/www.een.sk\/?s={search_term_string}"},"query-input":{"@type":"PropertyValueSpecification","valueRequired":true,"valueName":"search_term_string"}}],"inLanguage":"en-GB"},{"@type":"Organization","@id":"https:\/\/www.een.sk\/#organization","name":"Enterprise Europe Network","url":"https:\/\/www.een.sk\/","logo":{"@type":"ImageObject","inLanguage":"en-GB","@id":"https:\/\/www.een.sk\/#\/schema\/logo\/image\/","url":"https:\/\/www.een.sk\/wp-content\/uploads\/2025\/10\/EEN.png","contentUrl":"https:\/\/www.een.sk\/wp-content\/uploads\/2025\/10\/EEN.png","width":851,"height":300,"caption":"Enterprise Europe Network"},"image":{"@id":"https:\/\/www.een.sk\/#\/schema\/logo\/image\/"}}]}},"jetpack_sharing_enabled":true,"_links":{"self":[{"href":"https:\/\/www.een.sk\/en\/wp-json\/wp\/v2\/pages\/226","targetHints":{"allow":["GET"]}}],"collection":[{"href":"https:\/\/www.een.sk\/en\/wp-json\/wp\/v2\/pages"}],"about":[{"href":"https:\/\/www.een.sk\/en\/wp-json\/wp\/v2\/types\/page"}],"author":[{"embeddable":true,"href":"https:\/\/www.een.sk\/en\/wp-json\/wp\/v2\/users\/1"}],"replies":[{"embeddable":true,"href":"https:\/\/www.een.sk\/en\/wp-json\/wp\/v2\/comments?post=226"}],"version-history":[{"count":40,"href":"https:\/\/www.een.sk\/en\/wp-json\/wp\/v2\/pages\/226\/revisions"}],"predecessor-version":[{"id":1412,"href":"https:\/\/www.een.sk\/en\/wp-json\/wp\/v2\/pages\/226\/revisions\/1412"}],"wp:attachment":[{"href":"https:\/\/www.een.sk\/en\/wp-json\/wp\/v2\/media?parent=226"}],"curies":[{"name":"wp","href":"https:\/\/api.w.org\/{rel}","templated":true}]}}