{"id":232,"date":"2025-10-12T00:56:35","date_gmt":"2025-10-11T22:56:35","guid":{"rendered":"https:\/\/www.een.sk\/?page_id=232"},"modified":"2025-11-12T16:52:25","modified_gmt":"2025-11-12T15:52:25","slug":"success-stories","status":"publish","type":"page","link":"https:\/\/www.een.sk\/en\/success-stories","title":{"rendered":"Success stories"},"content":{"rendered":"<div data-elementor-type=\"wp-page\" data-elementor-id=\"232\" class=\"elementor elementor-232\" data-elementor-post-type=\"page\">\n\t\t\t\t<div class=\"elementor-element elementor-element-7ebeb3d0 e-flex e-con-boxed e-con e-parent\" data-id=\"7ebeb3d0\" data-element_type=\"container\">\n\t\t\t\t\t<div class=\"e-con-inner\">\n\t\t\t\t\t<\/div>\n\t\t\t\t<\/div>\n\t\t<div class=\"elementor-element elementor-element-2f60ced e-flex e-con-boxed e-con e-parent\" data-id=\"2f60ced\" data-element_type=\"container\">\n\t\t\t\t\t<div class=\"e-con-inner\">\n\t\t\t\t<div class=\"elementor-element elementor-element-d645b6d elementor-grid-3 elementor-grid-tablet-2 elementor-grid-mobile-1 elementor-posts--thumbnail-top elementor-widget elementor-widget-posts\" data-id=\"d645b6d\" data-element_type=\"widget\" data-settings=\"{&quot;pagination_type&quot;:&quot;numbers&quot;,&quot;classic_columns&quot;:&quot;3&quot;,&quot;classic_columns_tablet&quot;:&quot;2&quot;,&quot;classic_columns_mobile&quot;:&quot;1&quot;,&quot;classic_row_gap&quot;:{&quot;unit&quot;:&quot;px&quot;,&quot;size&quot;:35,&quot;sizes&quot;:[]},&quot;classic_row_gap_laptop&quot;:{&quot;unit&quot;:&quot;px&quot;,&quot;size&quot;:&quot;&quot;,&quot;sizes&quot;:[]},&quot;classic_row_gap_tablet&quot;:{&quot;unit&quot;:&quot;px&quot;,&quot;size&quot;:&quot;&quot;,&quot;sizes&quot;:[]},&quot;classic_row_gap_mobile&quot;:{&quot;unit&quot;:&quot;px&quot;,&quot;size&quot;:&quot;&quot;,&quot;sizes&quot;:[]}}\" data-widget_type=\"posts.classic\">\n\t\t\t\t<div class=\"elementor-widget-container\">\n\t\t\t\t\t\t\t<div class=\"elementor-posts-container elementor-posts elementor-posts--skin-classic elementor-grid\" role=\"list\">\n\t\t\t\t<article class=\"elementor-post elementor-grid-item post-808 post type-post status-publish format-standard has-post-thumbnail hentry category-success-stories\" role=\"listitem\">\n\t\t\t\t<a class=\"elementor-post__thumbnail__link\" href=\"https:\/\/www.een.sk\/en\/slovenske-krtkodomy-sa-vdaka-pomoci-eu-prekopavaju-do-celej-europy\" tabindex=\"-1\" >\n\t\t\t<div class=\"elementor-post__thumbnail\"><img fetchpriority=\"high\" decoding=\"async\" width=\"300\" height=\"200\" src=\"https:\/\/www.een.sk\/wp-content\/uploads\/2025\/10\/krtkodom-300x200.jpg\" class=\"attachment-medium size-medium wp-image-809\" alt=\"\" srcset=\"https:\/\/www.een.sk\/wp-content\/uploads\/2025\/10\/krtkodom-300x200.jpg 300w, https:\/\/www.een.sk\/wp-content\/uploads\/2025\/10\/krtkodom-1024x684.jpg 1024w, https:\/\/www.een.sk\/wp-content\/uploads\/2025\/10\/krtkodom-768x513.jpg 768w, https:\/\/www.een.sk\/wp-content\/uploads\/2025\/10\/krtkodom-1536x1025.jpg 1536w, https:\/\/www.een.sk\/wp-content\/uploads\/2025\/10\/krtkodom-18x12.jpg 18w, https:\/\/www.een.sk\/wp-content\/uploads\/2025\/10\/krtkodom.jpg 1730w\" sizes=\"(max-width: 300px) 100vw, 300px\" \/><\/div>\n\t\t<\/a>\n\t\t\t\t<div class=\"elementor-post__text\">\n\t\t\t\t<h3 class=\"elementor-post__title\">\n\t\t\t<a href=\"https:\/\/www.een.sk\/en\/slovenske-krtkodomy-sa-vdaka-pomoci-eu-prekopavaju-do-celej-europy\" >\n\t\t\t\tSlovensk\u00e9 Krtkodomy sa v\u010faka pomoci E\u00da \u201eprekop\u00e1vaj\u00fa\u201c do celej Eur\u00f3py\t\t\t<\/a>\n\t\t<\/h3>\n\t\t\t\t<div class=\"elementor-post__meta-data\">\n\t\t\t\t\t<span class=\"elementor-post-date\">\n\t\t\t20 October, 2025\t\t<\/span>\n\t\t\t\t<\/div>\n\t\t\t\t<div class=\"elementor-post__excerpt\">\n\t\t\t<p>Ve\u013ek\u00fd dom bez vysok\u00fdch \u00fa\u010dtov za energie, minim\u00e1lnou uhl\u00edkovou stopou a\u00a0v\u00a0\u010do najv\u00e4\u010d\u0161om s\u00falade s pr\u00edrodou. Hoci to m\u00f4\u017ee znie\u0165 ako eko-ut\u00f3pia, nie je. Dokazuje to\u00a0Krtkodom\u00a0\u2013 energeticky pas\u00edvny, alebo rovno sebesta\u010dn\u00fd<\/p>\n\t\t<\/div>\n\t\t\n\t\t<a class=\"elementor-post__read-more\" href=\"https:\/\/www.een.sk\/en\/slovenske-krtkodomy-sa-vdaka-pomoci-eu-prekopavaju-do-celej-europy\" aria-label=\"Read more about Slovensk\u00e9 Krtkodomy sa v\u010faka pomoci E\u00da \u201eprekop\u00e1vaj\u00fa\u201c do celej Eur\u00f3py\" tabindex=\"-1\" >\n\t\t\t\u010c\u00edta\u0165 viac \u00bb\t\t<\/a>\n\n\t\t\t\t<\/div>\n\t\t\t\t<\/article>\n\t\t\t\t<article class=\"elementor-post elementor-grid-item post-805 post type-post status-publish format-standard has-post-thumbnail hentry category-success-stories\" role=\"listitem\">\n\t\t\t\t<a class=\"elementor-post__thumbnail__link\" href=\"https:\/\/www.een.sk\/en\/aj-vdaka-fondom-eu-spustila-spolocnost-multiplexdx-revoluciu-v-testovani-rakoviny\" tabindex=\"-1\" >\n\t\t\t<div class=\"elementor-post__thumbnail\"><img decoding=\"async\" width=\"300\" height=\"200\" src=\"https:\/\/www.een.sk\/wp-content\/uploads\/2025\/10\/multiplex-300x200.jpg\" class=\"attachment-medium size-medium wp-image-806\" alt=\"\" srcset=\"https:\/\/www.een.sk\/wp-content\/uploads\/2025\/10\/multiplex-300x200.jpg 300w, https:\/\/www.een.sk\/wp-content\/uploads\/2025\/10\/multiplex-1024x682.jpg 1024w, https:\/\/www.een.sk\/wp-content\/uploads\/2025\/10\/multiplex-768x512.jpg 768w, https:\/\/www.een.sk\/wp-content\/uploads\/2025\/10\/multiplex-1536x1023.jpg 1536w, https:\/\/www.een.sk\/wp-content\/uploads\/2025\/10\/multiplex-18x12.jpg 18w, https:\/\/www.een.sk\/wp-content\/uploads\/2025\/10\/multiplex.jpg 1732w\" sizes=\"(max-width: 300px) 100vw, 300px\" \/><\/div>\n\t\t<\/a>\n\t\t\t\t<div class=\"elementor-post__text\">\n\t\t\t\t<h3 class=\"elementor-post__title\">\n\t\t\t<a href=\"https:\/\/www.een.sk\/en\/aj-vdaka-fondom-eu-spustila-spolocnost-multiplexdx-revoluciu-v-testovani-rakoviny\" >\n\t\t\t\tAj v\u010faka fondom E\u00da spustila spolo\u010dnos\u0165 MultiplexDX revol\u00faciu v testovan\u00ed rakoviny\t\t\t<\/a>\n\t\t<\/h3>\n\t\t\t\t<div class=\"elementor-post__meta-data\">\n\t\t\t\t\t<span class=\"elementor-post-date\">\n\t\t\t20 October, 2025\t\t<\/span>\n\t\t\t\t<\/div>\n\t\t\t\t<div class=\"elementor-post__excerpt\">\n\t\t\t<p>\u010cas a presnos\u0165. Pr\u00e1ve tie s\u00fa k\u013e\u00fa\u010dov\u00e9 pri lie\u010dbe jedn\u00e9ho z\u00a0najv\u00e1\u017enej\u0161\u00edch a\u00a0najob\u00e1vanej\u0161\u00edch ochoren\u00ed \u2013 rakoviny. A\u00a0pr\u00e1ve tie budeme m\u00f4c\u0165 u\u017e o\u00a0p\u00e1r rokov z\u00edska\u0165 v\u010faka slovensk\u00e9mu startupu\u00a0MultiplexDX, ktor\u00fd vyvinul unik\u00e1tnu, takmer<\/p>\n\t\t<\/div>\n\t\t\n\t\t<a class=\"elementor-post__read-more\" href=\"https:\/\/www.een.sk\/en\/aj-vdaka-fondom-eu-spustila-spolocnost-multiplexdx-revoluciu-v-testovani-rakoviny\" aria-label=\"Read more about Aj v\u010faka fondom E\u00da spustila spolo\u010dnos\u0165 MultiplexDX revol\u00faciu v testovan\u00ed rakoviny\" tabindex=\"-1\" >\n\t\t\t\u010c\u00edta\u0165 viac \u00bb\t\t<\/a>\n\n\t\t\t\t<\/div>\n\t\t\t\t<\/article>\n\t\t\t\t<article class=\"elementor-post elementor-grid-item post-801 post type-post status-publish format-standard has-post-thumbnail hentry category-success-stories\" role=\"listitem\">\n\t\t\t\t<a class=\"elementor-post__thumbnail__link\" href=\"https:\/\/www.een.sk\/en\/slovenske-sklo-putuje-z-ruk-dizajnerskych-majstrov-do-celeho-sveta\" tabindex=\"-1\" >\n\t\t\t<div class=\"elementor-post__thumbnail\"><img decoding=\"async\" width=\"300\" height=\"157\" src=\"https:\/\/www.een.sk\/wp-content\/uploads\/2025\/10\/euo4b2020-social-media-statique-1200x628-sk-rona-300x157.jpg\" class=\"attachment-medium size-medium wp-image-802\" alt=\"\" srcset=\"https:\/\/www.een.sk\/wp-content\/uploads\/2025\/10\/euo4b2020-social-media-statique-1200x628-sk-rona-300x157.jpg 300w, https:\/\/www.een.sk\/wp-content\/uploads\/2025\/10\/euo4b2020-social-media-statique-1200x628-sk-rona-1024x536.jpg 1024w, https:\/\/www.een.sk\/wp-content\/uploads\/2025\/10\/euo4b2020-social-media-statique-1200x628-sk-rona-768x402.jpg 768w, https:\/\/www.een.sk\/wp-content\/uploads\/2025\/10\/euo4b2020-social-media-statique-1200x628-sk-rona-18x9.jpg 18w, https:\/\/www.een.sk\/wp-content\/uploads\/2025\/10\/euo4b2020-social-media-statique-1200x628-sk-rona.jpg 1200w\" sizes=\"(max-width: 300px) 100vw, 300px\" \/><\/div>\n\t\t<\/a>\n\t\t\t\t<div class=\"elementor-post__text\">\n\t\t\t\t<h3 class=\"elementor-post__title\">\n\t\t\t<a href=\"https:\/\/www.een.sk\/en\/slovenske-sklo-putuje-z-ruk-dizajnerskych-majstrov-do-celeho-sveta\" >\n\t\t\t\tSlovensk\u00e9 sklo putuje z\u00a0r\u00fak dizajn\u00e9rskych majstrov do cel\u00e9ho sveta\t\t\t<\/a>\n\t\t<\/h3>\n\t\t\t\t<div class=\"elementor-post__meta-data\">\n\t\t\t\t\t<span class=\"elementor-post-date\">\n\t\t\t20 October, 2025\t\t<\/span>\n\t\t\t\t<\/div>\n\t\t\t\t<div class=\"elementor-post__excerpt\">\n\t\t\t<p>Skl\u00e1rne RONA s\u00fa jedn\u00fdm z popredn\u00fdch svetov\u00fdch v\u00fdrobcov bezolovnat\u00e9ho kri\u0161tal\u00ednov\u00e9ho skla, ako n\u00e1pojov\u00fdch poh\u00e1rov, riadu a dekorat\u00edvnych predmetov, ktor\u00e9 by nemalo ch\u00fdba\u0165 v\u00a0\u017eiadnej dom\u00e1cnosti ani re\u0161taur\u00e1cii. \u00dastredie ako aj v\u00fdrobn\u00fd<\/p>\n\t\t<\/div>\n\t\t\n\t\t<a class=\"elementor-post__read-more\" href=\"https:\/\/www.een.sk\/en\/slovenske-sklo-putuje-z-ruk-dizajnerskych-majstrov-do-celeho-sveta\" aria-label=\"Read more about Slovensk\u00e9 sklo putuje z\u00a0r\u00fak dizajn\u00e9rskych majstrov do cel\u00e9ho sveta\" tabindex=\"-1\" >\n\t\t\t\u010c\u00edta\u0165 viac \u00bb\t\t<\/a>\n\n\t\t\t\t<\/div>\n\t\t\t\t<\/article>\n\t\t\t\t<article class=\"elementor-post elementor-grid-item post-797 post type-post status-publish format-standard has-post-thumbnail hentry category-success-stories\" role=\"listitem\">\n\t\t\t\t<a class=\"elementor-post__thumbnail__link\" href=\"https:\/\/www.een.sk\/en\/svoje-riesenie-pre-manazment-odpadov-dodavaju-do-zahranicia-siet-enterpise-europe-network-pomohla-spolocnosti-sensoneo-najst-spravnych-biznis-partnerov\" tabindex=\"-1\" >\n\t\t\t<div class=\"elementor-post__thumbnail\"><img loading=\"lazy\" decoding=\"async\" width=\"300\" height=\"157\" src=\"https:\/\/www.een.sk\/wp-content\/uploads\/2025\/10\/euo4b2020-social-media-statique-1200x628-sk-sensoneo-300x157.jpg\" class=\"attachment-medium size-medium wp-image-798\" alt=\"\" srcset=\"https:\/\/www.een.sk\/wp-content\/uploads\/2025\/10\/euo4b2020-social-media-statique-1200x628-sk-sensoneo-300x157.jpg 300w, https:\/\/www.een.sk\/wp-content\/uploads\/2025\/10\/euo4b2020-social-media-statique-1200x628-sk-sensoneo-1024x536.jpg 1024w, https:\/\/www.een.sk\/wp-content\/uploads\/2025\/10\/euo4b2020-social-media-statique-1200x628-sk-sensoneo-768x402.jpg 768w, https:\/\/www.een.sk\/wp-content\/uploads\/2025\/10\/euo4b2020-social-media-statique-1200x628-sk-sensoneo-18x9.jpg 18w, https:\/\/www.een.sk\/wp-content\/uploads\/2025\/10\/euo4b2020-social-media-statique-1200x628-sk-sensoneo.jpg 1200w\" sizes=\"(max-width: 300px) 100vw, 300px\" \/><\/div>\n\t\t<\/a>\n\t\t\t\t<div class=\"elementor-post__text\">\n\t\t\t\t<h3 class=\"elementor-post__title\">\n\t\t\t<a href=\"https:\/\/www.een.sk\/en\/svoje-riesenie-pre-manazment-odpadov-dodavaju-do-zahranicia-siet-enterpise-europe-network-pomohla-spolocnosti-sensoneo-najst-spravnych-biznis-partnerov\" >\n\t\t\t\tSvoje rie\u0161enie pre mana\u017ement odpadov dod\u00e1vaj\u00fa do zahrani\u010dia. Sie\u0165 Enterpise Europe Network pomohla spolo\u010dnosti Sensoneo n\u00e1js\u0165 spr\u00e1vnych biznis partnerov\t\t\t<\/a>\n\t\t<\/h3>\n\t\t\t\t<div class=\"elementor-post__meta-data\">\n\t\t\t\t\t<span class=\"elementor-post-date\">\n\t\t\t20 October, 2025\t\t<\/span>\n\t\t\t\t<\/div>\n\t\t\t\t<div class=\"elementor-post__excerpt\">\n\t\t\t<p>Spolo\u010dnos\u0165 Sensoneo je glob\u00e1lnym poskytovate\u013eom komplexn\u00fdch rie\u0161en\u00ed pre mana\u017ement odpadov, ktor\u00e9 umo\u017e\u0148uj\u00fa mest\u00e1m a spolo\u010dnostiam optimalizova\u0165 n\u00e1klady, zvy\u0161ova\u0165 oh\u013eaduplnos\u0165 k \u017eivotn\u00e9mu prostrediu a zlep\u0161ova\u0165 kvalitu \u017eivota. Sensoneo vyr\u00e1ba ultrazvukov\u00e9&nbsp;senzory, ktor\u00e9<\/p>\n\t\t<\/div>\n\t\t\n\t\t<a class=\"elementor-post__read-more\" href=\"https:\/\/www.een.sk\/en\/svoje-riesenie-pre-manazment-odpadov-dodavaju-do-zahranicia-siet-enterpise-europe-network-pomohla-spolocnosti-sensoneo-najst-spravnych-biznis-partnerov\" aria-label=\"Read more about Svoje rie\u0161enie pre mana\u017ement odpadov dod\u00e1vaj\u00fa do zahrani\u010dia. Sie\u0165 Enterpise Europe Network pomohla spolo\u010dnosti Sensoneo n\u00e1js\u0165 spr\u00e1vnych biznis partnerov\" tabindex=\"-1\" >\n\t\t\t\u010c\u00edta\u0165 viac \u00bb\t\t<\/a>\n\n\t\t\t\t<\/div>\n\t\t\t\t<\/article>\n\t\t\t\t<article class=\"elementor-post elementor-grid-item post-784 post type-post status-publish format-standard has-post-thumbnail hentry category-success-stories\" role=\"listitem\">\n\t\t\t\t<a class=\"elementor-post__thumbnail__link\" href=\"https:\/\/www.een.sk\/en\/slovenska-spolocnost-biopel-ziskala-financne-prostriedky-na-vystavbu-logistickeho-centra\" tabindex=\"-1\" >\n\t\t\t<div class=\"elementor-post__thumbnail\"><img loading=\"lazy\" decoding=\"async\" width=\"300\" height=\"157\" src=\"https:\/\/www.een.sk\/wp-content\/uploads\/2025\/10\/euo4b2020-social-media-statique-1200x628-sk-biopel-300x157.jpg\" class=\"attachment-medium size-medium wp-image-786\" alt=\"\" srcset=\"https:\/\/www.een.sk\/wp-content\/uploads\/2025\/10\/euo4b2020-social-media-statique-1200x628-sk-biopel-300x157.jpg 300w, https:\/\/www.een.sk\/wp-content\/uploads\/2025\/10\/euo4b2020-social-media-statique-1200x628-sk-biopel-1024x536.jpg 1024w, https:\/\/www.een.sk\/wp-content\/uploads\/2025\/10\/euo4b2020-social-media-statique-1200x628-sk-biopel-768x402.jpg 768w, https:\/\/www.een.sk\/wp-content\/uploads\/2025\/10\/euo4b2020-social-media-statique-1200x628-sk-biopel-18x9.jpg 18w, https:\/\/www.een.sk\/wp-content\/uploads\/2025\/10\/euo4b2020-social-media-statique-1200x628-sk-biopel.jpg 1200w\" sizes=\"(max-width: 300px) 100vw, 300px\" \/><\/div>\n\t\t<\/a>\n\t\t\t\t<div class=\"elementor-post__text\">\n\t\t\t\t<h3 class=\"elementor-post__title\">\n\t\t\t<a href=\"https:\/\/www.een.sk\/en\/slovenska-spolocnost-biopel-ziskala-financne-prostriedky-na-vystavbu-logistickeho-centra\" >\n\t\t\t\tSlovensk\u00e1 spolo\u010dnos\u0165 Biopel z\u00edskala finan\u010dn\u00e9 prostriedky na v\u00fdstavbu logistick\u00e9ho centra\t\t\t<\/a>\n\t\t<\/h3>\n\t\t\t\t<div class=\"elementor-post__meta-data\">\n\t\t\t\t\t<span class=\"elementor-post-date\">\n\t\t\t20 October, 2025\t\t<\/span>\n\t\t\t\t<\/div>\n\t\t\t\t<div class=\"elementor-post__excerpt\">\n\t\t\t<p>Spolo\u010dnos\u0165 BIOPEL\u00a0s\u00eddliaca v\u00a0Kysuckom Lieskovci sa od roku 2012 venuje spracovaniu odpadov\u00e9ho dreva, ktor\u00e9 nie je pou\u017eite\u013en\u00e9 pre \u00fa\u010dely v\u00a0stavebn\u00edctve \u010di\u00a0n\u00e1bytk\u00e1rskom priemysle. Hlavn\u00fdm cie\u013eom firmy je v\u00fdroba \u0161ir\u0161ej \u0161k\u00e1ly drevn\u00fdch pal\u00edv,<\/p>\n\t\t<\/div>\n\t\t\n\t\t<a class=\"elementor-post__read-more\" href=\"https:\/\/www.een.sk\/en\/slovenska-spolocnost-biopel-ziskala-financne-prostriedky-na-vystavbu-logistickeho-centra\" aria-label=\"Read more about Slovensk\u00e1 spolo\u010dnos\u0165 Biopel z\u00edskala finan\u010dn\u00e9 prostriedky na v\u00fdstavbu logistick\u00e9ho centra\" tabindex=\"-1\" >\n\t\t\t\u010c\u00edta\u0165 viac \u00bb\t\t<\/a>\n\n\t\t\t\t<\/div>\n\t\t\t\t<\/article>\n\t\t\t\t<article class=\"elementor-post elementor-grid-item post-781 post type-post status-publish format-standard has-post-thumbnail hentry category-success-stories\" role=\"listitem\">\n\t\t\t\t<a class=\"elementor-post__thumbnail__link\" href=\"https:\/\/www.een.sk\/en\/detailingove-studio-naslo-partnerov-vo-velkej-britanii-vdaka-pomoci-expertov-een\" tabindex=\"-1\" >\n\t\t\t<div class=\"elementor-post__thumbnail\"><img loading=\"lazy\" decoding=\"async\" width=\"300\" height=\"174\" src=\"https:\/\/www.een.sk\/wp-content\/uploads\/2025\/10\/rdm-300x174.jpg\" class=\"attachment-medium size-medium wp-image-782\" alt=\"\" srcset=\"https:\/\/www.een.sk\/wp-content\/uploads\/2025\/10\/rdm-300x174.jpg 300w, https:\/\/www.een.sk\/wp-content\/uploads\/2025\/10\/rdm-768x446.jpg 768w, https:\/\/www.een.sk\/wp-content\/uploads\/2025\/10\/rdm-18x10.jpg 18w, https:\/\/www.een.sk\/wp-content\/uploads\/2025\/10\/rdm.jpg 857w\" sizes=\"(max-width: 300px) 100vw, 300px\" \/><\/div>\n\t\t<\/a>\n\t\t\t\t<div class=\"elementor-post__text\">\n\t\t\t\t<h3 class=\"elementor-post__title\">\n\t\t\t<a href=\"https:\/\/www.een.sk\/en\/detailingove-studio-naslo-partnerov-vo-velkej-britanii-vdaka-pomoci-expertov-een\" >\n\t\t\t\tDetailingov\u00e9 \u0161t\u00fadio na\u0161lo partnerov vo Ve\u013ekej Brit\u00e1nii v\u010faka pomoci expertov EEN\t\t\t<\/a>\n\t\t<\/h3>\n\t\t\t\t<div class=\"elementor-post__meta-data\">\n\t\t\t\t\t<span class=\"elementor-post-date\">\n\t\t\t20 October, 2025\t\t<\/span>\n\t\t\t\t<\/div>\n\t\t\t\t<div class=\"elementor-post__excerpt\">\n\t\t\t<p>Slovensk\u00e1 spolo\u010dnos\u0165 RDM Gar\u00e1\u017e s.r.o. je detailingov\u00e9 \u0161t\u00fadio zameran\u00e9 na starostlivos\u0165 o aut\u00e1 a poskytovanie slu\u017eieb s kvalitnou autokozmetikou, ktor\u00e1 zabezpe\u010duje najvy\u0161\u0161iu kvalitu \u00fadr\u017eby vozidla, ako aj ochranu pred \u010fal\u0161\u00edm<\/p>\n\t\t<\/div>\n\t\t\n\t\t<a class=\"elementor-post__read-more\" href=\"https:\/\/www.een.sk\/en\/detailingove-studio-naslo-partnerov-vo-velkej-britanii-vdaka-pomoci-expertov-een\" aria-label=\"Read more about Detailingov\u00e9 \u0161t\u00fadio na\u0161lo partnerov vo Ve\u013ekej Brit\u00e1nii v\u010faka pomoci expertov EEN\" tabindex=\"-1\" >\n\t\t\t\u010c\u00edta\u0165 viac \u00bb\t\t<\/a>\n\n\t\t\t\t<\/div>\n\t\t\t\t<\/article>\n\t\t\t\t<\/div>\n\t\t\n\t\t\t\t<div class=\"e-load-more-anchor\" data-page=\"1\" data-max-page=\"2\" data-next-page=\"https:\/\/www.een.sk\/en\/wp-json\/wp\/v2\/pages\/232\/page\/2\"><\/div>\n\t\t\t\t<nav class=\"elementor-pagination\" aria-label=\"Pagination\">\n\t\t\t<span aria-current=\"page\" class=\"page-numbers current\"><span class=\"elementor-screen-only\">Page<\/span>1<\/span>\n<a class=\"page-numbers\" href=\"https:\/\/www.een.sk\/en\/wp-json\/wp\/v2\/pages\/232\/page\/2\"><span class=\"elementor-screen-only\">Page<\/span>2<\/a>\t\t<\/nav>\n\t\t\t\t\t\t<\/div>\n\t\t\t\t<\/div>\n\t\t\t\t\t<\/div>\n\t\t\t\t<\/div>\n\t\t<div class=\"elementor-element elementor-element-691dc33 e-flex e-con-boxed e-con e-parent\" data-id=\"691dc33\" data-element_type=\"container\">\n\t\t\t\t\t<div class=\"e-con-inner\">\n\t\t\t\t<div class=\"elementor-element elementor-element-af6c7fb elementor-widget elementor-widget-spacer\" data-id=\"af6c7fb\" data-element_type=\"widget\" data-widget_type=\"spacer.default\">\n\t\t\t\t\t\t\t<div class=\"elementor-spacer\">\n\t\t\t<div class=\"elementor-spacer-inner\"><\/div>\n\t\t<\/div>\n\t\t\t\t\t\t<\/div>\n\t\t\t\t\t<\/div>\n\t\t\t\t<\/div>\n\t\t\t\t<\/div>","protected":false},"excerpt":{"rendered":"","protected":false},"author":1,"featured_media":0,"parent":0,"menu_order":0,"comment_status":"closed","ping_status":"closed","template":"elementor_header_footer","meta":{"footnotes":""},"class_list":["post-232","page","type-page","status-publish","hentry"],"yoast_head":"<!-- This site is optimized with the Yoast SEO plugin v26.0 - https:\/\/yoast.com\/wordpress\/plugins\/seo\/ -->\n<title>Success stories - Enterprise Europe Network<\/title>\n<meta name=\"robots\" content=\"index, follow, max-snippet:-1, max-image-preview:large, max-video-preview:-1\" \/>\n<link rel=\"canonical\" href=\"https:\/\/www.een.sk\/en\/success-stories\/\" \/>\n<meta property=\"og:locale\" content=\"en_GB\" \/>\n<meta property=\"og:type\" content=\"article\" \/>\n<meta property=\"og:title\" content=\"Success stories - Enterprise Europe Network\" \/>\n<meta property=\"og:url\" content=\"https:\/\/www.een.sk\/en\/success-stories\/\" \/>\n<meta property=\"og:site_name\" content=\"Enterprise Europe Network\" \/>\n<meta property=\"article:modified_time\" content=\"2025-11-12T15:52:25+00:00\" \/>\n<meta name=\"twitter:card\" content=\"summary_large_image\" \/>\n<meta name=\"twitter:label1\" content=\"Estimated reading time\" \/>\n\t<meta name=\"twitter:data1\" content=\"5 minutes\" \/>\n<script type=\"application\/ld+json\" class=\"yoast-schema-graph\">{\"@context\":\"https:\/\/schema.org\",\"@graph\":[{\"@type\":\"WebPage\",\"@id\":\"https:\/\/www.een.sk\/success-stories\",\"url\":\"https:\/\/www.een.sk\/success-stories\",\"name\":\"Success stories - Enterprise Europe Network\",\"isPartOf\":{\"@id\":\"https:\/\/www.een.sk\/#website\"},\"datePublished\":\"2025-10-11T22:56:35+00:00\",\"dateModified\":\"2025-11-12T15:52:25+00:00\",\"breadcrumb\":{\"@id\":\"https:\/\/www.een.sk\/success-stories#breadcrumb\"},\"inLanguage\":\"en-GB\",\"potentialAction\":[{\"@type\":\"ReadAction\",\"target\":[\"https:\/\/www.een.sk\/success-stories\"]}]},{\"@type\":\"BreadcrumbList\",\"@id\":\"https:\/\/www.een.sk\/success-stories#breadcrumb\",\"itemListElement\":[{\"@type\":\"ListItem\",\"position\":1,\"name\":\"Domovsk\u00e1 str\u00e1nka\",\"item\":\"https:\/\/www.een.sk\/\"},{\"@type\":\"ListItem\",\"position\":2,\"name\":\"Success stories\"}]},{\"@type\":\"WebSite\",\"@id\":\"https:\/\/www.een.sk\/#website\",\"url\":\"https:\/\/www.een.sk\/\",\"name\":\"Enterprise Europe Network\",\"description\":\"Pom\u00e1hame V\u00e1m inovova\u0165 a medzin\u00e1rodne r\u00e1s\u0165\",\"publisher\":{\"@id\":\"https:\/\/www.een.sk\/#organization\"},\"potentialAction\":[{\"@type\":\"SearchAction\",\"target\":{\"@type\":\"EntryPoint\",\"urlTemplate\":\"https:\/\/www.een.sk\/?s={search_term_string}\"},\"query-input\":{\"@type\":\"PropertyValueSpecification\",\"valueRequired\":true,\"valueName\":\"search_term_string\"}}],\"inLanguage\":\"en-GB\"},{\"@type\":\"Organization\",\"@id\":\"https:\/\/www.een.sk\/#organization\",\"name\":\"Enterprise Europe Network\",\"url\":\"https:\/\/www.een.sk\/\",\"logo\":{\"@type\":\"ImageObject\",\"inLanguage\":\"en-GB\",\"@id\":\"https:\/\/www.een.sk\/#\/schema\/logo\/image\/\",\"url\":\"https:\/\/www.een.sk\/wp-content\/uploads\/2025\/10\/EEN.png\",\"contentUrl\":\"https:\/\/www.een.sk\/wp-content\/uploads\/2025\/10\/EEN.png\",\"width\":851,\"height\":300,\"caption\":\"Enterprise Europe Network\"},\"image\":{\"@id\":\"https:\/\/www.een.sk\/#\/schema\/logo\/image\/\"}}]}<\/script>\n<!-- \/ Yoast SEO plugin. -->","yoast_head_json":{"title":"Success stories - Enterprise Europe Network","robots":{"index":"index","follow":"follow","max-snippet":"max-snippet:-1","max-image-preview":"max-image-preview:large","max-video-preview":"max-video-preview:-1"},"canonical":"https:\/\/www.een.sk\/en\/success-stories\/","og_locale":"en_GB","og_type":"article","og_title":"Success stories - Enterprise Europe Network","og_url":"https:\/\/www.een.sk\/en\/success-stories\/","og_site_name":"Enterprise Europe Network","article_modified_time":"2025-11-12T15:52:25+00:00","twitter_card":"summary_large_image","twitter_misc":{"Estimated reading time":"5 minutes"},"schema":{"@context":"https:\/\/schema.org","@graph":[{"@type":"WebPage","@id":"https:\/\/www.een.sk\/success-stories","url":"https:\/\/www.een.sk\/success-stories","name":"Success stories - Enterprise Europe Network","isPartOf":{"@id":"https:\/\/www.een.sk\/#website"},"datePublished":"2025-10-11T22:56:35+00:00","dateModified":"2025-11-12T15:52:25+00:00","breadcrumb":{"@id":"https:\/\/www.een.sk\/success-stories#breadcrumb"},"inLanguage":"en-GB","potentialAction":[{"@type":"ReadAction","target":["https:\/\/www.een.sk\/success-stories"]}]},{"@type":"BreadcrumbList","@id":"https:\/\/www.een.sk\/success-stories#breadcrumb","itemListElement":[{"@type":"ListItem","position":1,"name":"Domovsk\u00e1 str\u00e1nka","item":"https:\/\/www.een.sk\/"},{"@type":"ListItem","position":2,"name":"Success stories"}]},{"@type":"WebSite","@id":"https:\/\/www.een.sk\/#website","url":"https:\/\/www.een.sk\/","name":"Enterprise Europe Network","description":"Pom\u00e1hame V\u00e1m inovova\u0165 a medzin\u00e1rodne r\u00e1s\u0165","publisher":{"@id":"https:\/\/www.een.sk\/#organization"},"potentialAction":[{"@type":"SearchAction","target":{"@type":"EntryPoint","urlTemplate":"https:\/\/www.een.sk\/?s={search_term_string}"},"query-input":{"@type":"PropertyValueSpecification","valueRequired":true,"valueName":"search_term_string"}}],"inLanguage":"en-GB"},{"@type":"Organization","@id":"https:\/\/www.een.sk\/#organization","name":"Enterprise Europe Network","url":"https:\/\/www.een.sk\/","logo":{"@type":"ImageObject","inLanguage":"en-GB","@id":"https:\/\/www.een.sk\/#\/schema\/logo\/image\/","url":"https:\/\/www.een.sk\/wp-content\/uploads\/2025\/10\/EEN.png","contentUrl":"https:\/\/www.een.sk\/wp-content\/uploads\/2025\/10\/EEN.png","width":851,"height":300,"caption":"Enterprise Europe Network"},"image":{"@id":"https:\/\/www.een.sk\/#\/schema\/logo\/image\/"}}]}},"_links":{"self":[{"href":"https:\/\/www.een.sk\/en\/wp-json\/wp\/v2\/pages\/232","targetHints":{"allow":["GET"]}}],"collection":[{"href":"https:\/\/www.een.sk\/en\/wp-json\/wp\/v2\/pages"}],"about":[{"href":"https:\/\/www.een.sk\/en\/wp-json\/wp\/v2\/types\/page"}],"author":[{"embeddable":true,"href":"https:\/\/www.een.sk\/en\/wp-json\/wp\/v2\/users\/1"}],"replies":[{"embeddable":true,"href":"https:\/\/www.een.sk\/en\/wp-json\/wp\/v2\/comments?post=232"}],"version-history":[{"count":43,"href":"https:\/\/www.een.sk\/en\/wp-json\/wp\/v2\/pages\/232\/revisions"}],"predecessor-version":[{"id":1436,"href":"https:\/\/www.een.sk\/en\/wp-json\/wp\/v2\/pages\/232\/revisions\/1436"}],"wp:attachment":[{"href":"https:\/\/www.een.sk\/en\/wp-json\/wp\/v2\/media?parent=232"}],"curies":[{"name":"wp","href":"https:\/\/api.w.org\/{rel}","templated":true}]}}