{"id":3,"date":"2025-10-01T18:00:19","date_gmt":"2025-10-01T16:00:19","guid":{"rendered":"https:\/\/www.een.sk\/?page_id=3"},"modified":"2025-10-12T22:22:30","modified_gmt":"2025-10-12T20:22:30","slug":"ochrana-sukromia","status":"publish","type":"page","link":"https:\/\/www.een.sk\/en\/ochrana-sukromia","title":{"rendered":"Privacy policy"},"content":{"rendered":"<h2 class=\"wp-block-heading\"><strong>S\u00fabory cookies<\/strong><\/h2>\n\n\n\n<p>Za \u00fa\u010delom zlep\u0161enia poskytovan\u00fdch slu\u017eieb pou\u017e\u00edvaj\u00fa str\u00e1nky Enterprise Europe Network Slovensko&nbsp;s\u00fabory cookie. Pou\u017e\u00edvan\u00edm s\u00faborov cookies nedoch\u00e1dza k poru\u0161ovaniu z\u00e1kona \u010d. 122\/2013 Z.z. o ochrane osobn\u00fdch \u00fadajov, nako\u013eko ich pou\u017e\u00edvan\u00edm nie s\u00fa zhroma\u017e\u010fovan\u00e9 osobn\u00e9 \u00fadaje a ani nie s\u00fa poskytovan\u00e9&nbsp;tret\u00edm stran\u00e1m. Ka\u017ed\u00fd u\u017e\u00edvate\u013e prezeran\u00edm webovej str\u00e1nky Enterprise Europe Network Slovensko s\u00fahlas\u00ed s ich pou\u017e\u00edvan\u00edm a ukladan\u00edm do jeho prehliada\u010da&nbsp;a svoj s\u00fahlas prejavuje \u010fal\u0161\u00edm prezeran\u00edm na\u0161ej webovej str\u00e1nky.<\/p>\n\n\n\n<p><strong>\u010co je&nbsp;s\u00fabor&nbsp;cookie?<\/strong><\/p>\n\n\n\n<p>S\u00fabor cookie je mal\u00fd textov\u00fd s\u00fabor, ktor\u00fd webov\u00e1 lokalita uklad\u00e1 vo va\u0161om po\u010d\u00edta\u010di alebo inom zariaden\u00ed, na ktorom je webov\u00e1 str\u00e1nka prehliadan\u00e1. V\u010faka tomuto s\u00faboru si webov\u00e1 lokalita na ur\u010dit\u00fd \u010das uchov\u00e1va inform\u00e1cie o va\u0161ich krokoch a nastaveniach&nbsp;(ako s\u00fa prihlasovacie meno, jazyk&nbsp;a in\u00e9 nastavenia zobrazovania), tak\u017ee ich pri \u010fal\u0161ej n\u00e1v\u0161teve lokality nemus\u00edte op\u00e4tovne uv\u00e1dza\u0165.<\/p>\n\n\n\n<p><strong>Ako pou\u017e\u00edvame s\u00fabory cookies?<\/strong><\/p>\n\n\n\n<p>Tieto webstr\u00e1nky pou\u017e\u00edvaj\u00fa s\u00fabory cookies na zapam\u00e4tanie si pou\u017eivate\u013esk\u00fdch nastaven\u00ed, pre lep\u0161ie prisp\u00f4sobenie rekl\u00e1m z\u00e1ujmom n\u00e1v\u0161tevn\u00edkov a pre nevyhnutn\u00fa funkcionalitu webstr\u00e1nok.<\/p>\n\n\n\n<p><strong>Ako kontrolova\u0165 a maza\u0165 s\u00fabory cookies?<\/strong><\/p>\n\n\n\n<p>S\u00fabory cookies m\u00f4\u017eete kontrolova\u0165 alebo zmaza\u0165 z v\u00e1\u0161ho po\u010d\u00edta\u010da, alebo in\u00e9ho zariadenia, ktor\u00e9 pou\u017e\u00edvate na prehliadanie webov\u00fdch str\u00e1nok. Podrobnosti n\u00e1jdete&nbsp;na str\u00e1nke aboutcookies.org.&nbsp; M\u00f4\u017eete vymaza\u0165 v\u0161etky s\u00fabory cookie ulo\u017een\u00e9 vo svojom po\u010d\u00edta\u010di a v\u00e4\u010d\u0161inu prehliada\u010dov m\u00f4\u017eete nastavi\u0165 tak, aby ste im znemo\u017enili ich ukladanie.<\/p>\n\n\n\n<p><strong>Ako odmietnu\u0165 pou\u017e\u00edvanie s\u00faborov cookie?<\/strong><\/p>\n\n\n\n<p>Pou\u017e\u00edvanie s\u00faborov cookie je mo\u017en\u00e9 nastavi\u0165 pomocou v\u00e1\u0161ho internetov\u00e9ho prehliada\u010da. V\u00e4\u010d\u0161ina prehliada\u010dov s\u00fabory cookie automaticky prij\u00edma v z\u00e1kladnom nastaven\u00ed.<\/p>\n\n\n\n<p><strong>Registr\u00e1cia na str\u00e1nke<\/strong><\/p>\n\n\n\n<p>Vo v\u00e4\u010d\u0161ine pr\u00edpadov je mo\u017en\u00e9 pou\u017e\u00edva\u0165 a prehliada\u0165 webov\u00fa str\u00e1nku bez poskytnutia osobn\u00fdch \u00fadajov v zmysle z\u00e1kona \u010d. 122\/2013 Z.z. o ochrane osobn\u00fdch \u00fadajov.&nbsp;Iba pri niektor\u00fdch \u0161pecifick\u00fdch slu\u017eb\u00e1ch je po\u017eadovan\u00e1 registr\u00e1cia, pri ktorej pou\u017e\u00edvate\u013e poskytne svoje osobn\u00e9 \u00fadaje.&nbsp;V takomto pr\u00edpade poskytnutie osobn\u00fdch \u00fadajov&nbsp;a ak\u00fdchko\u013evek \u010fal\u0161\u00edch inform\u00e1ci\u00ed pou\u017e\u00edvate\u013eom&nbsp;pova\u017euje za udelenie s\u00fahlasu&nbsp;na spracov\u00e1vanie t\u00fdchto inform\u00e1ci\u00ed a osobn\u00fdch \u00fadajov na \u00fa\u010dely s\u00favisiace s&nbsp;aktivitami zabezpe\u010dovan\u00fdmi Enterprise Europe Network&nbsp;a to v rozsahu poskytnut\u00fdch osobn\u00fdch \u00fadajov a inform\u00e1cii a na dobu, pokia\u013e bude trva\u0165 \u00fa\u010del spracov\u00e1vania poskytnut\u00fdch osobn\u00fdch \u00fadajov a inform\u00e1ci\u00ed.<\/p>\n\n\n\n<p><strong>\u00dadaje uveden\u00e9 na str\u00e1nke<\/strong><\/p>\n\n\n\n<p>Pr\u00edprave tejto webovej str\u00e1nky sa d\u00f4sledne venuje t\u00edm Enterprise Europe Network a neust\u00e1le&nbsp;sa sna\u017e\u00ed zabezpe\u010dova\u0165&nbsp;presnos\u0165&nbsp;inform\u00e1ci\u00ed, av\u0161ak nie je mo\u017en\u00e9&nbsp;zaru\u010di\u0165 ani potvrdi\u0165&nbsp;ich vyhovuj\u00facu kvalitu alebo vhodnos\u0165 na ur\u010dit\u00fd \u00fa\u010del a tie\u017e zaru\u010di\u0165, \u017ee inform\u00e1cie a materi\u00e1ly nach\u00e1dzaj\u00face sa na tejto webovej str\u00e1nke s\u00fa bezchybn\u00e9 alebo presn\u00e9. V rozsahu, ktor\u00fd&nbsp;povo\u013euje platn\u00e1 legislat\u00edva, Enterprise Europe Network&nbsp;nenesie \u017eiadnu zodpovednos\u0165 za priame, nepriame alebo n\u00e1sledn\u00e9 \u0161kody alebo straty, spojen\u00e9 so vstupom a pou\u017eit\u00edm tejto webovej str\u00e1nky, ako aj za inform\u00e1cie a materi\u00e1ly, ktor\u00e9 obsahuje.<\/p>\n\n\n\n<p><strong>Eur\u00f3pska komisia a jej agent\u00fary<\/strong><\/p>\n\n\n\n<p>Eur\u00f3pska komisia, ani \u017eiadna osoba konaj\u00faca v mene Eur\u00f3pskej komisie nie je zodpovedn\u00e1 za pou\u017eitie inform\u00e1ci\u00ed obsiahnut\u00fdch na tejto str\u00e1nke. N\u00e1zory uveden\u00e9 na tejto str\u00e1nke s\u00fa n\u00e1zormi autora a nemusia nevyhnutne odr\u00e1\u017ea\u0165 politiky Eur\u00f3pskej komisie.T\u00e1to str\u00e1nka a jej tvorcovia nenes\u00fa&nbsp;\u017eiadnu zodpovednos\u0165 ani in\u00fdm sp\u00f4sobom neru\u010dia&nbsp;za konanie, rozhodnutia a in\u00e9 opatrenia uskuto\u010dnen\u00e9 Eur\u00f3pskou komisiou, jej org\u00e1nmi a\/alebo agent\u00farami ako aj pr\u00edjemcami a&nbsp;tret\u00edmi stranami.<\/p>","protected":false},"excerpt":{"rendered":"<p>S\u00fabory cookies Za \u00fa\u010delom zlep\u0161enia poskytovan\u00fdch slu\u017eieb pou\u017e\u00edvaj\u00fa str\u00e1nky Enterprise Europe Network Slovensko&nbsp;s\u00fabory cookie. Pou\u017e\u00edvan\u00edm s\u00faborov cookies nedoch\u00e1dza k poru\u0161ovaniu z\u00e1kona \u010d. 122\/2013 Z.z. o ochrane osobn\u00fdch \u00fadajov, nako\u013eko ich [&hellip;]<\/p>","protected":false},"author":1,"featured_media":0,"parent":0,"menu_order":0,"comment_status":"closed","ping_status":"open","template":"","meta":{"jetpack_post_was_ever_published":false,"footnotes":""},"class_list":["post-3","page","type-page","status-publish","hentry"],"yoast_head":"<!-- This site is optimized with the Yoast SEO plugin v26.0 - https:\/\/yoast.com\/wordpress\/plugins\/seo\/ -->\n<title>Z\u00e1sady ochrany osobn\u00fdch \u00fadajov - Enterprise Europe Network<\/title>\n<meta name=\"robots\" content=\"index, follow, max-snippet:-1, max-image-preview:large, max-video-preview:-1\" \/>\n<link rel=\"canonical\" href=\"https:\/\/www.een.sk\/en\/ochrana-sukromia\/\" \/>\n<meta property=\"og:locale\" content=\"en_GB\" \/>\n<meta property=\"og:type\" content=\"article\" \/>\n<meta property=\"og:title\" content=\"Z\u00e1sady ochrany osobn\u00fdch \u00fadajov - Enterprise Europe Network\" \/>\n<meta property=\"og:description\" content=\"S\u00fabory cookies Za \u00fa\u010delom zlep\u0161enia poskytovan\u00fdch slu\u017eieb pou\u017e\u00edvaj\u00fa str\u00e1nky Enterprise Europe Network Slovensko&nbsp;s\u00fabory cookie. Pou\u017e\u00edvan\u00edm s\u00faborov cookies nedoch\u00e1dza k poru\u0161ovaniu z\u00e1kona \u010d. 122\/2013 Z.z. o ochrane osobn\u00fdch \u00fadajov, nako\u013eko ich [&hellip;]\" \/>\n<meta property=\"og:url\" content=\"https:\/\/www.een.sk\/en\/ochrana-sukromia\/\" \/>\n<meta property=\"og:site_name\" content=\"Enterprise Europe Network\" \/>\n<meta property=\"article:modified_time\" content=\"2025-10-12T20:22:30+00:00\" \/>\n<meta name=\"twitter:card\" content=\"summary_large_image\" \/>\n<meta name=\"twitter:label1\" content=\"Estimated reading time\" \/>\n\t<meta name=\"twitter:data1\" content=\"3 minutes\" \/>\n<script type=\"application\/ld+json\" class=\"yoast-schema-graph\">{\"@context\":\"https:\/\/schema.org\",\"@graph\":[{\"@type\":\"WebPage\",\"@id\":\"https:\/\/www.een.sk\/ochrana-sukromia\",\"url\":\"https:\/\/www.een.sk\/ochrana-sukromia\",\"name\":\"Z\u00e1sady ochrany osobn\u00fdch \u00fadajov - Enterprise Europe Network\",\"isPartOf\":{\"@id\":\"https:\/\/www.een.sk\/#website\"},\"datePublished\":\"2025-10-01T16:00:19+00:00\",\"dateModified\":\"2025-10-12T20:22:30+00:00\",\"breadcrumb\":{\"@id\":\"https:\/\/www.een.sk\/ochrana-sukromia#breadcrumb\"},\"inLanguage\":\"en-GB\",\"potentialAction\":[{\"@type\":\"ReadAction\",\"target\":[\"https:\/\/www.een.sk\/ochrana-sukromia\"]}]},{\"@type\":\"BreadcrumbList\",\"@id\":\"https:\/\/www.een.sk\/ochrana-sukromia#breadcrumb\",\"itemListElement\":[{\"@type\":\"ListItem\",\"position\":1,\"name\":\"Domovsk\u00e1 str\u00e1nka\",\"item\":\"https:\/\/www.een.sk\/\"},{\"@type\":\"ListItem\",\"position\":2,\"name\":\"Z\u00e1sady ochrany osobn\u00fdch \u00fadajov\"}]},{\"@type\":\"WebSite\",\"@id\":\"https:\/\/www.een.sk\/#website\",\"url\":\"https:\/\/www.een.sk\/\",\"name\":\"Enterprise Europe Network\",\"description\":\"Pom\u00e1hame V\u00e1m inovova\u0165 a medzin\u00e1rodne r\u00e1s\u0165\",\"publisher\":{\"@id\":\"https:\/\/www.een.sk\/#organization\"},\"potentialAction\":[{\"@type\":\"SearchAction\",\"target\":{\"@type\":\"EntryPoint\",\"urlTemplate\":\"https:\/\/www.een.sk\/?s={search_term_string}\"},\"query-input\":{\"@type\":\"PropertyValueSpecification\",\"valueRequired\":true,\"valueName\":\"search_term_string\"}}],\"inLanguage\":\"en-GB\"},{\"@type\":\"Organization\",\"@id\":\"https:\/\/www.een.sk\/#organization\",\"name\":\"Enterprise Europe Network\",\"url\":\"https:\/\/www.een.sk\/\",\"logo\":{\"@type\":\"ImageObject\",\"inLanguage\":\"en-GB\",\"@id\":\"https:\/\/www.een.sk\/#\/schema\/logo\/image\/\",\"url\":\"https:\/\/www.een.sk\/wp-content\/uploads\/2025\/10\/EEN.png\",\"contentUrl\":\"https:\/\/www.een.sk\/wp-content\/uploads\/2025\/10\/EEN.png\",\"width\":851,\"height\":300,\"caption\":\"Enterprise Europe Network\"},\"image\":{\"@id\":\"https:\/\/www.een.sk\/#\/schema\/logo\/image\/\"}}]}<\/script>\n<!-- \/ Yoast SEO plugin. -->","yoast_head_json":{"title":"Z\u00e1sady ochrany osobn\u00fdch \u00fadajov - Enterprise Europe Network","robots":{"index":"index","follow":"follow","max-snippet":"max-snippet:-1","max-image-preview":"max-image-preview:large","max-video-preview":"max-video-preview:-1"},"canonical":"https:\/\/www.een.sk\/en\/ochrana-sukromia\/","og_locale":"en_GB","og_type":"article","og_title":"Z\u00e1sady ochrany osobn\u00fdch \u00fadajov - Enterprise Europe Network","og_description":"S\u00fabory cookies Za \u00fa\u010delom zlep\u0161enia poskytovan\u00fdch slu\u017eieb pou\u017e\u00edvaj\u00fa str\u00e1nky Enterprise Europe Network Slovensko&nbsp;s\u00fabory cookie. Pou\u017e\u00edvan\u00edm s\u00faborov cookies nedoch\u00e1dza k poru\u0161ovaniu z\u00e1kona \u010d. 122\/2013 Z.z. o ochrane osobn\u00fdch \u00fadajov, nako\u013eko ich [&hellip;]","og_url":"https:\/\/www.een.sk\/en\/ochrana-sukromia\/","og_site_name":"Enterprise Europe Network","article_modified_time":"2025-10-12T20:22:30+00:00","twitter_card":"summary_large_image","twitter_misc":{"Estimated reading time":"3 minutes"},"schema":{"@context":"https:\/\/schema.org","@graph":[{"@type":"WebPage","@id":"https:\/\/www.een.sk\/ochrana-sukromia","url":"https:\/\/www.een.sk\/ochrana-sukromia","name":"Z\u00e1sady ochrany osobn\u00fdch \u00fadajov - Enterprise Europe Network","isPartOf":{"@id":"https:\/\/www.een.sk\/#website"},"datePublished":"2025-10-01T16:00:19+00:00","dateModified":"2025-10-12T20:22:30+00:00","breadcrumb":{"@id":"https:\/\/www.een.sk\/ochrana-sukromia#breadcrumb"},"inLanguage":"en-GB","potentialAction":[{"@type":"ReadAction","target":["https:\/\/www.een.sk\/ochrana-sukromia"]}]},{"@type":"BreadcrumbList","@id":"https:\/\/www.een.sk\/ochrana-sukromia#breadcrumb","itemListElement":[{"@type":"ListItem","position":1,"name":"Domovsk\u00e1 str\u00e1nka","item":"https:\/\/www.een.sk\/"},{"@type":"ListItem","position":2,"name":"Z\u00e1sady ochrany osobn\u00fdch \u00fadajov"}]},{"@type":"WebSite","@id":"https:\/\/www.een.sk\/#website","url":"https:\/\/www.een.sk\/","name":"Enterprise Europe Network","description":"Pom\u00e1hame V\u00e1m inovova\u0165 a medzin\u00e1rodne r\u00e1s\u0165","publisher":{"@id":"https:\/\/www.een.sk\/#organization"},"potentialAction":[{"@type":"SearchAction","target":{"@type":"EntryPoint","urlTemplate":"https:\/\/www.een.sk\/?s={search_term_string}"},"query-input":{"@type":"PropertyValueSpecification","valueRequired":true,"valueName":"search_term_string"}}],"inLanguage":"en-GB"},{"@type":"Organization","@id":"https:\/\/www.een.sk\/#organization","name":"Enterprise Europe Network","url":"https:\/\/www.een.sk\/","logo":{"@type":"ImageObject","inLanguage":"en-GB","@id":"https:\/\/www.een.sk\/#\/schema\/logo\/image\/","url":"https:\/\/www.een.sk\/wp-content\/uploads\/2025\/10\/EEN.png","contentUrl":"https:\/\/www.een.sk\/wp-content\/uploads\/2025\/10\/EEN.png","width":851,"height":300,"caption":"Enterprise Europe Network"},"image":{"@id":"https:\/\/www.een.sk\/#\/schema\/logo\/image\/"}}]}},"jetpack_sharing_enabled":true,"_links":{"self":[{"href":"https:\/\/www.een.sk\/en\/wp-json\/wp\/v2\/pages\/3","targetHints":{"allow":["GET"]}}],"collection":[{"href":"https:\/\/www.een.sk\/en\/wp-json\/wp\/v2\/pages"}],"about":[{"href":"https:\/\/www.een.sk\/en\/wp-json\/wp\/v2\/types\/page"}],"author":[{"embeddable":true,"href":"https:\/\/www.een.sk\/en\/wp-json\/wp\/v2\/users\/1"}],"replies":[{"embeddable":true,"href":"https:\/\/www.een.sk\/en\/wp-json\/wp\/v2\/comments?post=3"}],"version-history":[{"count":1,"href":"https:\/\/www.een.sk\/en\/wp-json\/wp\/v2\/pages\/3\/revisions"}],"predecessor-version":[{"id":331,"href":"https:\/\/www.een.sk\/en\/wp-json\/wp\/v2\/pages\/3\/revisions\/331"}],"wp:attachment":[{"href":"https:\/\/www.een.sk\/en\/wp-json\/wp\/v2\/media?parent=3"}],"curies":[{"name":"wp","href":"https:\/\/api.w.org\/{rel}","templated":true}]}}